{"id":268123,"date":"2026-01-14T00:49:09","date_gmt":"2026-01-13T21:49:09","guid":{"rendered":"https:\/\/baldumarket.lt\/product\/szafka-stojaca-lewa-50x82-cm-junona-line-wenge-dab-sonoma\/"},"modified":"2026-02-11T18:17:58","modified_gmt":"2026-02-11T15:17:58","slug":"szafka-stojaca-lewa-50x82-cm-junona-line-wenge-dab-sonoma","status":"publish","type":"product","link":"https:\/\/baldumarket.lt\/lt\/product\/szafka-stojaca-lewa-50x82-cm-junona-line-wenge-dab-sonoma\/","title":{"rendered":"Kairin\u0117 spintel\u0117 50\u00d782 cm JUNONA LINE wenge\/sonoma \u0105\u017euolas"},"content":{"rendered":"<p>\u201eJunona Line 50\u00d782\u201c virtuv\u0117s spintel\u0117 yra prakti\u0161kas baldas, kuris puikiai tiks bet kurioje virtuv\u0117je, nepriklausomai nuo jos dyd\u017eio. D\u0117l prakti\u0161kos vidin\u0117s lentynos spintel\u0119 galite padalinti \u012f dvi zonas, tod\u0117l lengviau sutvarkyti virtuv\u0117s daiktus. Nepaisant 50\u00d782 cm matmen\u0173, \u0161i spintel\u0117 suteikia daug vietos tiek indams, tiek puodams. Tai kairiarankiams skirtas modelis, tai rei\u0161kia, kad durel\u0117s atsidaro \u012f kair\u0119. \u201eJunona Line\u201c kolekcijos spalv\u0173 gama su venge spalvos korpusais ir Sonoma \u0105\u017euolo fasadais sukuria modern\u0173 vaizd\u0105 su subtilia, minimalistine rankena. Verta pamin\u0117ti, kad stalvir\u0161iai n\u0117ra standartin\u0117 \u0161ios spintel\u0117s \u012franga; juos galima \u012fsigyti atskirai. Jei vertinate elegancij\u0105 ir prakti\u0161kum\u0105 savo virtuv\u0117je, \u201eJunona Line\u201c kolekcijos baldai gali pad\u0117ti jums sukurti funkcionali\u0105 ir stiling\u0105 virtuv\u0117s erdv\u0119. Taip pat galite derinti \u012fvairius \u0161ios kolekcijos elementus, kad pritaikytum\u0117te virtuv\u0119 savo poreikiams.<\/p>\n<p>Prek\u0117s kodas K24-D1D\/50\/82_L_BBL-WE\/DSO Simbolis ZM EAN Plotis 50 cm Gylis 47 cm Auk\u0161tis 82,5 cm Kolekcija Junona Line Spalva wenge\/sonoma \u0105\u017euolas Gaubtas \u0161viesi mediena Stilius modernus Korpusas laminatas Priekin\u0117 dalis laminatas Vir\u0161us be vir\u0161utin\u0117s dalies Dureli\u0173 skai\u010dius 1 dur\u0173 Stal\u010di\u0173 skai\u010dius be stal\u010di\u0173 Rankena su rankenomis Gamintojas Juoda Raudona Balta Baldo tipas Virtuv\u0117s spintel\u0117s PVM 23% EAN 5906123539821<\/p>","protected":false},"excerpt":{"rendered":"<p>\u201eJunona Line\u201c 50\u00d782 apatin\u0117 virtuv\u0117s spintel\u0117 yra prakti\u0161kas baldas, kuris puikiai tiks bet kurioje virtuv\u0117je, nepriklausomai nuo jos dyd\u017eio. D\u0117l prakti\u0161kos vidin\u0117s lentynos spintel\u0119 galite padalyti \u012f dvi zonas, tod\u0117l lengviau sutvarkyti virtuv\u0117s daiktus. Nepaisant 50\u00d782 cm matmen\u0173, \u0161i spintel\u0117 suteikia daug [\u2026]<\/p>","protected":false},"featured_media":268124,"comment_status":"open","ping_status":"open","template":"","meta":[],"product_brand":[],"product_cat":[9200,9118],"product_tag":[],"class_list":{"0":"post-268123","1":"product","2":"type-product","3":"status-publish","4":"has-post-thumbnail","6":"product_cat-black-red-white","7":"product_cat-kitchen-cabinets","9":"first","10":"instock","11":"purchasable","12":"product-type-simple"},"_links":{"self":[{"href":"https:\/\/baldumarket.lt\/lt\/wp-json\/wp\/v2\/product\/268123","targetHints":{"allow":["GET"]}}],"collection":[{"href":"https:\/\/baldumarket.lt\/lt\/wp-json\/wp\/v2\/product"}],"about":[{"href":"https:\/\/baldumarket.lt\/lt\/wp-json\/wp\/v2\/types\/product"}],"replies":[{"embeddable":true,"href":"https:\/\/baldumarket.lt\/lt\/wp-json\/wp\/v2\/comments?post=268123"}],"wp:featuredmedia":[{"embeddable":true,"href":"https:\/\/baldumarket.lt\/lt\/wp-json\/wp\/v2\/media\/268124"}],"wp:attachment":[{"href":"https:\/\/baldumarket.lt\/lt\/wp-json\/wp\/v2\/media?parent=268123"}],"wp:term":[{"taxonomy":"product_brand","embeddable":true,"href":"https:\/\/baldumarket.lt\/lt\/wp-json\/wp\/v2\/product_brand?post=268123"},{"taxonomy":"product_cat","embeddable":true,"href":"https:\/\/baldumarket.lt\/lt\/wp-json\/wp\/v2\/product_cat?post=268123"},{"taxonomy":"product_tag","embeddable":true,"href":"https:\/\/baldumarket.lt\/lt\/wp-json\/wp\/v2\/product_tag?post=268123"}],"curies":[{"name":"wp","href":"https:\/\/api.w.org\/{rel}","templated":true}]}}