{"id":26812,"date":"2025-11-14T17:40:28","date_gmt":"2025-11-14T14:40:28","guid":{"rendered":"https:\/\/baldumarket.lt\/product\/thiago\/"},"modified":"2026-03-24T16:36:06","modified_gmt":"2026-03-24T13:36:06","slug":"thiago","status":"publish","type":"product","link":"https:\/\/baldumarket.lt\/lt\/product\/thiago\/","title":{"rendered":"Tiagas"},"content":{"rendered":"<p>\u201eThiago\u201c \u2013 tai daugiafunkcin\u0117, eleganti\u0161ka ir erdvi U formos kampin\u0117 sofa, kuri bet kuriai svetainei gali suteikti prabangos. \u0160is auk\u0161tos kokyb\u0117s baldas spinduliuoja komfortu ir klase, i\u0161 dalies d\u0117l novatori\u0161ko HR putplas\u010dio, kuris padidina s\u0117dyn\u0117s elastingum\u0105 ir atsparum\u0105. 350 x 202 x 90 cm dyd\u017eio \u201eThiago\u201c si\u016blo ne tik komfort\u0105, bet ir ger\u0105 mieg\u0105 d\u0117l didelio miego pavir\u0161iaus. Delfino mechanizmas leid\u017eia paprastai ir be vargo i\u0161skleisti sof\u0105, paver\u010diant j\u0105 erdvia 125 x 265 cm dyd\u017eio lova. Be to, m\u016bs\u0173 kampin\u0117 sofa taip pat turi prakti\u0161k\u0105 ir erdv\u0173 patalyn\u0117s skyri\u0173 pufe. I\u0161skirtiniai \u0161io modelio bruo\u017eai: platus porankis, apmu\u0161tas atlo\u0161as, reguliuojamos galvos atramos, dekoratyvin\u0117 pagalv\u0117l\u0117 ir daugyb\u0117 variant\u0173 sodrioje spalv\u0173 palet\u0117je. Jei smalsu, k\u0105 dar gali pasi\u016blyti m\u016bs\u0173 \u201eThiago\u201c, kvie\u010diame i\u0161bandyti \u0161i\u0105 kampin\u0119 sof\u0105.<\/p>","protected":false},"excerpt":{"rendered":"<p>\u201eThiago\u201c \u2013 tai daugiafunkcin\u0117, eleganti\u0161ka ir erdvi U formos kampin\u0117 sofa, kuri gali suteikti prabangos bet kuriai svetainei. \u0160is auk\u0161tos kokyb\u0117s baldas spinduliuoja komfortu ir klase, i\u0161 dalies d\u0117l novatori\u0161ko HR putplas\u010dio, kuris padidina s\u0117dyn\u0117s elastingum\u0105 ir atsparum\u0105. 350 x 202 x 90 cm dyd\u017eio \u201eThiago\u201c si\u016blo ne tik [\u2026]<\/p>","protected":false},"featured_media":26813,"comment_status":"open","ping_status":"open","template":"","meta":[],"product_brand":[],"product_cat":[616,1982,2012,9191],"product_tag":[],"class_list":{"0":"post-26812","1":"product","2":"type-product","3":"status-publish","4":"has-post-thumbnail","6":"product_cat-corners","7":"product_cat-corners-u","8":"product_cat-eltap","9":"product_cat-corners-u-eltap","11":"first","12":"instock","13":"purchasable","14":"product-type-variable","15":"wvs-archive-product-wrapper"},"_links":{"self":[{"href":"https:\/\/baldumarket.lt\/lt\/wp-json\/wp\/v2\/product\/26812","targetHints":{"allow":["GET"]}}],"collection":[{"href":"https:\/\/baldumarket.lt\/lt\/wp-json\/wp\/v2\/product"}],"about":[{"href":"https:\/\/baldumarket.lt\/lt\/wp-json\/wp\/v2\/types\/product"}],"replies":[{"embeddable":true,"href":"https:\/\/baldumarket.lt\/lt\/wp-json\/wp\/v2\/comments?post=26812"}],"wp:featuredmedia":[{"embeddable":true,"href":"https:\/\/baldumarket.lt\/lt\/wp-json\/wp\/v2\/media\/26813"}],"wp:attachment":[{"href":"https:\/\/baldumarket.lt\/lt\/wp-json\/wp\/v2\/media?parent=26812"}],"wp:term":[{"taxonomy":"product_brand","embeddable":true,"href":"https:\/\/baldumarket.lt\/lt\/wp-json\/wp\/v2\/product_brand?post=26812"},{"taxonomy":"product_cat","embeddable":true,"href":"https:\/\/baldumarket.lt\/lt\/wp-json\/wp\/v2\/product_cat?post=26812"},{"taxonomy":"product_tag","embeddable":true,"href":"https:\/\/baldumarket.lt\/lt\/wp-json\/wp\/v2\/product_tag?post=26812"}],"curies":[{"name":"wp","href":"https:\/\/api.w.org\/{rel}","templated":true}]}}