{"id":268119,"date":"2026-01-14T00:49:06","date_gmt":"2026-01-13T21:49:06","guid":{"rendered":"https:\/\/baldumarket.lt\/product\/szafka-stojaca-lewa-50x82-cm-junona-line-bialy-jasny-szary-polysk\/"},"modified":"2026-02-11T18:17:58","modified_gmt":"2026-02-11T15:17:58","slug":"szafka-stojaca-lewa-50x82-cm-junona-line-bialy-jasny-szary-polysk","status":"publish","type":"product","link":"https:\/\/baldumarket.lt\/lt\/product\/szafka-stojaca-lewa-50x82-cm-junona-line-bialy-jasny-szary-polysk\/","title":{"rendered":"Kairin\u0117 spintel\u0117 50\u00d782 cm JUNONA LINE balta\/\u0161viesiai pilka blizgi"},"content":{"rendered":"<p>\u201eJunona Line\u201c apatin\u0117 spintel\u0117 50x82cm: prakti\u0161kas ir stilingas virtuv\u0117s baldas, puikiai tinkantis \u012fvairioms virtuv\u0117s erdv\u0117ms. Prakti\u0161ka lentyna padeda sutvarkyti virtuv\u0117s reikmenis ir daiktus, padalijus spintel\u0117s vid\u0173 \u012f dvi dalis. \u0160is sprendimas leid\u017eia lengvai atskirti ir laikyti da\u017enai ir re\u010diau naudojamus daiktus. Nepaisant kompakti\u0161k\u0173 50x82cm matmen\u0173, \u0161i spintel\u0117 yra universali ir funkcionali, puikiai tinkanti net ma\u017eoms virtuv\u0117ms. Tai kairinis modelis, kurio fasadai atsidaro \u012f kair\u0119. D\u0117l \u0161io dizaino ji puikiai tinka po stalvir\u0161iu, tod\u0117l virtuv\u0117s reikmenis galite laikyti \u0161alia orkait\u0117s, kriaukl\u0117s ir \u0161iuk\u0161liad\u0117\u017e\u0117s. Tai leid\u017eia pilnai i\u0161naudoti turim\u0105 erdv\u0119, ypa\u010d ma\u017eose virtuv\u0117se. Jei vertinate modern\u0173 dizain\u0105 ir funkcionalum\u0105, \u201eJunona Line\u201c kolekcijos spintel\u0117 yra puikus pasirinkimas. Baltas korpusas ir \u0161viesiai pilki blizg\u016bs fasadai suteikia spintelei modern\u0173 ir stiling\u0105 vaizd\u0105. Be to, stalvir\u0161iai gali b\u016bti pasirenkami kaip papildoma \u012franga. \u201eJunona Line\u201c kolekcijos virtuv\u0117s baldai leid\u017eia lanks\u010diai i\u0161d\u0117styti virtuv\u0117s erdv\u0119, nepriklausomai nuo jos dyd\u017eio. Galite derinti \u012fvairius kolekcijos elementus, kad pritaikytum\u0117te baldus savo individualiems poreikiams ir sukurtum\u0117te prakti\u0161k\u0105 bei esteti\u0161kai patraukli\u0105 virtuv\u0119.<\/p>\n<p>Prek\u0117s kodas K24-D1D\/50\/82_L_BBL-BI\/JSZP Simbolis ZM EAN Plotis 50 cm Gylis 47 cm Auk\u0161tis 82,5 cm Kolekcija Junona Line Spalva balta\/\u0161viesiai pilka blizgi Pilka atspalvis Stilius modernus Korpusas laminatas Priekin\u0117 dalis laminatas Vir\u0161us be vir\u0161utin\u0117s dalies Dureli\u0173 skai\u010dius 1 dur\u0173 Stal\u010di\u0173 skai\u010dius be stal\u010di\u0173 Rankena su rankenomis Gamintojas Juoda Raudona Balta Baldo tipas Virtuv\u0117s spintel\u0117s PVM 23% EAN 5906123539807<\/p>","protected":false},"excerpt":{"rendered":"<p>\u201eJunona Line\u201c apatin\u0117 spintel\u0117 50x82 cm: prakti\u0161kas ir stilingas virtuv\u0117s baldas, puikiai tinkantis \u012fvairioms virtuv\u0117s erdv\u0117ms. Prakti\u0161ka lentyna padeda sutvarkyti virtuv\u0117s reikmenis ir daiktus, padalydama spintel\u0117s vid\u0173 \u012f dvi dalis. \u0160is sprendimas leid\u017eia lengvai atskirti ir laikyti da\u017enai ir re\u010diau naudojamus daiktus. Nepaisant kompakti\u0161ko [\u2026]<\/p>","protected":false},"featured_media":268120,"comment_status":"open","ping_status":"open","template":"","meta":[],"product_brand":[],"product_cat":[9200,9118],"product_tag":[],"class_list":{"0":"post-268119","1":"product","2":"type-product","3":"status-publish","4":"has-post-thumbnail","6":"product_cat-black-red-white","7":"product_cat-kitchen-cabinets","9":"first","10":"instock","11":"purchasable","12":"product-type-simple"},"_links":{"self":[{"href":"https:\/\/baldumarket.lt\/lt\/wp-json\/wp\/v2\/product\/268119","targetHints":{"allow":["GET"]}}],"collection":[{"href":"https:\/\/baldumarket.lt\/lt\/wp-json\/wp\/v2\/product"}],"about":[{"href":"https:\/\/baldumarket.lt\/lt\/wp-json\/wp\/v2\/types\/product"}],"replies":[{"embeddable":true,"href":"https:\/\/baldumarket.lt\/lt\/wp-json\/wp\/v2\/comments?post=268119"}],"wp:featuredmedia":[{"embeddable":true,"href":"https:\/\/baldumarket.lt\/lt\/wp-json\/wp\/v2\/media\/268120"}],"wp:attachment":[{"href":"https:\/\/baldumarket.lt\/lt\/wp-json\/wp\/v2\/media?parent=268119"}],"wp:term":[{"taxonomy":"product_brand","embeddable":true,"href":"https:\/\/baldumarket.lt\/lt\/wp-json\/wp\/v2\/product_brand?post=268119"},{"taxonomy":"product_cat","embeddable":true,"href":"https:\/\/baldumarket.lt\/lt\/wp-json\/wp\/v2\/product_cat?post=268119"},{"taxonomy":"product_tag","embeddable":true,"href":"https:\/\/baldumarket.lt\/lt\/wp-json\/wp\/v2\/product_tag?post=268119"}],"curies":[{"name":"wp","href":"https:\/\/api.w.org\/{rel}","templated":true}]}}