{"id":26808,"date":"2025-11-14T17:40:20","date_gmt":"2025-11-14T14:40:20","guid":{"rendered":"https:\/\/baldumarket.lt\/product\/stolik-verto\/"},"modified":"2026-03-24T18:20:05","modified_gmt":"2026-03-24T15:20:05","slug":"stolik-verto","status":"publish","type":"product","link":"https:\/\/baldumarket.lt\/lt\/product\/stolik-verto\/","title":{"rendered":"Verto stalas"},"content":{"rendered":"<p>\u201eVerto\u201c \u2013 puikus baldas \u012fdomi\u0173 interjero dizain\u0173 ir unikali\u0173 apdailos element\u0173 m\u0117g\u0117jams. \u0160is unikalus stalas yra 100 x 60 x 45 cm dyd\u017eio ir pasi\u017eymi i\u0161skirtinai eleganti\u0161ku, 4 mm storio stikliniu stalvir\u0161iu. Pagrindiniai jo i\u0161skirtiniai bruo\u017eai \u2013 juodas plieninis r\u0117mas, paprastas dizainas, tvirta, skoninga apdaila ir patogus pagrindas, kuris tarnauja kaip lentyna. Visi \u0161ie elementai tikrai pritrauks d\u0117mes\u012f. \u201eVerto\u201c taip pat yra lengvo surinkimo, tvirtos konstrukcijos ir unikalios apdailos, kuri tarnaus ilgus metus, sinonimas. \u201eVerto\u201c tiesiog vertas \u012fsigijimo!<\/p>","protected":false},"excerpt":{"rendered":"<p>\u201eVerto\u201c \u2013 puikus baldas \u012fdomi\u0173 interjero dizain\u0173 ir unikali\u0173 apdail\u0173 m\u0117g\u0117jams. \u0160is unikalus stalas yra 100 x 60 x 45 cm dyd\u017eio ir pasi\u017eymi i\u0161skirtinai eleganti\u0161ku, 4 mm storio stikliniu stalvir\u0161iu. Pagrindiniai jo i\u0161skirtiniai bruo\u017eai \u2013 juodas plieninis r\u0117mas, paprastas dizainas, tvirta, skoninga apdaila ir patogus pagrindas, kuris tarnauja [\u2026]<\/p>","protected":false},"featured_media":26809,"comment_status":"open","ping_status":"open","template":"","meta":[],"product_brand":[],"product_cat":[866,2012,9176],"product_tag":[],"class_list":{"0":"post-26808","1":"product","2":"type-product","3":"status-publish","4":"has-post-thumbnail","6":"product_cat-coffee-tables","7":"product_cat-eltap","8":"product_cat-coffee-tables-eltap","10":"first","11":"instock","12":"purchasable","13":"product-type-simple"},"_links":{"self":[{"href":"https:\/\/baldumarket.lt\/lt\/wp-json\/wp\/v2\/product\/26808","targetHints":{"allow":["GET"]}}],"collection":[{"href":"https:\/\/baldumarket.lt\/lt\/wp-json\/wp\/v2\/product"}],"about":[{"href":"https:\/\/baldumarket.lt\/lt\/wp-json\/wp\/v2\/types\/product"}],"replies":[{"embeddable":true,"href":"https:\/\/baldumarket.lt\/lt\/wp-json\/wp\/v2\/comments?post=26808"}],"wp:featuredmedia":[{"embeddable":true,"href":"https:\/\/baldumarket.lt\/lt\/wp-json\/wp\/v2\/media\/26809"}],"wp:attachment":[{"href":"https:\/\/baldumarket.lt\/lt\/wp-json\/wp\/v2\/media?parent=26808"}],"wp:term":[{"taxonomy":"product_brand","embeddable":true,"href":"https:\/\/baldumarket.lt\/lt\/wp-json\/wp\/v2\/product_brand?post=26808"},{"taxonomy":"product_cat","embeddable":true,"href":"https:\/\/baldumarket.lt\/lt\/wp-json\/wp\/v2\/product_cat?post=26808"},{"taxonomy":"product_tag","embeddable":true,"href":"https:\/\/baldumarket.lt\/lt\/wp-json\/wp\/v2\/product_tag?post=26808"}],"curies":[{"name":"wp","href":"https:\/\/api.w.org\/{rel}","templated":true}]}}