{"id":268058,"date":"2026-01-14T00:48:13","date_gmt":"2026-01-13T21:48:13","guid":{"rendered":"https:\/\/baldumarket.lt\/product\/szafka-stojaca-60x82-cm-junona-line-wenge-dab-sonoma\/"},"modified":"2026-02-11T18:18:00","modified_gmt":"2026-02-11T15:18:00","slug":"szafka-stojaca-60x82-cm-junona-line-wenge-dab-sonoma","status":"publish","type":"product","link":"https:\/\/baldumarket.lt\/lt\/product\/szafka-stojaca-60x82-cm-junona-line-wenge-dab-sonoma\/","title":{"rendered":"Pastatoma spintel\u0117 60\u00d782 cm JUNONA LINE wenge\/sonoma \u0105\u017euolo spalvos"},"content":{"rendered":"<p>\u201eJunona Line\u201c apatin\u0117 spintel\u0117 60 \u00d7 82. Ne\u012fkainojamas virtuv\u0117s elementas, galintis supaprastinti erdv\u0117s organizavim\u0105 ir kasdien\u012f gyvenim\u0105. \u0160i erdvi 60 \u00d7 82 cm spintel\u0117 puikiai tinka tiek ma\u017eesn\u0117ms, tiek didesn\u0117ms virtuv\u0117ms. Prakti\u0161ka lentyna padalija spintel\u0119 \u012f dvi zonas, tod\u0117l galima atskirai laikyti kasdienius ir re\u010diau naudojamus daiktus. Stalvir\u0161is prie \u0161ios spintel\u0117s nepridedamas ir j\u012f reik\u0117s \u012fsigyti atskirai. Tai svarbus aspektas planuojant virtuv\u0119. \u201eJunona Line\u201c virtuv\u0117s bald\u0173 dizainas yra eleganti\u0161kas ir nesenstantis. Wenge spalvos spintel\u0117s korpusas ir Sonoma \u0105\u017euolo spalvos fasadas suteikia jai modernumo. Paprasta rankena suteikia modernumo. \u0160ioje spintel\u0117je galite tvarkingai ir lengvai laikyti reikmenis, indus, puodus ir kitus virtuv\u0117s reikmenis. Jei jums labiau patinka virtuv\u0117s su klasikine elegancija ir moderniu prisilietimu, \u201eJunona Line\u201c kolekcija yra puikus pasirinkimas. Kiti kolekcijos baldai gali b\u016bti derinami su \u0161ia spintele, kad b\u016bt\u0173 sukurta darni virtuv\u0117s erdv\u0117. Tai pavers j\u016bs\u0173 virtuv\u0119 funkcionalia ir gra\u017eia j\u016bs\u0173 nam\u0173 dalimi.<\/p>\n<p>Prek\u0117s kodas K24-D2D\/60\/82_BBL-WE\/DSO Simbolis ZM EAN Plotis 60 cm Gylis 47 cm Auk\u0161tis 82,5 cm Kolekcija Junona Line Spalva wenge\/sonoma \u0105\u017euolas Gaubtas \u0161viesi mediena Stilius modernus Korpusas laminatas Priekin\u0117 dalis laminatas Vir\u0161us be vir\u0161utin\u0117s dalies Dureli\u0173 skai\u010dius 2 dur\u0173 Stal\u010di\u0173 skai\u010dius be stal\u010di\u0173 Rankena su rankenomis Gamintojas Juoda Raudona Balta Baldo tipas Virtuv\u0117s spintel\u0117s PVM 23% EAN 5906123540346<\/p>","protected":false},"excerpt":{"rendered":"<p>\u201eJunona Line\u201c apatin\u0117 spintel\u0117 60 \u00d7 82 cm. Ne\u012fkainojamas virtuv\u0117s elementas, galintis supaprastinti erdv\u0117s organizavim\u0105 ir kasdien\u012f gyvenim\u0105. \u0160i erdvi 60 \u00d7 82 cm spintel\u0117 puikiai tinka tiek ma\u017eesn\u0117ms, tiek didesn\u0117ms virtuv\u0117ms. Prakti\u0161ka lentyna padalija spintel\u0119 \u012f dvi zonas, tod\u0117l galima atskirai laikyti kasdienius ir re\u010diau naudojamus daiktus. [\u2026]<\/p>","protected":false},"featured_media":268059,"comment_status":"open","ping_status":"open","template":"","meta":[],"product_brand":[],"product_cat":[9200,9118],"product_tag":[],"class_list":{"0":"post-268058","1":"product","2":"type-product","3":"status-publish","4":"has-post-thumbnail","6":"product_cat-black-red-white","7":"product_cat-kitchen-cabinets","9":"first","10":"instock","11":"purchasable","12":"product-type-simple"},"_links":{"self":[{"href":"https:\/\/baldumarket.lt\/lt\/wp-json\/wp\/v2\/product\/268058","targetHints":{"allow":["GET"]}}],"collection":[{"href":"https:\/\/baldumarket.lt\/lt\/wp-json\/wp\/v2\/product"}],"about":[{"href":"https:\/\/baldumarket.lt\/lt\/wp-json\/wp\/v2\/types\/product"}],"replies":[{"embeddable":true,"href":"https:\/\/baldumarket.lt\/lt\/wp-json\/wp\/v2\/comments?post=268058"}],"wp:featuredmedia":[{"embeddable":true,"href":"https:\/\/baldumarket.lt\/lt\/wp-json\/wp\/v2\/media\/268059"}],"wp:attachment":[{"href":"https:\/\/baldumarket.lt\/lt\/wp-json\/wp\/v2\/media?parent=268058"}],"wp:term":[{"taxonomy":"product_brand","embeddable":true,"href":"https:\/\/baldumarket.lt\/lt\/wp-json\/wp\/v2\/product_brand?post=268058"},{"taxonomy":"product_cat","embeddable":true,"href":"https:\/\/baldumarket.lt\/lt\/wp-json\/wp\/v2\/product_cat?post=268058"},{"taxonomy":"product_tag","embeddable":true,"href":"https:\/\/baldumarket.lt\/lt\/wp-json\/wp\/v2\/product_tag?post=268058"}],"curies":[{"name":"wp","href":"https:\/\/api.w.org\/{rel}","templated":true}]}}