{"id":268046,"date":"2026-01-14T00:48:04","date_gmt":"2026-01-13T21:48:04","guid":{"rendered":"https:\/\/baldumarket.lt\/product\/szafka-stojaca-60x82-cm-junona-line-bialy-grafit\/"},"modified":"2026-02-11T18:18:00","modified_gmt":"2026-02-11T15:18:00","slug":"szafka-stojaca-60x82-cm-junona-line-bialy-grafit","status":"publish","type":"product","link":"https:\/\/baldumarket.lt\/lt\/product\/szafka-stojaca-60x82-cm-junona-line-bialy-grafit\/","title":{"rendered":"Pastatoma spintel\u0117 60&#215;82 cm JUNONA LINE balta\/grafito spalvos"},"content":{"rendered":"<p>\u201eJunona Line\u201c apatin\u0117 spintel\u0117 60 \u00d7 82. Ne\u012fkainojamas virtuv\u0117s elementas, galintis supaprastinti erdv\u0117s organizavim\u0105 ir kasdien\u012f gyvenim\u0105. \u0160i erdvi 60 \u00d7 82 cm spintel\u0117 puikiai tinka tiek ma\u017eesn\u0117ms, tiek didesn\u0117ms virtuv\u0117ms. Prakti\u0161ka lentyna padalija spintel\u0119 \u012f dvi zonas, tod\u0117l galima atskirai laikyti kasdienius ir re\u010diau naudojamus daiktus. Stalvir\u0161is prie \u0161ios spintel\u0117s nepridedamas ir j\u012f reik\u0117s \u012fsigyti atskirai. Tai svarbus aspektas planuojant virtuv\u0119. \u201eJunona Line\u201c virtuv\u0117s bald\u0173 dizainas yra eleganti\u0161kas ir nesenstantis. Baltas spintel\u0117s korpusas ir grafito spalvos fasadas suteikia jai modernumo. Paprasta rankena suteikia modernumo. \u0160ioje spintel\u0117je galite tvarkingai ir lengvai laikyti reikmenis, indus, puodus ir kitus virtuv\u0117s reikmenis. Jei jums labiau patinka virtuv\u0117s su klasikine elegancija ir moderniu prisilietimu, \u201eJunona Line\u201c kolekcija yra puikus pasirinkimas. Kiti kolekcijos baldai gali b\u016bti derinami su \u0161ia spintele, kad b\u016bt\u0173 sukurta darni virtuv\u0117s erdv\u0117. Tai pavers j\u016bs\u0173 virtuv\u0119 funkcionalia ir gra\u017eia j\u016bs\u0173 nam\u0173 dalimi.<\/p>\n<p>Prek\u0117s kodas K24-D2D\/60\/82_BBL-BI\/GF Simbolis ZM EAN Plotis 60 cm Gylis 47 cm Auk\u0161tis 82,5 cm Kolekcija Junona Line Spalva balta\/grafito Grafito atspalvis Stilius klasikinis Korpusas laminatas Priekin\u0117 pl\u0117vel\u0117 Vir\u0161us be vir\u0161utin\u0117s dalies Dureli\u0173 skai\u010dius 2 dur\u0173 Stal\u010di\u0173 skai\u010dius be stal\u010di\u0173 Rankena su rankenomis Gamintojas Juoda Raudona Balta Baldo tipas Virtuv\u0117s spintel\u0117s PVM 23% EAN 5906123540308<\/p>","protected":false},"excerpt":{"rendered":"<p>Junona Line Base Cabinet 60&#215;82. An invaluable kitchen element that can streamline space organization and simplify everyday life. This spacious 60&#215;82 cm cabinet is a perfect solution for both smaller and larger kitchens. A practical shelf divides the cabinet into two zones, allowing for separate storage of everyday items and those you use less frequently. [&hellip;]<\/p>","protected":false},"featured_media":268047,"comment_status":"open","ping_status":"open","template":"","meta":[],"product_brand":[],"product_cat":[9200,9118],"product_tag":[],"class_list":{"0":"post-268046","1":"product","2":"type-product","3":"status-publish","4":"has-post-thumbnail","6":"product_cat-black-red-white","7":"product_cat-kitchen-cabinets","9":"first","10":"instock","11":"purchasable","12":"product-type-simple"},"_links":{"self":[{"href":"https:\/\/baldumarket.lt\/lt\/wp-json\/wp\/v2\/product\/268046","targetHints":{"allow":["GET"]}}],"collection":[{"href":"https:\/\/baldumarket.lt\/lt\/wp-json\/wp\/v2\/product"}],"about":[{"href":"https:\/\/baldumarket.lt\/lt\/wp-json\/wp\/v2\/types\/product"}],"replies":[{"embeddable":true,"href":"https:\/\/baldumarket.lt\/lt\/wp-json\/wp\/v2\/comments?post=268046"}],"wp:featuredmedia":[{"embeddable":true,"href":"https:\/\/baldumarket.lt\/lt\/wp-json\/wp\/v2\/media\/268047"}],"wp:attachment":[{"href":"https:\/\/baldumarket.lt\/lt\/wp-json\/wp\/v2\/media?parent=268046"}],"wp:term":[{"taxonomy":"product_brand","embeddable":true,"href":"https:\/\/baldumarket.lt\/lt\/wp-json\/wp\/v2\/product_brand?post=268046"},{"taxonomy":"product_cat","embeddable":true,"href":"https:\/\/baldumarket.lt\/lt\/wp-json\/wp\/v2\/product_cat?post=268046"},{"taxonomy":"product_tag","embeddable":true,"href":"https:\/\/baldumarket.lt\/lt\/wp-json\/wp\/v2\/product_tag?post=268046"}],"curies":[{"name":"wp","href":"https:\/\/api.w.org\/{rel}","templated":true}]}}