{"id":26804,"date":"2025-11-14T17:40:12","date_gmt":"2025-11-14T14:40:12","guid":{"rendered":"https:\/\/baldumarket.lt\/product\/stolik-merala\/"},"modified":"2026-03-24T18:20:05","modified_gmt":"2026-03-24T15:20:05","slug":"stolik-merala","status":"publish","type":"product","link":"https:\/\/baldumarket.lt\/lt\/product\/stolik-merala\/","title":{"rendered":"Meralos stalas"},"content":{"rendered":"<p>\u201eMerala\u201c \u2013 tai ma\u017eas, ta\u010diau \u012fdomus ir originalus pramoninio stiliaus stalas, kuris \u017eavi savo forma ir paprastumu. Jo matmenys, 65 x 65 x 35 centimetrai, tinka bet kokio dyd\u017eio kambariui. M\u016bs\u0173 stalas yra auk\u0161tos kokyb\u0117s apdailos, su 4 mm stiklo stalvir\u0161iu, kuris suteikia visai konstrukcijai elegancijos. Paprast\u0105, unikali\u0105 form\u0105 papildo juoda apdaila. J\u012f taip pat lengva surinkti. \u201eMerala\u201c \u2013 tai originalus ir netradicinis sprendimas tiems, kurie m\u0117gsta derinti paprastas formas su dizainerio apdaila. Rekomenduojame per\u017ei\u016br\u0117ti m\u016bs\u0173 \u201eMerala\u201c stal\u0105, kad patiems \u012fsitikintum\u0117te jo patikimumu.<\/p>","protected":false},"excerpt":{"rendered":"<p>\u201eMerala\u201c \u2013 ma\u017eas, ta\u010diau \u012fdomus ir originalus pramoninio stiliaus stalas, kuris \u017eavi savo forma ir paprastumu. D\u0117l 65 x 65 x 35 centimetr\u0173 matmen\u0173 jis tinka bet kokio dyd\u017eio kambariui. M\u016bs\u0173 stalas yra auk\u0161tos kokyb\u0117s apdailos, su 4 mm stiklo stalvir\u0161iu, kuris suteikia elegancijos visam stalui [\u2026]<\/p>","protected":false},"featured_media":26805,"comment_status":"open","ping_status":"open","template":"","meta":[],"product_brand":[],"product_cat":[866,2012,9176],"product_tag":[],"class_list":{"0":"post-26804","1":"product","2":"type-product","3":"status-publish","4":"has-post-thumbnail","6":"product_cat-coffee-tables","7":"product_cat-eltap","8":"product_cat-coffee-tables-eltap","10":"first","11":"instock","12":"purchasable","13":"product-type-simple"},"_links":{"self":[{"href":"https:\/\/baldumarket.lt\/lt\/wp-json\/wp\/v2\/product\/26804","targetHints":{"allow":["GET"]}}],"collection":[{"href":"https:\/\/baldumarket.lt\/lt\/wp-json\/wp\/v2\/product"}],"about":[{"href":"https:\/\/baldumarket.lt\/lt\/wp-json\/wp\/v2\/types\/product"}],"replies":[{"embeddable":true,"href":"https:\/\/baldumarket.lt\/lt\/wp-json\/wp\/v2\/comments?post=26804"}],"wp:featuredmedia":[{"embeddable":true,"href":"https:\/\/baldumarket.lt\/lt\/wp-json\/wp\/v2\/media\/26805"}],"wp:attachment":[{"href":"https:\/\/baldumarket.lt\/lt\/wp-json\/wp\/v2\/media?parent=26804"}],"wp:term":[{"taxonomy":"product_brand","embeddable":true,"href":"https:\/\/baldumarket.lt\/lt\/wp-json\/wp\/v2\/product_brand?post=26804"},{"taxonomy":"product_cat","embeddable":true,"href":"https:\/\/baldumarket.lt\/lt\/wp-json\/wp\/v2\/product_cat?post=26804"},{"taxonomy":"product_tag","embeddable":true,"href":"https:\/\/baldumarket.lt\/lt\/wp-json\/wp\/v2\/product_tag?post=26804"}],"curies":[{"name":"wp","href":"https:\/\/api.w.org\/{rel}","templated":true}]}}