{"id":268038,"date":"2026-01-14T00:47:57","date_gmt":"2026-01-13T21:47:57","guid":{"rendered":"https:\/\/baldumarket.lt\/product\/szafka-rtv-z-trzema-szufladami-ruso-149-cm-dab-april-perlowy-polysk\/"},"modified":"2026-02-11T18:18:00","modified_gmt":"2026-02-11T15:18:00","slug":"szafka-rtv-z-trzema-szufladami-ruso-149-cm-dab-april-perlowy-polysk","status":"publish","type":"product","link":"https:\/\/baldumarket.lt\/lt\/product\/szafka-rtv-z-trzema-szufladami-ruso-149-cm-dab-april-perlowy-polysk\/","title":{"rendered":"TV spintel\u0117 su trimis stal\u010diais RUSO 149 cm, \u0105\u017euolo spalva (april), perl\u0173 blizgesys"},"content":{"rendered":"<p>\u201eRuso\u201c televizoriaus staliukas \u2013 daugiau nei tik multimedijos prietaisas. \u201eRuso\u201c kolekcija si\u016blo daugyb\u0119 galimybi\u0173 susikurti svajoni\u0173, klasikin\u012f svetain\u0117s i\u0161d\u0117stym\u0105, o \u201eRuso\u201c televizoriaus staliukas vaidina svarb\u0173 vaidmen\u012f. \u0160tai kod\u0117l verta apsvarstyti \u0161\u012f gamin\u012f: svetain\u0117 da\u017enai yra pramog\u0173 zona, o \u201eRuso\u201c televizoriaus staliukas gali tapti \u0161ios erdv\u0117s traukos centru. Ant jo vir\u0161aus galite pastatyti televizori\u0173, o trys kompakti\u0161ki stal\u010diai suteikia vietos smulkiems daiktams laikyti. Dvi atviros lentynos puikiai tinka pried\u0117liams ir kitiems multimedijos \u012frenginiams eksponuoti. R\u016bpinantis elektronine \u012franga, svarbu u\u017etikrinti tinkam\u0105 oro cirkuliacij\u0105. \u0160tai kod\u0117l \u201eRuso\u201c televizoriaus staliukas turi dvi ventiliacijos angas, pro kurias galite i\u0161vesti laidus, palaikydami tvark\u0105 erdv\u0117je. Matin\u0117s juodos spalvos fasadai sukuria ry\u0161k\u0173 kontrast\u0105 su \u201eApril Oak\u201c korpusu. Matoma medienos tekst\u016bra suteikia nat\u016bralaus gro\u017eio ir charakterio. Cokolin\u0117s plok\u0161t\u0117s ir priekin\u0117s i\u0161pjovos tarnauja kaip dekoratyviniai elementai ir suteikia \u201eRuso\u201c televizoriaus staliukui rafinuot\u0105 i\u0161vaizd\u0105. \u0160ios \u012fpjovos taip pat tarnauja kaip rankenos, tod\u0117l stal\u010dius lengviau atidaryti. Komplekte yra lavos matin\u0117s spalvos juostel\u0117, kuri\u0105 galima sumontuoti \u012f fasad\u0173 \u012fpjovas, suteikiant spintelei dar eleganti\u0161kesn\u0119 i\u0161vaizd\u0105. Stal\u010diai apr\u016bpinti dalinio i\u0161traukimo b\u0117geliais, kurie neleid\u017eia jiems i\u0161kristi ir u\u017etikrina patog\u0173 naudojim\u0105. \u201eRuso\u201c televizoriaus staliuk\u0105 galima derinti su kitais \u201eRuso\u201c kolekcijos baldais, sukuriant darni\u0105 ir funkcionali\u0105 erdv\u0119 svetain\u0117je. Trumpai tariant, \u201eRuso\u201c televizoriaus staliukas yra ne tik vieta televizoriui ir multimedijos sistemai, bet ir eleganti\u0161kas bei funkcionalus baldas, suteikiantis j\u016bs\u0173 svetainei charakterio. D\u0117l kontrasting\u0173 spalv\u0173, kruop\u0161taus detali\u0173 ir daugyb\u0117s \u201eRuso\u201c kolekcijos i\u0161d\u0117stymo galimybi\u0173 galite susikurti svetain\u0119, kuri atspind\u0117t\u0173 j\u016bs\u0173 gyvenimo b\u016bd\u0105 ir atitikt\u0173 j\u016bs\u0173 poreikius.<\/p>\n<p>Product code S407-RTV3S-DARL\/PEP Symbol ZM EAN Width 149 cm Depth 45.5 cm Height 59 cm Collection Ruso Color april oak\/pearl gloss Shade dark wood Style modern Material laminate Number of doors without doors Number of drawers 3-drawers Handle without handles Manufacturer Black Red White Type of furniture TV cabinets VAT 23% EAN 5906123944847<\/p>","protected":false},"excerpt":{"rendered":"<p>The Ruso TV Stand \u2013 More Than Just a Multimedia Piece. The Ruso collection offers many possibilities for creating your dream, classic living room arrangement, and the Ruso TV stand plays a key role in it. Here&#8217;s why it&#8217;s worth considering this piece: The living room is often an entertainment zone, and the Ruso TV [&hellip;]<\/p>","protected":false},"featured_media":268039,"comment_status":"open","ping_status":"open","template":"","meta":[],"product_brand":[],"product_cat":[9200,1175],"product_tag":[],"class_list":{"0":"post-268038","1":"product","2":"type-product","3":"status-publish","4":"has-post-thumbnail","6":"product_cat-black-red-white","7":"product_cat-tv-stands","9":"first","10":"instock","11":"purchasable","12":"product-type-simple"},"_links":{"self":[{"href":"https:\/\/baldumarket.lt\/lt\/wp-json\/wp\/v2\/product\/268038","targetHints":{"allow":["GET"]}}],"collection":[{"href":"https:\/\/baldumarket.lt\/lt\/wp-json\/wp\/v2\/product"}],"about":[{"href":"https:\/\/baldumarket.lt\/lt\/wp-json\/wp\/v2\/types\/product"}],"replies":[{"embeddable":true,"href":"https:\/\/baldumarket.lt\/lt\/wp-json\/wp\/v2\/comments?post=268038"}],"wp:featuredmedia":[{"embeddable":true,"href":"https:\/\/baldumarket.lt\/lt\/wp-json\/wp\/v2\/media\/268039"}],"wp:attachment":[{"href":"https:\/\/baldumarket.lt\/lt\/wp-json\/wp\/v2\/media?parent=268038"}],"wp:term":[{"taxonomy":"product_brand","embeddable":true,"href":"https:\/\/baldumarket.lt\/lt\/wp-json\/wp\/v2\/product_brand?post=268038"},{"taxonomy":"product_cat","embeddable":true,"href":"https:\/\/baldumarket.lt\/lt\/wp-json\/wp\/v2\/product_cat?post=268038"},{"taxonomy":"product_tag","embeddable":true,"href":"https:\/\/baldumarket.lt\/lt\/wp-json\/wp\/v2\/product_tag?post=268038"}],"curies":[{"name":"wp","href":"https:\/\/api.w.org\/{rel}","templated":true}]}}