{"id":268026,"date":"2026-01-14T00:47:44","date_gmt":"2026-01-13T21:47:44","guid":{"rendered":"https:\/\/baldumarket.lt\/product\/szafka-rtv-z-trzema-szufladami-gent-200-cm-dab-stirling\/"},"modified":"2026-02-11T18:18:01","modified_gmt":"2026-02-11T15:18:01","slug":"szafka-rtv-z-trzema-szufladami-gent-200-cm-dab-stirling","status":"publish","type":"product","link":"https:\/\/baldumarket.lt\/lt\/product\/szafka-rtv-z-trzema-szufladami-gent-200-cm-dab-stirling\/","title":{"rendered":"TV spintel\u0117 su trimis stal\u010diais GENT 200 cm, Stirling \u0105\u017euolas"},"content":{"rendered":"<p>\u201eGent\u201c televizoriaus staliukas \u2013 puikus sprendimas didel\u0117ms svetain\u0117ms. Funkcionalumas: \u201eGent\u201c televizoriaus staliukas buvo sukurtas atsi\u017evelgiant \u012f praktin\u0119 erdv\u0119. Jame yra trys skland\u017eiai judantys stal\u010diai ir atviros lentynos, leid\u017eian\u010dios laikyti ir tvarkyti \u012fvairius aksesuarus, elektronik\u0105 ir film\u0173 kolekcijas. Atsparumas pa\u017eeidimams: Vir\u0161us yra laminuotas, sukuriantis nematom\u0105 dang\u0105, kuri padidina atsparum\u0105 \u012fbr\u0117\u017eimams ir mechaniniams pa\u017eeidimams, atsirandantiems d\u0117l kasdienio naudojimo. Tai u\u017etikrina, kad baldas daugel\u012f met\u0173 i\u0161laiko estetin\u012f patrauklum\u0105. Laid\u0173 tvarkymas: Trys ventiliacijos angos gale leid\u017eia lengvai pasl\u0117pti susiv\u0117lusius laidus. \u0160is sprendimas padeda palaikyti tvark\u0105 j\u016bs\u0173 svetain\u0117je. Universalus dizainas: Televizoriaus staliukas yra \u0161iltos Stirlingo \u0105\u017euolo spalvos, su matomu medienos ra\u0161tu ir lytimi, pana\u0161ia \u012f tikr\u0105 medien\u0105. \u0160i universali spalva leid\u017eia lengvai priderinti bald\u0105 prie esamo interjero dizaino ir sukurti harmoningas kompozicijas. Modernus LED ap\u0161vietimas: Spintel\u0117 apr\u016bpinta energij\u0105 taupan\u010diu LED ap\u0161vietimu, sumontuotu ant atvir\u0173 lentyn\u0173. Subtilus ap\u0161vietimas puikiai i\u0161ry\u0161kina laikomus daiktus ir sukuria jauki\u0105 atmosfer\u0105 svetain\u0117je. \u0160is televizoriaus staliukas pasi\u017eymi moderniu dizainu, kur\u012f pabr\u0117\u017eia plieno spalvos rankenos ir pla\u010dios lentjuost\u0117s, eleganti\u0161kai \u012fr\u0117minan\u010dios baldus. Auk\u0161\u010diausi\u0105 komforto lyg\u012f u\u017etikrina firmin\u0117s b\u0117gel\u0117s su \u0161velnaus u\u017edarymo sistema. Tai leid\u017eia patogiai ir tyliai naudotis baldais. Derinimo galimyb\u0117s:** \u201eGent\u201c televizoriaus staliukas yra \u201eGent\u201c kolekcijos, si\u016blan\u010dios plat\u0173 bald\u0173 asortiment\u0105, dalis. Tai leid\u017eia lengvai derinti baldus, sukuriant darni\u0105 ir stiling\u0105 erdv\u0119 visoje svetain\u0117je. \u201eGent\u201c televizoriaus staliukas \u2013 tai puikus funkcionalumo, estetikos ir patvarumo derinys, idealiai tinkantis didel\u0117ms svetain\u0117ms, sukuriantis eleganti\u0161k\u0105 ir jauki\u0105 erdv\u0119 poilsiui ir pramogoms.<\/p>\n<p>Prek\u0117s kodas S228-RTV3S\/6\/20-DAST Simbolis ZM EAN Plotis 200 cm Gylis 54 cm Auk\u0161tis 60 cm Kolekcija Gent Spalva stirling \u0105\u017euolas Atspalvis tamsi mediena Stilius modernus Dureli\u0173 skai\u010dius be dur\u0173 Stal\u010di\u0173 skai\u010dius 3 stal\u010diai Rankena su rankenomis Gamintojas Juoda Raudona Balta Baldo tipas TV spintel\u0117s PVM 23% EAN 5906123923057<\/p>","protected":false},"excerpt":{"rendered":"<p>\u201eGent\u201c televizoriaus staliukas \u2013 puikus sprendimas didel\u0117ms svetain\u0117ms. Funkcionalumas: \u201eGent\u201c televizoriaus staliukas buvo sukurtas atsi\u017evelgiant \u012f praktin\u0119 erdv\u0119. Jame yra trys skland\u017eiai veikiantys stal\u010diai ir atviros lentynos, leid\u017eian\u010dios laikyti ir tvarkyti \u012fvairius aksesuarus, elektronik\u0105 ir film\u0173 kolekcijas. Atsparumas pa\u017eeidimams: Vir\u0161us yra laminuotas, sukuriantis nematom\u0105 dang\u0105, kuri [\u2026]<\/p>","protected":false},"featured_media":268027,"comment_status":"open","ping_status":"open","template":"","meta":[],"product_brand":[],"product_cat":[9200,1175],"product_tag":[],"class_list":{"0":"post-268026","1":"product","2":"type-product","3":"status-publish","4":"has-post-thumbnail","6":"product_cat-black-red-white","7":"product_cat-tv-stands","9":"first","10":"instock","11":"purchasable","12":"product-type-simple"},"_links":{"self":[{"href":"https:\/\/baldumarket.lt\/lt\/wp-json\/wp\/v2\/product\/268026","targetHints":{"allow":["GET"]}}],"collection":[{"href":"https:\/\/baldumarket.lt\/lt\/wp-json\/wp\/v2\/product"}],"about":[{"href":"https:\/\/baldumarket.lt\/lt\/wp-json\/wp\/v2\/types\/product"}],"replies":[{"embeddable":true,"href":"https:\/\/baldumarket.lt\/lt\/wp-json\/wp\/v2\/comments?post=268026"}],"wp:featuredmedia":[{"embeddable":true,"href":"https:\/\/baldumarket.lt\/lt\/wp-json\/wp\/v2\/media\/268027"}],"wp:attachment":[{"href":"https:\/\/baldumarket.lt\/lt\/wp-json\/wp\/v2\/media?parent=268026"}],"wp:term":[{"taxonomy":"product_brand","embeddable":true,"href":"https:\/\/baldumarket.lt\/lt\/wp-json\/wp\/v2\/product_brand?post=268026"},{"taxonomy":"product_cat","embeddable":true,"href":"https:\/\/baldumarket.lt\/lt\/wp-json\/wp\/v2\/product_cat?post=268026"},{"taxonomy":"product_tag","embeddable":true,"href":"https:\/\/baldumarket.lt\/lt\/wp-json\/wp\/v2\/product_tag?post=268026"}],"curies":[{"name":"wp","href":"https:\/\/api.w.org\/{rel}","templated":true}]}}