{"id":268018,"date":"2026-01-14T00:47:37","date_gmt":"2026-01-13T21:47:37","guid":{"rendered":"https:\/\/baldumarket.lt\/product\/szafka-rtv-z-trzema-szufladami-bergen-156-cm-modrzew-sibiu-zloty\/"},"modified":"2026-02-11T18:18:01","modified_gmt":"2026-02-11T15:18:01","slug":"szafka-rtv-z-trzema-szufladami-bergen-156-cm-modrzew-sibiu-zloty","status":"publish","type":"product","link":"https:\/\/baldumarket.lt\/lt\/product\/szafka-rtv-z-trzema-szufladami-bergen-156-cm-modrzew-sibiu-zloty\/","title":{"rendered":"BERGEN TV spintel\u0117 su trimis stal\u010diais, 156 cm, Sibiu maumed\u017eio, auksin\u0117 spalva"},"content":{"rendered":"<p>Televizoriaus staliukas i\u0161 Bergen kolekcijos \u2013 J\u016bs\u0173 multimedijos kampelis. Jei svajojate apie stili\u0173 ir funkcionalum\u0105 spinduliuojan\u010di\u0105 svetain\u0119, Bergen kolekcijos televizoriaus staliukas kaip tik Jums. \u0160i unikali sienin\u0117 spintel\u0117 derina geometrines formas, originalias detales ir prislopintas spalvas, puikiai tinkanti tiek svetainei, tiek miegamajam. Kod\u0117l verta rinktis Bergen televizoriaus staliuk\u0105? \u0160tai kelios prie\u017eastys. Bergen televizoriaus staliukas \u2013 tai ne tik vieta televizoriui. Platus stalvir\u0161is suteikia vietos ne tik J\u016bs\u0173 televizoriui, bet ir dekoracijoms, augalams bei \u0161eimos nuotraukoms. Be to, trys atviros lentynos leid\u017eia tvarkingai laikyti dekoderius, grotuvus ir garsiakalbius. Jei turite plok\u0161teli\u0173 ar laid\u0173 kolekcij\u0105, trys kompakti\u0161ki stal\u010diai yra puiki vieta jiems laikyti. Bergen televizoriaus staliukas \u017eavi savo paprasta, geometrine forma. I\u0161skirtinis \u0161onini\u0173 kra\u0161t\u0173 \u201c\u012fdubimas\u201d suteikia originalumo, o i\u0161siki\u0161\u0119s, tiesus cokolis ir nu\u0161lifuoti priekiniai kra\u0161tai \u2013 modern\u0173 vaizd\u0105. \u0160is baldas ne tik atliks savo funkcij\u0105, bet ir taps dekoratyviniu elementu J\u016bs\u0173 interjere. Auksin\u0117 Sibiu maumed\u017eio mediena, i\u0161 kurios pagamintas Bergen televizoriaus staliukas, suteikia interjerui unikali\u0105 atmosfer\u0105. \u0160i nat\u016brali mediena suteiks j\u016bs\u0173 svetainei \u0161ilumos ir jaukumo. Tai taip pat puikus pagrindas kuriant stilingus i\u0161d\u0117stymus. Bergen televizoriaus staliuk\u0105 i\u0161skiria auk\u0161tos, nuo\u017eulnios kojel\u0117s ir metalin\u0117s rankenos. \u0160ios detal\u0117s suteikia baldui charakterio ir elegancijos, tod\u0117l jis tampa j\u016bs\u0173 svetain\u0117s traukos centru. Bergen televizoriaus staliukas komplektuojamas su firminiais aksesuarais su \u0161velnaus u\u017edarymo sistema. B\u0117gikl\u0117s turi specialius stabd\u017eius, d\u0117l kuri\u0173 bald\u0173 fasadai u\u017esidaro beveik tyliai. Tai ne tik esteti\u0161ka, bet ir prakti\u0161ka, didinanti kasdienio naudojimo komfort\u0105. Bergen kolekcija si\u016blo \u012fvairi\u0173 form\u0173, kurias galite laisvai derinti. Tai leid\u017eia jums sukurti funkcional\u0173 i\u0161d\u0117stym\u0105, pritaikyt\u0105 j\u016bs\u0173 \u0161eimos poreikiams. Nesvarbu, ar jums reikia daugiau vietos daiktams susid\u0117ti, ar norite sukurti minimalistin\u012f multimedijos kampel\u012f, Bergen kolekcija jums tai si\u016blo. Trumpai tariant, Bergen televizoriaus staliukas yra daugiau nei baldas \u2013 tai stilingas baldas, kuris suteiks j\u016bs\u0173 svetainei charakterio ir funkcionalumo. D\u0117l unikalaus dizaino, auk\u0161tos kokyb\u0117s med\u017eiag\u0173 ir d\u0117mesio detal\u0117ms, m\u0117gausit\u0117s ne tik gra\u017eiu, bet ir prakti\u0161ku multimedijos kampeliu. Su \u201eBergen\u201c kolekcija galite susikurti interjer\u0105, kuris atspind\u0117s j\u016bs\u0173 asmenin\u012f stili\u0173 ir atitiks visus j\u016bs\u0173 poreikius.<\/p>\n<p>Prek\u0117s kodas S359-RTV3S-MSZ Simbolis ZM EAN Plotis 156 cm Gylis 47 cm Auk\u0161tis 64 cm Kolekcija Bergen Spalva maumedis Sibiu auksinis Atspalvis tamsi mediena Stilius klasikinis Med\u017eiaga laminatas Dureli\u0173 skai\u010dius be dur\u0173 Stal\u010di\u0173 skai\u010dius 3 stal\u010diai Rankena su rankenomis Gamintojas Juoda Raudona Balta Baldo tipas TV spintel\u0117s PVM 23% EAN 5906123926850<\/p>","protected":false},"excerpt":{"rendered":"<p>TV Stand from the Bergen Collection &#8211; Your Multimedia Corner. If you dream of a living room that exudes style and functionality, then the TV stand from the Bergen collection is perfect for you. This unique wall unit combines geometric shapes, original details, and subdued colors, perfect for both the living room and the bedroom. [&hellip;]<\/p>","protected":false},"featured_media":268019,"comment_status":"open","ping_status":"open","template":"","meta":[],"product_brand":[],"product_cat":[9200,1175],"product_tag":[],"class_list":{"0":"post-268018","1":"product","2":"type-product","3":"status-publish","4":"has-post-thumbnail","6":"product_cat-black-red-white","7":"product_cat-tv-stands","9":"first","10":"instock","11":"purchasable","12":"product-type-simple"},"_links":{"self":[{"href":"https:\/\/baldumarket.lt\/lt\/wp-json\/wp\/v2\/product\/268018","targetHints":{"allow":["GET"]}}],"collection":[{"href":"https:\/\/baldumarket.lt\/lt\/wp-json\/wp\/v2\/product"}],"about":[{"href":"https:\/\/baldumarket.lt\/lt\/wp-json\/wp\/v2\/types\/product"}],"replies":[{"embeddable":true,"href":"https:\/\/baldumarket.lt\/lt\/wp-json\/wp\/v2\/comments?post=268018"}],"wp:featuredmedia":[{"embeddable":true,"href":"https:\/\/baldumarket.lt\/lt\/wp-json\/wp\/v2\/media\/268019"}],"wp:attachment":[{"href":"https:\/\/baldumarket.lt\/lt\/wp-json\/wp\/v2\/media?parent=268018"}],"wp:term":[{"taxonomy":"product_brand","embeddable":true,"href":"https:\/\/baldumarket.lt\/lt\/wp-json\/wp\/v2\/product_brand?post=268018"},{"taxonomy":"product_cat","embeddable":true,"href":"https:\/\/baldumarket.lt\/lt\/wp-json\/wp\/v2\/product_cat?post=268018"},{"taxonomy":"product_tag","embeddable":true,"href":"https:\/\/baldumarket.lt\/lt\/wp-json\/wp\/v2\/product_tag?post=268018"}],"curies":[{"name":"wp","href":"https:\/\/api.w.org\/{rel}","templated":true}]}}