{"id":268010,"date":"2026-01-14T00:47:31","date_gmt":"2026-01-13T21:47:31","guid":{"rendered":"https:\/\/baldumarket.lt\/product\/szafka-rtv-z-szufladami-patras-153-cm-dab-april\/"},"modified":"2026-02-11T18:18:01","modified_gmt":"2026-02-11T15:18:01","slug":"szafka-rtv-z-szufladami-patras-153-cm-dab-april","status":"publish","type":"product","link":"https:\/\/baldumarket.lt\/lt\/product\/szafka-rtv-z-szufladami-patras-153-cm-dab-april\/","title":{"rendered":"TV spintel\u0117 su stal\u010diais PATRAS 153 cm, \u0105\u017euolas, baland\u017eio m\u0117n"},"content":{"rendered":"<p>\u201ePatras\u201c televizoriaus staliukas\u201ePatras\u201c televizoriaus staliukas yra nam\u0173 pramog\u0173 centras, puikiai \u012fk\u016bnijantis nauj\u0105j\u012f klasikin\u012f stili\u0173. Paprasta forma, ry\u0161k\u016bs antgaliai ir metalin\u0117s rankenos yra b\u016bdingi \u201ePatras\u201c kolekcijos elementai. Pastat\u0119 \u201ePatras\u201c televizoriaus staliuk\u0105 svetain\u0117s centre, galite sukurti atskir\u0105 pramog\u0173 zon\u0105. Platus stalvir\u0161is suteikia puiki\u0105 viet\u0105 televizoriui, o dvi atviros lentynos leid\u017eia lengvai laikyti elektronik\u0105. Be to, dviejuose kompakti\u0161kuose stal\u010diuose galite laikyti smulkius daiktus. Siekiant u\u017etikrinti oro cirkuliacij\u0105 aplink televizoriaus \u012frang\u0105, staliukas turi dvi ventiliacijos angas, kurios taip pat atlieka laid\u0173 tvarkymo funkcij\u0105. \u0160ilta baland\u017eio \u0105\u017euolo spalva su matoma medienos tekst\u016bra suteikia \u0161iam baldui \u201ePatras\u201c kolekcijos charakter\u012f. Stilizuotos rankenos su sendinto sidabro apdaila ne tik suteikia staliukui dekoratyvumo, bet ir palengvina prieig\u0105 prie jo turinio. D\u0117l \u0161velnaus u\u017edarymo pried\u0173 \u201ePatras\u201c televizoriaus staliukas garantuoja patog\u0173 kasdien\u012f naudojim\u0105. Derinkite \u201ePatras\u201c televizoriaus staliuk\u0105 su kitais kolekcijos elementais, kad savo svetain\u0117je m\u0117gautum\u0117t\u0117s darnia ir ergonomi\u0161ka erdve.<\/p>\n<p>Prek\u0117s kodas S405-RTV2S-DARL Simbolis ZM EAN Plotis 153 cm Gylis 44,5 cm Auk\u0161tis 48 cm Kolekcija Patras Spalva baland\u017eio spalvos \u0105\u017euolas Atspalvis tamsi mediena Stilius modernus Med\u017eiaga laminatas Dureli\u0173 skai\u010dius be dur\u0173 Stal\u010di\u0173 skai\u010dius 2 stal\u010diai Rankena su rankenomis Gamintojas Juoda Raudona Balta Baldo tipas TV spintel\u0117s PVM 23% EAN 5906123944267<\/p>","protected":false},"excerpt":{"rendered":"<p>\u201ePatras\u201c televizoriaus staliukas\u201ePatras\u201c televizoriaus staliukas yra nam\u0173 pramog\u0173 akcentas, puikiai \u012fk\u016bnijantis nauj\u0105j\u012f klasikin\u012f stili\u0173. Paprasta forma, ry\u0161k\u016bs apdailos elementai ir metalin\u0117s rankenos yra b\u016bdingi \u201ePatras\u201c kolekcijos elementai. Pastat\u0119 \u201ePatras\u201c televizoriaus staliuk\u0105 svetain\u0117s centre, galite sukurti atskir\u0105 pramog\u0173 zon\u0105. [\u2026]<\/p>","protected":false},"featured_media":268011,"comment_status":"open","ping_status":"open","template":"","meta":[],"product_brand":[],"product_cat":[9200,1175],"product_tag":[],"class_list":{"0":"post-268010","1":"product","2":"type-product","3":"status-publish","4":"has-post-thumbnail","6":"product_cat-black-red-white","7":"product_cat-tv-stands","9":"first","10":"instock","11":"purchasable","12":"product-type-simple"},"_links":{"self":[{"href":"https:\/\/baldumarket.lt\/lt\/wp-json\/wp\/v2\/product\/268010","targetHints":{"allow":["GET"]}}],"collection":[{"href":"https:\/\/baldumarket.lt\/lt\/wp-json\/wp\/v2\/product"}],"about":[{"href":"https:\/\/baldumarket.lt\/lt\/wp-json\/wp\/v2\/types\/product"}],"replies":[{"embeddable":true,"href":"https:\/\/baldumarket.lt\/lt\/wp-json\/wp\/v2\/comments?post=268010"}],"wp:featuredmedia":[{"embeddable":true,"href":"https:\/\/baldumarket.lt\/lt\/wp-json\/wp\/v2\/media\/268011"}],"wp:attachment":[{"href":"https:\/\/baldumarket.lt\/lt\/wp-json\/wp\/v2\/media?parent=268010"}],"wp:term":[{"taxonomy":"product_brand","embeddable":true,"href":"https:\/\/baldumarket.lt\/lt\/wp-json\/wp\/v2\/product_brand?post=268010"},{"taxonomy":"product_cat","embeddable":true,"href":"https:\/\/baldumarket.lt\/lt\/wp-json\/wp\/v2\/product_cat?post=268010"},{"taxonomy":"product_tag","embeddable":true,"href":"https:\/\/baldumarket.lt\/lt\/wp-json\/wp\/v2\/product_tag?post=268010"}],"curies":[{"name":"wp","href":"https:\/\/api.w.org\/{rel}","templated":true}]}}