{"id":268006,"date":"2026-01-14T00:47:27","date_gmt":"2026-01-13T21:47:27","guid":{"rendered":"https:\/\/baldumarket.lt\/product\/szafka-rtv-z-szuflada-kent-101-cm-kasztan\/"},"modified":"2026-02-11T18:18:01","modified_gmt":"2026-02-11T15:18:01","slug":"szafka-rtv-z-szuflada-kent-101-cm-kasztan","status":"publish","type":"product","link":"https:\/\/baldumarket.lt\/lt\/product\/szafka-rtv-z-szuflada-kent-101-cm-kasztan\/","title":{"rendered":"TV spintel\u0117 su stal\u010diumi KENT 101 cm ka\u0161tono spalvos"},"content":{"rendered":"<p>\u201eKent\u201c televizoriaus staliukas \u2013 b\u016btinas svetain\u0117s elementas. Pagrindiniai \u201eKent\u201c modulin\u0117s sistemos bald\u0173 bruo\u017eai \u2013 eleganti\u0161ka i\u0161vaizda ir nesenstantis gro\u017eis. \u201eKent\u201c televizoriaus staliukas \u2013 puikus sprendimas svetainei, nes jis tarnauja kaip televizoriaus staliukas. Funkcionalus interjeras pasi\u017eymi prakti\u0161ku stal\u010diumi, kuriame telpa visi reikalingi daiktai, ir atvira lentyna, puikiai tinkan\u010dia elektronikai laikyti.<\/p>\n<p>\u0160ioje kolekcijoje naudojama i\u0161skirtin\u0117 fanera puikiai perteikia neapdorotos medienos charakter\u012f ir tekst\u016br\u0105. \u0160iltas ka\u0161toninis atspalvis suteikia \u0161iam baldui unikal\u0173 efekt\u0105.<\/p>\n<p>Klasikiniam stiliui b\u016bdingas rai\u017eytas stovo priekis ir pagrindas \u012f interjer\u0105 \u012fne\u0161a pra\u0117jusi\u0173 epoch\u0173 atmosfer\u0105.<\/p>\n<p>Stovo elegancij\u0105 pabr\u0117\u017eia unikalios, brangakmenius primenan\u010dios rankenos, kurios pritrauks d\u0117mes\u012f ir sustiprins kambario presti\u017e\u0105.<\/p>\n<p>Televizoriaus staliukas puikiai dera su kitais \u201eKent\u201c kolekcijos elementais. \u012evairios formos ir funkcijos leid\u017eia funkcionaliai i\u0161d\u0117styti daugel\u012f kambari\u0173, toki\u0173 kaip svetain\u0117, miegamasis, valgomasis, darbo kambarys ar prie\u0161kambaris.<\/p>\n<p>Prek\u0117s kodas S10-ERTV100-KA Simbolis ZM EAN Plotis 101 cm Gylis 54,5 cm Auk\u0161tis 54,5 cm Kolekcija Kent Spalva ka\u0161tonin\u0117 Atspalvis tamsi mediena Stilius klasikinis Med\u017eiaga laminatas Dureli\u0173 skai\u010dius be dur\u0173 Stal\u010di\u0173 skai\u010dius 1 stal\u010dius Rankena su rankenomis Gamintojas Juoda Raudona Balta Baldo tipas TV spintel\u0117s PVM 23% EAN 5906123882262<\/p>","protected":false},"excerpt":{"rendered":"<p>The Kent TV Stand \u2013 an Essential Living Room Component. The key features of the Kent modular system furniture are its elegant appearance and timeless beauty. The Kent TV Stand is a perfect solution for the living room, serving as a TV stand. The functional interior features a practical drawer that holds all the essentials [&hellip;]<\/p>","protected":false},"featured_media":268007,"comment_status":"open","ping_status":"open","template":"","meta":[],"product_brand":[],"product_cat":[9200,1175],"product_tag":[],"class_list":{"0":"post-268006","1":"product","2":"type-product","3":"status-publish","4":"has-post-thumbnail","6":"product_cat-black-red-white","7":"product_cat-tv-stands","9":"first","10":"instock","11":"purchasable","12":"product-type-simple"},"_links":{"self":[{"href":"https:\/\/baldumarket.lt\/lt\/wp-json\/wp\/v2\/product\/268006","targetHints":{"allow":["GET"]}}],"collection":[{"href":"https:\/\/baldumarket.lt\/lt\/wp-json\/wp\/v2\/product"}],"about":[{"href":"https:\/\/baldumarket.lt\/lt\/wp-json\/wp\/v2\/types\/product"}],"replies":[{"embeddable":true,"href":"https:\/\/baldumarket.lt\/lt\/wp-json\/wp\/v2\/comments?post=268006"}],"wp:featuredmedia":[{"embeddable":true,"href":"https:\/\/baldumarket.lt\/lt\/wp-json\/wp\/v2\/media\/268007"}],"wp:attachment":[{"href":"https:\/\/baldumarket.lt\/lt\/wp-json\/wp\/v2\/media?parent=268006"}],"wp:term":[{"taxonomy":"product_brand","embeddable":true,"href":"https:\/\/baldumarket.lt\/lt\/wp-json\/wp\/v2\/product_brand?post=268006"},{"taxonomy":"product_cat","embeddable":true,"href":"https:\/\/baldumarket.lt\/lt\/wp-json\/wp\/v2\/product_cat?post=268006"},{"taxonomy":"product_tag","embeddable":true,"href":"https:\/\/baldumarket.lt\/lt\/wp-json\/wp\/v2\/product_tag?post=268006"}],"curies":[{"name":"wp","href":"https:\/\/api.w.org\/{rel}","templated":true}]}}