{"id":26800,"date":"2025-11-14T17:40:04","date_gmt":"2025-11-14T14:40:04","guid":{"rendered":"https:\/\/baldumarket.lt\/product\/stolik-linze\/"},"modified":"2026-03-24T18:20:05","modified_gmt":"2026-03-24T15:20:05","slug":"stolik-linze","status":"publish","type":"product","link":"https:\/\/baldumarket.lt\/lt\/product\/stolik-linze\/","title":{"rendered":"Linz\u0117s stalas"},"content":{"rendered":"<p>\u201eLinze\u201c \u2013 eleganti\u0161kas ir stilingas \u201eBalduMarket\u201c staliukas, kuris savo i\u0161vaizda gali i\u0161ties pakeisti bet kokio interjero i\u0161vaizd\u0105. Jis neabejotinai papuo\u0161 bet kur\u012f interjer\u0105. Sveriantis 18 kg ir matmenys \u2013 75 x 75 x 45 cm, pramoninio stiliaus \u201eLinze\u201c yra labai funkcionalus ir modernus. Jo i\u0161skirtiniai bruo\u017eai \u2013 paprastas dizainas, tvirta apdaila ir, svarbiausia, lengvas surinkimas. M\u016bs\u0173 \u201eLinze\u201c kavos staliukas turi 4 mm storio stiklin\u012f stalvir\u0161\u012f ir papildom\u0105 metalin\u0119 lentyn\u0105. Jei svajojate apie unikal\u0173 savo svetain\u0117s akcent\u0105, rekomenduojame m\u016bs\u0173 \u201eLinze\u201c. Jis tikrai pateisins visus j\u016bs\u0173 l\u016bkes\u010dius.<\/p>","protected":false},"excerpt":{"rendered":"<p>\u201eLinze\u201c \u2013 eleganti\u0161kas ir stilingas \u201eBalduMarket\u201c stalas, kuris savo i\u0161vaizda gali i\u0161ties pakeisti bet kokio interjero i\u0161vaizd\u0105. Jis neabejotinai papuo\u0161 bet kok\u012f interjer\u0105. Sveriantis 18 kg ir matmenys \u2013 75 x 75 x 45 cm, industrinio stiliaus \u201eLinze\u201c yra labai funkcionalus ir modernus. Jo i\u0161skirtiniai bruo\u017eai \u2013 paprastas dizainas, [\u2026]<\/p>","protected":false},"featured_media":26801,"comment_status":"open","ping_status":"open","template":"","meta":[],"product_brand":[],"product_cat":[866,2012,9176],"product_tag":[],"class_list":{"0":"post-26800","1":"product","2":"type-product","3":"status-publish","4":"has-post-thumbnail","6":"product_cat-coffee-tables","7":"product_cat-eltap","8":"product_cat-coffee-tables-eltap","10":"first","11":"instock","12":"purchasable","13":"product-type-simple"},"_links":{"self":[{"href":"https:\/\/baldumarket.lt\/lt\/wp-json\/wp\/v2\/product\/26800","targetHints":{"allow":["GET"]}}],"collection":[{"href":"https:\/\/baldumarket.lt\/lt\/wp-json\/wp\/v2\/product"}],"about":[{"href":"https:\/\/baldumarket.lt\/lt\/wp-json\/wp\/v2\/types\/product"}],"replies":[{"embeddable":true,"href":"https:\/\/baldumarket.lt\/lt\/wp-json\/wp\/v2\/comments?post=26800"}],"wp:featuredmedia":[{"embeddable":true,"href":"https:\/\/baldumarket.lt\/lt\/wp-json\/wp\/v2\/media\/26801"}],"wp:attachment":[{"href":"https:\/\/baldumarket.lt\/lt\/wp-json\/wp\/v2\/media?parent=26800"}],"wp:term":[{"taxonomy":"product_brand","embeddable":true,"href":"https:\/\/baldumarket.lt\/lt\/wp-json\/wp\/v2\/product_brand?post=26800"},{"taxonomy":"product_cat","embeddable":true,"href":"https:\/\/baldumarket.lt\/lt\/wp-json\/wp\/v2\/product_cat?post=26800"},{"taxonomy":"product_tag","embeddable":true,"href":"https:\/\/baldumarket.lt\/lt\/wp-json\/wp\/v2\/product_tag?post=26800"}],"curies":[{"name":"wp","href":"https:\/\/api.w.org\/{rel}","templated":true}]}}