{"id":267998,"date":"2026-01-14T00:47:21","date_gmt":"2026-01-13T21:47:21","guid":{"rendered":"https:\/\/baldumarket.lt\/product\/szafka-rtv-z-szuflada-holten-106-cm-bialy-dab-wotan\/"},"modified":"2026-02-11T18:18:01","modified_gmt":"2026-02-11T15:18:01","slug":"szafka-rtv-z-szuflada-holten-106-cm-bialy-dab-wotan","status":"publish","type":"product","link":"https:\/\/baldumarket.lt\/lt\/product\/szafka-rtv-z-szuflada-holten-106-cm-bialy-dab-wotan\/","title":{"rendered":"HOLTEN TV spintel\u0117 su stal\u010diumi, 106 cm, balta\/wotan \u0105\u017euolas"},"content":{"rendered":"<p>\u201eHolten\u201c televizoriaus staliukas \u2013 modernus elegancijos akcentas j\u016bs\u0173 televizoriaus kampui. \u0160iomis dienomis televizoriai tapo ne tik pramog\u0173 \u0161altiniu, bet ir pagrindiniu m\u016bs\u0173 interjero dizaino elementu. Ie\u0161kodami tinkamos vietos televizoriui, verta pagalvoti apie bald\u0105, kuris ne tik tilpt\u0173 j\u016bs\u0173 televizoriaus \u012frang\u0105, bet ir suteikt\u0173 namams stilingo akcento. \u201eHolten\u201c televizoriaus staliukas puikiai derina funkcionalum\u0105 ir elegancij\u0105, sukurdamas unikali\u0105 erdv\u0119 j\u016bs\u0173 televizoriaus kampe. \u201eHolten\u201c televizoriaus staliukas yra kompakti\u0161kas baldas, puikiai tinkantis kaip televizoriaus staliukas. D\u0117l savo proporcij\u0173 jis neu\u017eima daug vietos, o tai svarbu ypa\u010d ma\u017eesniuose kambariuose. \u0160is baldas turi atvir\u0105 lentyn\u0105, ant kurios galite pad\u0117ti elektronik\u0105, pavyzd\u017eiui, televizori\u0173, \u017eaidim\u0173 konsol\u0119 ar DVD grotuv\u0105. Be to, prakti\u0161kas stal\u010dius leid\u017eia pasl\u0117pti laidus ir kitus priedus, suteikdamas j\u016bs\u0173 interjerui tvarking\u0105 ir organizuot\u0105 i\u0161vaizd\u0105. Vienas svarbus aspektas, \u012f kur\u012f verta atkreipti d\u0117mes\u012f, yra ventiliacijos anga. \u0160i detal\u0117 u\u017etikrina tinkam\u0105 oro cirkuliacij\u0105 aplink televizoriaus \u012frang\u0105, o tai yra labai svarbu tinkamam jos veikimui. Be to, tai padeda i\u0161vengti susiv\u0117lusi\u0173 laid\u0173 problemos \u2013 da\u017enos problemos televizori\u0173 kampuose. Ypa\u010d verta d\u0117mesio \u201eHolten\u201c televizoriaus staliuko dizainas. Korpusas yra eleganti\u0161kos matin\u0117s baltos spalvos, suteikian\u010dios jam modern\u0173 charakter\u012f ir subtil\u0173 \u017eaves\u012f. Priekin\u0117s dalys yra lakuotos, suteikian\u010dios ry\u0161k\u0173 blizges\u012f ir elegancij\u0105. Unikalus bruo\u017eas \u2013 \u201eWotan\u201c \u0105\u017euolo stalvir\u0161is su savo i\u0161skirtiniu ra\u0161tu, suteikiantis baldui nat\u016bralaus \u017eavesio ir \u0161ilumos. Tvirtos korpuso lentel\u0117s puikiai papildo lyg\u0173 pavir\u0161i\u0173 be ranken\u0117li\u0173, sukurdamos darni\u0105 ir eleganti\u0161k\u0105 visum\u0105. Stal\u010dius apr\u016bpintas \u0161velnaus u\u017edarymo b\u0117geliais, u\u017etikrinan\u010diais beveik tyl\u0173 atidarym\u0105 ir u\u017edarym\u0105, o tai ypa\u010d svarbu, jei norite namuose i\u0161laikyti ramyb\u0119 ir tyl\u0105. \u201eHolten\u201c kolekcijoje si\u016blomi \u012fvair\u016bs elementai, kurie pad\u0117s jums susikurti svajoni\u0173 svetain\u0117s i\u0161d\u0117stym\u0105. Galite derinti \u012fvairius baldus ir aksesuarus, kad sukurtum\u0117te darni\u0105 erdv\u0119, atspindin\u010di\u0105 j\u016bs\u0173 asmenin\u012f stili\u0173 ir poreikius. Trumpai tariant, \u201eHolten\u201c televizoriaus staliukas yra ne tik prakti\u0161kas baldas televizijos \u012frangai laikyti, bet ir eleganti\u0161kas dekoratyvinis akcentas, suteiksiantis charakterio j\u016bs\u0173 televizoriaus kampui. D\u0117mesys funkcionalumui ir estetikai, \u0161is baldas patenkins net ir i\u0161rankiausi\u0173 modernaus dizaino m\u0117g\u0117j\u0173 l\u016bkes\u010dius.<\/p>\n<p>Prek\u0117s kodas S440-RTV1S-BI\/DWO\/BIP Simbolis ZM EAN Plotis 106 cm Gylis 42 cm Auk\u0161tis 50,5 cm Kolekcija Holten Spalva balta\/wotan \u0105\u017euolas\/blizgi balta Baltas atspalvis Stilius modernus Dureli\u0173 skai\u010dius be dur\u0173 Stal\u010di\u0173 skai\u010dius 1 stal\u010dius Rankena be ranken\u0117li\u0173 Gamintojas Juoda Raudona Balta Baldo tipas TV spintel\u0117s PVM 23% EAN 5906123952132<\/p>","protected":false},"excerpt":{"rendered":"<p>\u201eHolten\u201c televizoriaus staliukas \u2013 modernus elegancijos akcentas j\u016bs\u0173 televizoriaus kampeliui. \u0160iomis dienomis televizoriai tapo ne tik pramog\u0173 \u0161altiniu, bet ir svarbiu m\u016bs\u0173 interjero dizaino elementu. Ie\u0161kodami tinkamos vietos televizoriui, verta pagalvoti apie bald\u0105, kuris ne tik tilpt\u0173 j\u016bs\u0173 televizoriaus \u012frang\u0105 [\u2026]<\/p>","protected":false},"featured_media":267999,"comment_status":"open","ping_status":"open","template":"","meta":[],"product_brand":[],"product_cat":[9200,1175],"product_tag":[],"class_list":{"0":"post-267998","1":"product","2":"type-product","3":"status-publish","4":"has-post-thumbnail","6":"product_cat-black-red-white","7":"product_cat-tv-stands","9":"first","10":"instock","11":"purchasable","12":"product-type-simple"},"_links":{"self":[{"href":"https:\/\/baldumarket.lt\/lt\/wp-json\/wp\/v2\/product\/267998","targetHints":{"allow":["GET"]}}],"collection":[{"href":"https:\/\/baldumarket.lt\/lt\/wp-json\/wp\/v2\/product"}],"about":[{"href":"https:\/\/baldumarket.lt\/lt\/wp-json\/wp\/v2\/types\/product"}],"replies":[{"embeddable":true,"href":"https:\/\/baldumarket.lt\/lt\/wp-json\/wp\/v2\/comments?post=267998"}],"wp:featuredmedia":[{"embeddable":true,"href":"https:\/\/baldumarket.lt\/lt\/wp-json\/wp\/v2\/media\/267999"}],"wp:attachment":[{"href":"https:\/\/baldumarket.lt\/lt\/wp-json\/wp\/v2\/media?parent=267998"}],"wp:term":[{"taxonomy":"product_brand","embeddable":true,"href":"https:\/\/baldumarket.lt\/lt\/wp-json\/wp\/v2\/product_brand?post=267998"},{"taxonomy":"product_cat","embeddable":true,"href":"https:\/\/baldumarket.lt\/lt\/wp-json\/wp\/v2\/product_cat?post=267998"},{"taxonomy":"product_tag","embeddable":true,"href":"https:\/\/baldumarket.lt\/lt\/wp-json\/wp\/v2\/product_tag?post=267998"}],"curies":[{"name":"wp","href":"https:\/\/api.w.org\/{rel}","templated":true}]}}