{"id":267990,"date":"2026-01-14T00:47:14","date_gmt":"2026-01-13T21:47:14","guid":{"rendered":"https:\/\/baldumarket.lt\/product\/szafka-rtv-z-szuflada-alameda-147-cm-bialy-polysk-dab-westminster\/"},"modified":"2026-02-11T18:18:01","modified_gmt":"2026-02-11T15:18:01","slug":"szafka-rtv-z-szuflada-alameda-147-cm-bialy-polysk-dab-westminster","status":"publish","type":"product","link":"https:\/\/baldumarket.lt\/lt\/product\/szafka-rtv-z-szuflada-alameda-147-cm-bialy-polysk-dab-westminster\/","title":{"rendered":"ALAMEDA TV spintel\u0117 su stal\u010diumi, 147 cm, balta blizgi\/vestminsterio \u0105\u017euolas"},"content":{"rendered":"<p>\u201eAlameda\u201c televizoriaus staliukas \u2013 funkcionalus ir modernus sprendimas j\u016bs\u0173 svetain\u0117s pramog\u0173 zonai. \u201eAlameda\u201c televizoriaus staliukas puikiai tinka norint sukurti atskir\u0105 pramog\u0173 zon\u0105 j\u016bs\u0173 svetain\u0117je. Jame telpa televizorius ir \u012fvair\u016bs kiti multimedijos \u012frenginiai. Stovas turi erdv\u0173 stal\u010di\u0173 ir tris atviras skyrius \u012fvairiems priedams ir \u012frenginiams laikyti. Subtilus, energij\u0105 taupantis LED ap\u0161vietimas po stalvir\u0161iu suteikia elegancijos ir leid\u017eia lengvai rasti stal\u010diaus turin\u012f. \u0160is prakti\u0161kas sprendimas suteikia \u201eAlameda\u201c kolekcijai unikal\u0173 charakter\u012f. Televizoriaus staliukas derina blizgi\u0105 balt\u0105 apdail\u0105 (priekin\u0119 dal\u012f) su nat\u016bralia Vestminsterio \u0105\u017euolo spalva, kuri sudaro stalvir\u0161\u012f ir cokol\u012f. \u0160is derinys sukuria harmoning\u0105 ir eleganti\u0161k\u0105 kompozicij\u0105, o matoma medienos tekst\u016bra papildo baldo estetin\u012f patrauklum\u0105. Lentyna vir\u0161 stalvir\u0161io, pagaminta i\u0161 gr\u016bdinto apsauginio stiklo, suteikia lengvumo ir yra ideali vieta \u012fvairiems multimedijos \u012frenginiams. Televizoriaus staliuko galin\u0117 dalis yra atitraukta \u012f priek\u012f, tod\u0117l multimedijos ki\u0161tukai nesilie\u010dia su siena ir n\u0117ra laid\u0173 sulenkimo rizikos. Galima derinti su kitais kolekcijos baldais:** \u201eAlameda\u201c televizoriaus staliukas gali b\u016bti derinamas su kitais \u201eAlameda\u201c kolekcijos baldais, sukuriant darn\u0173 ir funkcional\u0173 svetain\u0117s i\u0161d\u0117stym\u0105. \u201eAlameda\u201c televizoriaus staliukas yra puikus sprendimas norint sukurti pramog\u0173 zon\u0105 j\u016bs\u0173 svetain\u0117je. D\u0117l savo dizaino ir funkcionalumo gal\u0117site m\u0117gautis filmais, \u017eaidimais ir kitomis pramogomis eleganti\u0161koje aplinkoje.<\/p>\n<p>Prek\u0117s kodas S420-RTV1S-BIP\/DWM\/BIP Simbolis ZM EAN Plotis 147 cm Gylis 46 cm Auk\u0161tis 55 cm Kolekcija Alameda Spalva balta blizgi \/ Vestminsterio \u0105\u017euolas \/ balta blizgi Gaubtas baltas Stilius modernus Dureli\u0173 skai\u010dius be dur\u0173 Stal\u010di\u0173 skai\u010dius 1 stal\u010dius Rankena be ranken\u0117li\u0173 Ap\u0161vietimas su ap\u0161vietimu Gamintojas Juoda Raudona Balta Baldo tipas TV spintel\u0117s PVM 23% EAN 5906123946643<\/p>","protected":false},"excerpt":{"rendered":"<p>The Alameda TV stand is a functional and modern solution for your living room&#8217;s entertainment area. The Alameda TV stand is perfect for creating a dedicated entertainment area in your living room. It can accommodate a TV and a variety of other multimedia devices. The stand offers a spacious drawer and three open areas for [&hellip;]<\/p>","protected":false},"featured_media":267991,"comment_status":"open","ping_status":"open","template":"","meta":[],"product_brand":[],"product_cat":[9200,1175],"product_tag":[],"class_list":{"0":"post-267990","1":"product","2":"type-product","3":"status-publish","4":"has-post-thumbnail","6":"product_cat-black-red-white","7":"product_cat-tv-stands","9":"first","10":"instock","11":"purchasable","12":"product-type-simple"},"_links":{"self":[{"href":"https:\/\/baldumarket.lt\/lt\/wp-json\/wp\/v2\/product\/267990","targetHints":{"allow":["GET"]}}],"collection":[{"href":"https:\/\/baldumarket.lt\/lt\/wp-json\/wp\/v2\/product"}],"about":[{"href":"https:\/\/baldumarket.lt\/lt\/wp-json\/wp\/v2\/types\/product"}],"replies":[{"embeddable":true,"href":"https:\/\/baldumarket.lt\/lt\/wp-json\/wp\/v2\/comments?post=267990"}],"wp:featuredmedia":[{"embeddable":true,"href":"https:\/\/baldumarket.lt\/lt\/wp-json\/wp\/v2\/media\/267991"}],"wp:attachment":[{"href":"https:\/\/baldumarket.lt\/lt\/wp-json\/wp\/v2\/media?parent=267990"}],"wp:term":[{"taxonomy":"product_brand","embeddable":true,"href":"https:\/\/baldumarket.lt\/lt\/wp-json\/wp\/v2\/product_brand?post=267990"},{"taxonomy":"product_cat","embeddable":true,"href":"https:\/\/baldumarket.lt\/lt\/wp-json\/wp\/v2\/product_cat?post=267990"},{"taxonomy":"product_tag","embeddable":true,"href":"https:\/\/baldumarket.lt\/lt\/wp-json\/wp\/v2\/product_tag?post=267990"}],"curies":[{"name":"wp","href":"https:\/\/api.w.org\/{rel}","templated":true}]}}