{"id":267986,"date":"2026-01-14T00:47:11","date_gmt":"2026-01-13T21:47:11","guid":{"rendered":"https:\/\/baldumarket.lt\/product\/szafka-rtv-z-dwoma-szufladami-zele-135-cm-dab-wotan-bialy-polysk\/"},"modified":"2026-02-11T18:18:01","modified_gmt":"2026-02-11T15:18:01","slug":"szafka-rtv-z-dwoma-szufladami-zele-135-cm-dab-wotan-bialy-polysk","status":"publish","type":"product","link":"https:\/\/baldumarket.lt\/lt\/product\/szafka-rtv-z-dwoma-szufladami-zele-135-cm-dab-wotan-bialy-polysk\/","title":{"rendered":"TV spintel\u0117 su dviem stal\u010diais ZELE 135 cm Wotan \u0105\u017euolas\/blizgi balta"},"content":{"rendered":"<p>\u201eZele\u201c televizoriaus staliukas \u2013 pramog\u0173 centras. \u201eZele\u201c kolekcija \u2013 tikras hitas modernaus dizaino ir minimalistinio interjero m\u0117g\u0117jams. \u201eZele\u201c televizoriaus staliukas \u2013 puikus bald\u0173, derinan\u010di\u0173 funkcionalum\u0105 ir estetik\u0105, pavyzdys. Svetain\u0117 yra kiekvien\u0173 nam\u0173 \u0161irdis, o televizorius da\u017enai tampa pramog\u0173 centru. \u201eZele\u201c televizoriaus staliukas suteikia tvirt\u0105 ir eleganti\u0161k\u0105 pagrind\u0105 j\u016bs\u0173 elektronikai, kur\u012f galite pad\u0117ti arba pakabinti vir\u0161 stovo, taip pasiekdami tobul\u0105 ekrano pad\u0117t\u012f. Du stal\u010diai stove pad\u0117s susitvarkyti visus b\u016btiniausius svetain\u0117s daiktus, tokius kaip nuotolinio valdymo pulteliai ir laidai. Dvi ventiliacijos angos stove u\u017etikrina tinkam\u0105 oro cirkuliacij\u0105 aplink j\u016bs\u0173 elektronik\u0105, o tai labai svarbu j\u0173 ilgaam\u017ei\u0161kumui. Taip pat galite subtiliai pasl\u0117pti laidus, suteikdami savo svetainei tvarking\u0105 ir tvarking\u0105 i\u0161vaizd\u0105. \u201eZele\u201c televizoriaus staliukas si\u016blo plat\u0173 spalv\u0173 pasirinkim\u0105. \u201eWotan Oak\u201c korpusas suteikia interjerui \u0161ilumos ir nat\u016bralumo, o blizgios baltos fasadai \u2013 modernumo. \u0160is derinys paver\u010dia televizoriaus staliuk\u0105 harmoningu elementu j\u016bs\u0173 interjero dizaine. Minimalistin\u0117s rankenos, integruotos \u012f vir\u0161utinius fasad\u0173 kra\u0161tus, pabr\u0117\u017eia baldo charakter\u012f ir suteikia elegancijos. \u201eZele\u201c televizoriaus staliukas yra ne tik prakti\u0161kas baldas, bet ir eleganti\u0161kas dekoratyvinis elementas, kuris tikrai pritrauks d\u0117mes\u012f. Naudokite patikim\u0105 \u201eZele\u201c televizoriaus staliuk\u0105 ir derinkite j\u012f su kitais \u201eZele\u201c kolekcijos elementais, kad sukurtum\u0117te darni\u0105 ir ergonomi\u0161k\u0105 erdv\u0119 savo svetain\u0117je. \u0160is baldas ne tik atlieka savo funkcij\u0105, bet ir pagerina j\u016bs\u0173 interjero charakter\u012f, suteikdamas modernumo ir elegancijos.<\/p>\n<p>Prek\u0117s kodas S383-RTV2S-DWO\/BIP Simbolis ZM EAN Plotis 135 cm Gylis 41 cm Auk\u0161tis 45 cm Kolekcija Zele Spalva wotan \u0105\u017euolas\/balta blizgi Atspalvis baltas Stilius modernus Med\u017eiaga laminatas Dureli\u0173 skai\u010dius be dur\u0173 Stal\u010di\u0173 skai\u010dius 2 stal\u010diai Rankena su rankenomis Gamintojas Juoda Raudona Balta Baldo tipas TV spintel\u0117s PVM 23% EAN 5906123928991<\/p>","protected":false},"excerpt":{"rendered":"<p>Zele TV Stand &#8211; Entertainment Center. The Zele collection is a real hit for lovers of modern design and minimalist interior design. The Zele TV stand is a perfect example of furniture that combines functionality with aesthetics. The living room is the heart of every home, and the television is often the focal point of [&hellip;]<\/p>","protected":false},"featured_media":267987,"comment_status":"open","ping_status":"open","template":"","meta":[],"product_brand":[],"product_cat":[9200,1175],"product_tag":[],"class_list":{"0":"post-267986","1":"product","2":"type-product","3":"status-publish","4":"has-post-thumbnail","6":"product_cat-black-red-white","7":"product_cat-tv-stands","9":"first","10":"instock","11":"purchasable","12":"product-type-simple"},"_links":{"self":[{"href":"https:\/\/baldumarket.lt\/lt\/wp-json\/wp\/v2\/product\/267986","targetHints":{"allow":["GET"]}}],"collection":[{"href":"https:\/\/baldumarket.lt\/lt\/wp-json\/wp\/v2\/product"}],"about":[{"href":"https:\/\/baldumarket.lt\/lt\/wp-json\/wp\/v2\/types\/product"}],"replies":[{"embeddable":true,"href":"https:\/\/baldumarket.lt\/lt\/wp-json\/wp\/v2\/comments?post=267986"}],"wp:featuredmedia":[{"embeddable":true,"href":"https:\/\/baldumarket.lt\/lt\/wp-json\/wp\/v2\/media\/267987"}],"wp:attachment":[{"href":"https:\/\/baldumarket.lt\/lt\/wp-json\/wp\/v2\/media?parent=267986"}],"wp:term":[{"taxonomy":"product_brand","embeddable":true,"href":"https:\/\/baldumarket.lt\/lt\/wp-json\/wp\/v2\/product_brand?post=267986"},{"taxonomy":"product_cat","embeddable":true,"href":"https:\/\/baldumarket.lt\/lt\/wp-json\/wp\/v2\/product_cat?post=267986"},{"taxonomy":"product_tag","embeddable":true,"href":"https:\/\/baldumarket.lt\/lt\/wp-json\/wp\/v2\/product_tag?post=267986"}],"curies":[{"name":"wp","href":"https:\/\/api.w.org\/{rel}","templated":true}]}}