{"id":267966,"date":"2026-01-14T00:46:50","date_gmt":"2026-01-13T21:46:50","guid":{"rendered":"https:\/\/baldumarket.lt\/product\/szafka-rtv-z-dwoma-szufladami-ostia-161-cm-dab-artisan-czarny-blask\/"},"modified":"2026-02-11T18:18:01","modified_gmt":"2026-02-11T15:18:01","slug":"szafka-rtv-z-dwoma-szufladami-ostia-161-cm-dab-artisan-czarny-blask","status":"publish","type":"product","link":"https:\/\/baldumarket.lt\/lt\/product\/szafka-rtv-z-dwoma-szufladami-ostia-161-cm-dab-artisan-czarny-blask\/","title":{"rendered":"TV spintel\u0117 su dviem stal\u010diais OSTIA 161 cm, dirbtinio \u0105\u017euolo spalvos\/blizgios juodos spalvos"},"content":{"rendered":"<p>\u201eOstia\u201c televizoriaus staliukas \u2013 tvirtas televizoriaus pagrindas. Jei vertinate funkcionalum\u0105 ir paprast\u0105 interjero dizain\u0105, bet taip pat trok\u0161tate unikalaus poj\u016b\u010dio, \u201eOstia\u201c kolekcija gali pateisinti j\u016bs\u0173 l\u016bkes\u010dius. \u0160i tvirto stiliaus bald\u0173 linija pasi\u017eymi ry\u0161kiomis detal\u0117mis, dekoratyvine juostele ir LED ap\u0161vietimu, sukurian\u010diu unikal\u0173 charakter\u012f. \u201eOstia\u201c televizoriaus staliukas ne tik suteikia vietos televizoriui, bet ir puikiai tinka laikyti konsol\u0119, film\u0173 kolekcij\u0105 ir garso \u012frang\u0105. Du erdv\u016bs stal\u010diai ir dvi atviros lentynos leid\u017eia laikyti \u012fvairius daiktus. Platus stalvir\u0161is idealiai tinka tiek dideliam televizoriui, tiek apgalvotoms dekoracijoms. Nepaisant funkcionalumo, \u201eOstia\u201c televizoriaus staliukas \u017eavi savo stiliumi. Pastorintos korpuso pus\u0117s ir meni\u0161ko \u0105\u017euolo spalva suteikia jam tvirt\u0105 charakter\u012f. Degintos medienos spalvos dekoratyvin\u0117 juostel\u0117 ir LED ap\u0161vietimas suteikia baldui elegancijos. Juodas pagrindas suteikia charakterio bendrai i\u0161vaizdai. Patogum\u0105 garantuoja matin\u0117s juodos rankenos ir \u0161velniai u\u017esidarantys, visi\u0161kai i\u0161traukiami b\u0117geliai. \u201eOstia\u201c televizoriaus staliuk\u0105 galima derinti su kitais kolekcijos baldais, tokiais kaip spinta, vitrina ir komoda. Taip pat vir\u0161 jo galite pakabinti lentyn\u0105, kad sukurtum\u0117te darn\u0173 ir funkcional\u0173 svetain\u0117s i\u0161d\u0117stym\u0105. \u201eOstia\u201c kolekcija j\u016bs\u0173 interjer\u0105 padarys ne tik prakti\u0161k\u0105, bet ir charaktering\u0105.<\/p>\n<p>Prek\u0117s kodas S467-RTV2S-DASN\/CABL Simbolis ZM EAN Plotis 161 cm Gylis 48 cm Auk\u0161tis 53,5 cm Kolekcija Ostia Spalva meni\u0161kas \u0105\u017euolas\/blizgi juoda Gaubtas \u0161viesus medis Stilius modernus Dureli\u0173 skai\u010dius be dur\u0173 Stal\u010di\u0173 skai\u010dius 2 stal\u010diai Rankena su rankenomis Gamintojas Juoda Raudona Balta Baldo tipas TV spintel\u0117s PVM 23% EAN 5906123705189<\/p>","protected":false},"excerpt":{"rendered":"<p>Ostia TV Stand &#8211; A Solid TV Base. If you value functionality and a simple interior design, but also desire a unique feel, the Ostia collection can meet your expectations. This solid-style furniture line features bold details, a decorative strip, and LED lighting, creating a unique character. The Ostia TV stand not only provides space [&hellip;]<\/p>","protected":false},"featured_media":267967,"comment_status":"open","ping_status":"open","template":"","meta":[],"product_brand":[],"product_cat":[9200,1175],"product_tag":[],"class_list":{"0":"post-267966","1":"product","2":"type-product","3":"status-publish","4":"has-post-thumbnail","6":"product_cat-black-red-white","7":"product_cat-tv-stands","9":"first","10":"instock","11":"purchasable","12":"product-type-simple"},"_links":{"self":[{"href":"https:\/\/baldumarket.lt\/lt\/wp-json\/wp\/v2\/product\/267966","targetHints":{"allow":["GET"]}}],"collection":[{"href":"https:\/\/baldumarket.lt\/lt\/wp-json\/wp\/v2\/product"}],"about":[{"href":"https:\/\/baldumarket.lt\/lt\/wp-json\/wp\/v2\/types\/product"}],"replies":[{"embeddable":true,"href":"https:\/\/baldumarket.lt\/lt\/wp-json\/wp\/v2\/comments?post=267966"}],"wp:featuredmedia":[{"embeddable":true,"href":"https:\/\/baldumarket.lt\/lt\/wp-json\/wp\/v2\/media\/267967"}],"wp:attachment":[{"href":"https:\/\/baldumarket.lt\/lt\/wp-json\/wp\/v2\/media?parent=267966"}],"wp:term":[{"taxonomy":"product_brand","embeddable":true,"href":"https:\/\/baldumarket.lt\/lt\/wp-json\/wp\/v2\/product_brand?post=267966"},{"taxonomy":"product_cat","embeddable":true,"href":"https:\/\/baldumarket.lt\/lt\/wp-json\/wp\/v2\/product_cat?post=267966"},{"taxonomy":"product_tag","embeddable":true,"href":"https:\/\/baldumarket.lt\/lt\/wp-json\/wp\/v2\/product_tag?post=267966"}],"curies":[{"name":"wp","href":"https:\/\/api.w.org\/{rel}","templated":true}]}}