{"id":26796,"date":"2025-11-14T17:39:56","date_gmt":"2025-11-14T14:39:56","guid":{"rendered":"https:\/\/baldumarket.lt\/product\/stolik-cloue\/"},"modified":"2026-03-24T18:20:05","modified_gmt":"2026-03-24T15:20:05","slug":"stolik-cloue","status":"publish","type":"product","link":"https:\/\/baldumarket.lt\/lt\/product\/stolik-cloue\/","title":{"rendered":"Cloue lentel\u0117"},"content":{"rendered":"<p>\u201eCloue\u201c \u2013 \u012fdomus ir unikalus dviej\u0173 auk\u0161t\u0173 stalas, kurio matmenys \u2013 75\/65 x 75\/65 x 41\/35 cm. Jis \u017eavi ne tik paprasta forma, bet ir netradiciniu dizainu. M\u016bs\u0173 gaminys neabejotinai yra geriausias sprendimas pramoninio stiliaus \u017einovams. Ta\u010diau jis ras savo pritaikym\u0105 ne tik \u0161ioje erdv\u0117je. Kiti d\u0117mesio verti elementai \u2013 unikalus 4 mm storio stiklinis stalvir\u0161is ir juodos apdailos, suteikian\u010dios \u0161iai 21 kg sverian\u010diai konstrukcijai i\u0161skirtin\u0119 apdail\u0105. Rekomenduojame m\u016bs\u0173 \u201eCloue\u201c stal\u0105, kuris pagyvins bet kok\u012f interjer\u0105.<\/p>","protected":false},"excerpt":{"rendered":"<p>\u201eCloue\u201c \u2013 \u012fdomus ir unikalus dviej\u0173 auk\u0161t\u0173 stalas, kurio matmenys \u2013 75\/65 x 75\/65 x 41\/35 cm. Jis \u017eavi ne tik paprasta forma, bet ir netradiciniu dizainu. M\u016bs\u0173 gaminys neabejotinai yra geriausias sprendimas industrinio stiliaus \u017einovams. Ta\u010diau jis ras savo panaudojim\u0105 ne tik \u0161ioje erdv\u0117je. Kiti d\u0117mesio verti elementai [\u2026]<\/p>","protected":false},"featured_media":26797,"comment_status":"open","ping_status":"open","template":"","meta":[],"product_brand":[],"product_cat":[866,2012,9176],"product_tag":[],"class_list":{"0":"post-26796","1":"product","2":"type-product","3":"status-publish","4":"has-post-thumbnail","6":"product_cat-coffee-tables","7":"product_cat-eltap","8":"product_cat-coffee-tables-eltap","9":"pa_frame-material-undefined","10":"pa_frame-material-type-undefined","11":"pa_leg-color-undefined","12":"pa_leg-material-undefined","13":"pa_linen-box-undefined","14":"pa_main-color-glass","15":"pa_price-group-basic","16":"pa_seat-depth-undefined","17":"pa_seat-width-undefined","18":"pa_sleep-function-undefined","19":"pa_sleeping-area-length-undefined","20":"pa_sleeping-area-width-undefined","21":"pa_style-scandinavian","22":"pa_textile-glass","23":"pa_upholstery-material-undefined","25":"first","26":"instock","27":"purchasable","28":"product-type-simple"},"_links":{"self":[{"href":"https:\/\/baldumarket.lt\/lt\/wp-json\/wp\/v2\/product\/26796","targetHints":{"allow":["GET"]}}],"collection":[{"href":"https:\/\/baldumarket.lt\/lt\/wp-json\/wp\/v2\/product"}],"about":[{"href":"https:\/\/baldumarket.lt\/lt\/wp-json\/wp\/v2\/types\/product"}],"replies":[{"embeddable":true,"href":"https:\/\/baldumarket.lt\/lt\/wp-json\/wp\/v2\/comments?post=26796"}],"wp:featuredmedia":[{"embeddable":true,"href":"https:\/\/baldumarket.lt\/lt\/wp-json\/wp\/v2\/media\/26797"}],"wp:attachment":[{"href":"https:\/\/baldumarket.lt\/lt\/wp-json\/wp\/v2\/media?parent=26796"}],"wp:term":[{"taxonomy":"product_brand","embeddable":true,"href":"https:\/\/baldumarket.lt\/lt\/wp-json\/wp\/v2\/product_brand?post=26796"},{"taxonomy":"product_cat","embeddable":true,"href":"https:\/\/baldumarket.lt\/lt\/wp-json\/wp\/v2\/product_cat?post=26796"},{"taxonomy":"product_tag","embeddable":true,"href":"https:\/\/baldumarket.lt\/lt\/wp-json\/wp\/v2\/product_tag?post=26796"}],"curies":[{"name":"wp","href":"https:\/\/api.w.org\/{rel}","templated":true}]}}