{"id":267954,"date":"2026-01-14T00:46:40","date_gmt":"2026-01-13T21:46:40","guid":{"rendered":"https:\/\/baldumarket.lt\/product\/szafka-rtv-z-dwoma-szufladami-kaspian-1435-cm-dab-sonoma-dab-sonoma\/"},"modified":"2026-02-11T18:18:02","modified_gmt":"2026-02-11T15:18:02","slug":"szafka-rtv-z-dwoma-szufladami-kaspian-1435-cm-dab-sonoma-dab-sonoma","status":"publish","type":"product","link":"https:\/\/baldumarket.lt\/lt\/product\/szafka-rtv-z-dwoma-szufladami-kaspian-1435-cm-dab-sonoma-dab-sonoma\/","title":{"rendered":"TV spintel\u0117 su dviem stal\u010diais KASPIAN 143,5 cm Sonoma \u0105\u017euolas\/Sonoma \u0105\u017euolas"},"content":{"rendered":"<p>\u201eKaspian\u201c televizoriaus staliukas \u2013 puikus sprendimas j\u016bs\u0173 multimedijos svetainei. \u201eKaspian\u201c kolekcija populiar\u0117ja, ir tai nenuostabu. D\u0117l nesenstan\u010dio ir paprasto dizaino ji puikiai tinka tiek klasikiniam, tiek moderniam interjerui. Kod\u0117l \u201eKaspian\u201c televizoriaus staliukas yra puikus pasirinkimas? \u0160tai kelios prie\u017eastys: nesvarbu, ar pakabinote televizori\u0173 ant sienos, ar ie\u0161kote jam idealios vietos, \u201eKaspian\u201c televizoriaus staliukas yra puikus pagrindas j\u016bs\u0173 svetain\u0117s multimedijos centrui. Jis padeda tvarkingai laikyti laidus ir \u012fvairius priedus, tokius kaip valdymo svirtel\u0117s ir nuotolinio valdymo pulteliai. Du erdv\u016bs stal\u010diai leid\u017eia laikyti \u0161iuos smulkius daiktus, u\u017etikrinant, kad j\u016bs\u0173 svetain\u0117 visada b\u016bt\u0173 tvarkinga.<br \/>\nD\u0117l pastorint\u0173 \u0161on\u0173 ir tvirto vir\u0161utinio pavir\u0161iaus \u201eKaspian\u201c televizoriaus stovas gali i\u0161laikyti net didel\u012f, iki 50 coli\u0173, televizori\u0173. Tai baldas, ant kurio galite lengvai pastatyti savo pramog\u0173 centr\u0105 nesijaudindami d\u0117l jo stabilumo.<br \/>\n\u201eKaspian\u201c si\u016blo kelet\u0105 skirting\u0173 spalv\u0173 variant\u0173, tod\u0117l galite priderinti bald\u0105 prie savo svetain\u0117s interjero. Be to, verta atkreipti d\u0117mes\u012f \u012f ry\u0161kius medienos gr\u016bdeli\u0173 ra\u0161tus, atkuriamus faneros. \u0160i detal\u0117 suteikia baldui unikal\u0173 charakter\u012f.<br \/>\n\u201eKaspian\u201c televizoriaus staliukas \u2013 tai baldas, kuris tinka ne tik svetainei, bet ir miegamajam ar darbo kambariui. D\u0117l savo universalumo j\u012f galima naudoti \u012fvairiuose kambariuose, tod\u0117l tai yra investicija, kuri visada bus naudinga. Paaugliui, turin\u010diam savo televizori\u0173.<br \/>\n\u201eKaspian\u201c televizoriaus staliukas tikrai pritrauks paauglio, turin\u010dio savo televizori\u0173 savo kambaryje, d\u0117mes\u012f. Tai baldas, kuris ne tik tinka multimedijos \u012frangai laikyti, bet ir sukuria stiling\u0105 pramog\u0173 erdv\u0119. Trumpai tariant, \u201eKaspian\u201c televizoriaus staliukas yra ne tik baldas multimedijos \u012frangai laikyti, bet ir dekoratyvinis elementas, puikiai tinkantis \u012fvairiems interjerams. Taigi, jei ie\u0161kote baldo, kuris ne tik atlikt\u0173 savo paskirt\u012f, bet ir suteikt\u0173 \u017eavesio j\u016bs\u0173 svetainei ar kitiems kambariams, apsvarstykite \u201eKaspian\u201c televizoriaus staliuk\u0105. Tai prakti\u0161kas ir esteti\u0161kai patrauklus baldas, tod\u0117l jis puikiai tinka daugeliui nam\u0173.<\/p>\n<p>Prek\u0117s kodas S128-RTV2S_II-DSO\/DSO Simbolis ZM EAN Plotis 143,5 cm Gylis 40,5 cm Auk\u0161tis 48,5 cm Kolekcija Kaspian Spalva sonoma \u0105\u017euolas Gaubtas \u0161viesios medienos Stilius modernus Dureli\u0173 skai\u010dius be dur\u0173 Stal\u010di\u0173 skai\u010dius 2 stal\u010diai Rankena be ranken\u0117li\u0173 Gamintojas Juoda Raudona Balta Baldo tipas TV spintel\u0117s PVM 23% EAN 5906123920551<\/p>","protected":false},"excerpt":{"rendered":"<p>The Kaspian TV Stand &#8211; the perfect solution for your multimedia living room. The Kaspian collection is gaining popularity, and it&#8217;s no wonder. Its timeless and simple design makes it a perfect fit for both classic and modern interiors. Why is the Kaspian TV stand an excellent choice? Here are a few reasons: Whether you&#8217;ve [&hellip;]<\/p>","protected":false},"featured_media":267955,"comment_status":"open","ping_status":"open","template":"","meta":[],"product_brand":[],"product_cat":[9200,1175],"product_tag":[],"class_list":{"0":"post-267954","1":"product","2":"type-product","3":"status-publish","4":"has-post-thumbnail","6":"product_cat-black-red-white","7":"product_cat-tv-stands","9":"first","10":"instock","11":"purchasable","12":"product-type-simple"},"_links":{"self":[{"href":"https:\/\/baldumarket.lt\/lt\/wp-json\/wp\/v2\/product\/267954","targetHints":{"allow":["GET"]}}],"collection":[{"href":"https:\/\/baldumarket.lt\/lt\/wp-json\/wp\/v2\/product"}],"about":[{"href":"https:\/\/baldumarket.lt\/lt\/wp-json\/wp\/v2\/types\/product"}],"replies":[{"embeddable":true,"href":"https:\/\/baldumarket.lt\/lt\/wp-json\/wp\/v2\/comments?post=267954"}],"wp:featuredmedia":[{"embeddable":true,"href":"https:\/\/baldumarket.lt\/lt\/wp-json\/wp\/v2\/media\/267955"}],"wp:attachment":[{"href":"https:\/\/baldumarket.lt\/lt\/wp-json\/wp\/v2\/media?parent=267954"}],"wp:term":[{"taxonomy":"product_brand","embeddable":true,"href":"https:\/\/baldumarket.lt\/lt\/wp-json\/wp\/v2\/product_brand?post=267954"},{"taxonomy":"product_cat","embeddable":true,"href":"https:\/\/baldumarket.lt\/lt\/wp-json\/wp\/v2\/product_cat?post=267954"},{"taxonomy":"product_tag","embeddable":true,"href":"https:\/\/baldumarket.lt\/lt\/wp-json\/wp\/v2\/product_tag?post=267954"}],"curies":[{"name":"wp","href":"https:\/\/api.w.org\/{rel}","templated":true}]}}