{"id":267942,"date":"2026-01-14T00:46:31","date_gmt":"2026-01-13T21:46:31","guid":{"rendered":"https:\/\/baldumarket.lt\/product\/szafka-rtv-z-dwoma-szufladami-horton-1665-cm-dab-zloty-grandson-bialy-polysk\/"},"modified":"2026-02-11T18:18:02","modified_gmt":"2026-02-11T15:18:02","slug":"szafka-rtv-z-dwoma-szufladami-horton-1665-cm-dab-zloty-grandson-bialy-polysk","status":"publish","type":"product","link":"https:\/\/baldumarket.lt\/lt\/product\/szafka-rtv-z-dwoma-szufladami-horton-1665-cm-dab-zloty-grandson-bialy-polysk\/","title":{"rendered":"TV spintel\u0117 su dviem stal\u010diais HORTON 166,5 cm, auksinio \u0105\u017euolo \u201eGrandson\u201c \/ baltos blizgios spalvos"},"content":{"rendered":"<p>\u201eHorton\u201c televizoriaus staliukas \u2013 j\u016bs\u0173 svetainei. \u0160is televizoriaus staliukas ne tik atliks savo pagrindin\u0119 funkcij\u0105, bet ir taps stilingu j\u016bs\u0173 svetain\u0117s akcentu. M\u016bs\u0173 gaminys derina funkcionalum\u0105 ir modern\u0173 dizain\u0105, puikiai tinkantis tiems, kurie ie\u0161ko daugiau nei tiesiog televizoriaus staliuko. Televizoriaus staliuko spalv\u0173 gama \u2013 harmoningas blizgios baltos ir \u0161iltos \u201eGrandson\u201c \u0105\u017euolo spalv\u0173 derinys. \u0160is unikalus derinys ne tik praskaidrins j\u016bs\u0173 interjer\u0105, bet ir suteiks gyvyb\u0117s. Staliukas puikiai tiks svetain\u0117je, miegamajame ar bet kuriame kitame kambaryje su televizoriumi. Jo dizainas puikiai dera su skandinavi\u0161ku, retro ir modernistiniu interjeru. Apatin\u0117je televizoriaus staliuko dalyje yra du atskiri stal\u010diai, skirti laikyti \u012frenginius, \u017eaidimus ir laidus. Tiesiai vir\u0161 j\u0173 yra dvi lentynos, puikiai tinkan\u010dios smulkiems daiktams ar su televizoriumi susijusiems priedams susid\u0117ti. Skyl\u0117s staliuko gale leid\u017eia lengvai i\u0161vesti laidus, tod\u0117l viskas i\u0161lieka tvarkinga ir tvarkinga. Televizoriaus staliuko vir\u0161uje yra platus stalvir\u0161is, skirtas stabiliai ir eleganti\u0161kai laikyti j\u016bs\u0173 televizori\u0173. Ne tik prakti\u0161kas, bet ir modernus \u2013 m\u016bs\u0173 televizoriaus staliukas turi \u0161velnaus u\u017edarymo b\u0117gelius, u\u017etikrinan\u010dius, kad stal\u010diai u\u017esidaryt\u0173 \u0161velniai ir tyliai. Standartinis LED ap\u0161vietimas po stalvir\u0161iu suteikia charakterio ir i\u0161ry\u0161kina svarbius dizaino elementus. Stal\u010diai su metalin\u0117mis rankenomis yra ne tik eleganti\u0161ki, bet ir patvar\u016bs bei tvirti kasdieniam naudojimui. Investuokite \u012f funkcionalum\u0105 ir stili\u0173 su m\u016bs\u0173 moderniu televizoriaus staliuku, kuris ne tik su\u017eav\u0117s jus savo dizainu, bet ir palengvins j\u016bs\u0173 svetain\u0117s organizavim\u0105.<\/p>\n<p>Prek\u0117s kodas S488-RTV2S-BI\/DZG\/BIP Simbolis ZM EAN Plotis 166,5 cm Gylis 42 cm Auk\u0161tis 54 cm Kolekcija Horton Spalva balta\/grandson auksinis \u0105\u017euolas\/blizgi balta Atspalvis baltas Stilius modernus Med\u017eiaga laminatas Dureli\u0173 skai\u010dius be dur\u0173 Stal\u010di\u0173 skai\u010dius 2 stal\u010diai Rankena su rankenomis Gamintojas Juoda Raudona Balta Baldo tipas TV spintel\u0117s PVM 23% EAN 5906123709170<\/p>","protected":false},"excerpt":{"rendered":"<p>Horton TV Stand &#8211; for Your Living Room. This TV stand will not only fulfill its primary function but also become a stylish addition to your living room. Our piece combines functionality and modern design, perfect for those looking for more than just a TV stand. The TV stand&#8217;s color scheme is a harmonious combination [&hellip;]<\/p>","protected":false},"featured_media":267943,"comment_status":"open","ping_status":"open","template":"","meta":[],"product_brand":[],"product_cat":[9200,1175],"product_tag":[],"class_list":{"0":"post-267942","1":"product","2":"type-product","3":"status-publish","4":"has-post-thumbnail","6":"product_cat-black-red-white","7":"product_cat-tv-stands","9":"first","10":"instock","11":"purchasable","12":"product-type-simple"},"_links":{"self":[{"href":"https:\/\/baldumarket.lt\/lt\/wp-json\/wp\/v2\/product\/267942","targetHints":{"allow":["GET"]}}],"collection":[{"href":"https:\/\/baldumarket.lt\/lt\/wp-json\/wp\/v2\/product"}],"about":[{"href":"https:\/\/baldumarket.lt\/lt\/wp-json\/wp\/v2\/types\/product"}],"replies":[{"embeddable":true,"href":"https:\/\/baldumarket.lt\/lt\/wp-json\/wp\/v2\/comments?post=267942"}],"wp:featuredmedia":[{"embeddable":true,"href":"https:\/\/baldumarket.lt\/lt\/wp-json\/wp\/v2\/media\/267943"}],"wp:attachment":[{"href":"https:\/\/baldumarket.lt\/lt\/wp-json\/wp\/v2\/media?parent=267942"}],"wp:term":[{"taxonomy":"product_brand","embeddable":true,"href":"https:\/\/baldumarket.lt\/lt\/wp-json\/wp\/v2\/product_brand?post=267942"},{"taxonomy":"product_cat","embeddable":true,"href":"https:\/\/baldumarket.lt\/lt\/wp-json\/wp\/v2\/product_cat?post=267942"},{"taxonomy":"product_tag","embeddable":true,"href":"https:\/\/baldumarket.lt\/lt\/wp-json\/wp\/v2\/product_tag?post=267942"}],"curies":[{"name":"wp","href":"https:\/\/api.w.org\/{rel}","templated":true}]}}