{"id":267934,"date":"2026-01-14T00:46:25","date_gmt":"2026-01-13T21:46:25","guid":{"rendered":"https:\/\/baldumarket.lt\/product\/szafka-rtv-z-dwoma-szufladami-holten-156-cm-bialy-dab-wotan\/"},"modified":"2026-02-11T18:18:02","modified_gmt":"2026-02-11T15:18:02","slug":"szafka-rtv-z-dwoma-szufladami-holten-156-cm-bialy-dab-wotan","status":"publish","type":"product","link":"https:\/\/baldumarket.lt\/lt\/product\/szafka-rtv-z-dwoma-szufladami-holten-156-cm-bialy-dab-wotan\/","title":{"rendered":"HOLTEN TV spintel\u0117 su dviem stal\u010diais, 156 cm, balta\/wotan \u0105\u017euolas"},"content":{"rendered":"<p>\u201eHolten\u201c televizoriaus staliukas \u2013 elegancija ir funkcionalumas j\u016bs\u0173 pramogoms. Jei esate pramog\u0173 entuziastas, norintis susikurti tobul\u0105 viet\u0105 \u017ei\u016br\u0117ti filmus, klausytis muzikos ir naudotis elektroniniais prietaisais, \u201eHolten\u201c televizoriaus staliukas yra puikus pasirinkimas. \u0160is modernus staliukas sujungia erdv\u0119, stili\u0173 ir funkcionalum\u0105, sukurdamas tobulus namus j\u016bs\u0173 pramog\u0173 \u012frangai. \u201eHolten\u201c televizoriaus staliukas si\u016blo dvi atviras erdves, puikiai tinkan\u010dias elektroninei \u012frangai, pavyzd\u017eiui, televizoriui, \u017eaidim\u0173 konsolei ar DVD grotuvui, eksponuoti. \u0160iose erdv\u0117se viskas yra lengvai pasiekiama, tod\u0117l j\u016bs\u0173 pramog\u0173 zona i\u0161lieka tvarkinga ir organizuota. Be to, du prakti\u0161ki stal\u010diai leid\u017eia laikyti DVD ir CD kolekcij\u0105 bei kitus su pramogomis susijusius daiktus. Viena svarbi detal\u0117, kuri\u0105 verta pabr\u0117\u017eti, yra ventiliacijos anga. \u0160is elementas u\u017etikrina tinkam\u0105 oro cirkuliacij\u0105 aplink televizori\u0173, o tai yra labai svarbu norint tinkamai veikti elektronik\u0105. Be to, jis leid\u017eia i\u0161vesti laidus, padeda i\u0161vengti netvarkos ir u\u017etikrina esteti\u0161kai patraukli\u0105 pramog\u0173 zon\u0105. \u201eHolten\u201c televizoriaus staliuko dizainas yra vertas d\u0117mesio. Baldo korpusas yra eleganti\u0161kos matin\u0117s baltos spalvos, suteikian\u010dios jam modern\u0173 ir subtil\u0173 charakter\u012f. Priekin\u0117s dalys yra lakuotos, suteikian\u010dios ry\u0161k\u0173 blizges\u012f ir elegancij\u0105. Unikalus akcentas \u2013 \u201eWotan\u201c \u0105\u017euolo stalvir\u0161is su savo i\u0161skirtiniu ra\u0161tu, suteikian\u010diu baldui nat\u016bralaus \u017eavesio ir \u0161ilumos. Tvirtos korpuso lentjuost\u0117s gra\u017eiai kontrastuoja su lygiu fasad\u0173 be ranken\u0117li\u0173 pavir\u0161iumi, sukurdamos darni\u0105 ir eleganti\u0161k\u0105 visum\u0105. Stal\u010diai apr\u016bpinti \u0161velnaus u\u017edarymo b\u0117geliais, u\u017etikrinan\u010diais beveik tyl\u0173 atidarym\u0105 ir u\u017edarym\u0105, o tai ypa\u010d svarbu, jei norite i\u0161laikyti ramyb\u0119 ir tyl\u0105 linksmindamiesi. \u201eHolten\u201c kolekcija si\u016blo plat\u0173 element\u0173 pasirinkim\u0105, kuriuos galite derinti ir susikurti savo svajoni\u0173 svetain\u0117s i\u0161d\u0117stym\u0105. Tai suteikia jums visi\u0161k\u0105 laisv\u0119 susikurti erdv\u0119, atspindin\u010di\u0105 j\u016bs\u0173 asmenin\u012f stili\u0173 ir poreikius. Trumpai tariant, \u201eHolten\u201c televizoriaus staliukas yra ne tik funkcionalus baldas pramog\u0173 \u012frangai laikyti, bet ir eleganti\u0161kas dekoratyvinis akcentas, suteiksiantis j\u016bs\u0173 pramog\u0173 zonai charakterio. D\u0117mesys talpumui ir estetikai, \u0161is baldas patenkins net ir i\u0161rankiausi\u0173 modernaus dizaino m\u0117g\u0117j\u0173 l\u016bkes\u010dius.<\/p>\n<p>Prek\u0117s kodas S440-RTV2S-BI\/DWO\/BIP Simbolis ZM EAN Plotis 156 cm Gylis 42 cm Auk\u0161tis 60,5 cm Kolekcija Holten Spalva balta\/wotan \u0105\u017euolas\/blizgi balta Baltas atspalvis Stilius modernus Dureli\u0173 skai\u010dius be dur\u0173 Stal\u010di\u0173 skai\u010dius 2 stal\u010diai Rankena be ranken\u0117li\u0173 Gamintojas Juoda Raudona Balta Baldo tipas TV spintel\u0117s PVM 23% EAN 5906123952156<\/p>","protected":false},"excerpt":{"rendered":"<p>\u201eHolten\u201c televizoriaus staliukas \u2013 elegancija ir funkcionalumas j\u016bs\u0173 pramogoms. Jei esate pramog\u0173 entuziastas, norintis susikurti tobul\u0105 viet\u0105 \u017ei\u016br\u0117ti filmus, klausytis muzikos ir naudotis elektroniniais prietaisais, \u201eHolten\u201c televizoriaus staliukas yra puikus pasirinkimas. \u0160is modernus staliukas sujungia erdv\u0119, stili\u0173 ir funkcionalum\u0105, sukurdamas tobulus namus j\u016bs\u0173 pramog\u0173 \u012frangai. [\u2026]<\/p>","protected":false},"featured_media":267935,"comment_status":"open","ping_status":"open","template":"","meta":[],"product_brand":[],"product_cat":[9200,1175],"product_tag":[],"class_list":{"0":"post-267934","1":"product","2":"type-product","3":"status-publish","4":"has-post-thumbnail","6":"product_cat-black-red-white","7":"product_cat-tv-stands","9":"first","10":"instock","11":"purchasable","12":"product-type-simple"},"_links":{"self":[{"href":"https:\/\/baldumarket.lt\/lt\/wp-json\/wp\/v2\/product\/267934","targetHints":{"allow":["GET"]}}],"collection":[{"href":"https:\/\/baldumarket.lt\/lt\/wp-json\/wp\/v2\/product"}],"about":[{"href":"https:\/\/baldumarket.lt\/lt\/wp-json\/wp\/v2\/types\/product"}],"replies":[{"embeddable":true,"href":"https:\/\/baldumarket.lt\/lt\/wp-json\/wp\/v2\/comments?post=267934"}],"wp:featuredmedia":[{"embeddable":true,"href":"https:\/\/baldumarket.lt\/lt\/wp-json\/wp\/v2\/media\/267935"}],"wp:attachment":[{"href":"https:\/\/baldumarket.lt\/lt\/wp-json\/wp\/v2\/media?parent=267934"}],"wp:term":[{"taxonomy":"product_brand","embeddable":true,"href":"https:\/\/baldumarket.lt\/lt\/wp-json\/wp\/v2\/product_brand?post=267934"},{"taxonomy":"product_cat","embeddable":true,"href":"https:\/\/baldumarket.lt\/lt\/wp-json\/wp\/v2\/product_cat?post=267934"},{"taxonomy":"product_tag","embeddable":true,"href":"https:\/\/baldumarket.lt\/lt\/wp-json\/wp\/v2\/product_tag?post=267934"}],"curies":[{"name":"wp","href":"https:\/\/api.w.org\/{rel}","templated":true}]}}