{"id":267930,"date":"2026-01-14T00:46:22","date_gmt":"2026-01-13T21:46:22","guid":{"rendered":"https:\/\/baldumarket.lt\/product\/szafka-rtv-z-dwoma-szufladami-hesen-137-cm-grafit-dab-artisan\/"},"modified":"2026-02-11T18:18:02","modified_gmt":"2026-02-11T15:18:02","slug":"szafka-rtv-z-dwoma-szufladami-hesen-137-cm-grafit-dab-artisan","status":"publish","type":"product","link":"https:\/\/baldumarket.lt\/lt\/product\/szafka-rtv-z-dwoma-szufladami-hesen-137-cm-grafit-dab-artisan\/","title":{"rendered":"HESEN TV spintel\u0117 su dviem stal\u010diais, 137 cm, grafito spalvos\/artisan \u0105\u017euolo spalvos"},"content":{"rendered":"<p>\u201eHesen\u201c televizoriaus staliukas \u2013 \u0161iuolaiki\u0161ka \u0161eimos poilsio zona. \u201eHesen\u201c kolekcija yra ne tik esteti\u0161kai patraukli, bet ir funkcionali. \u0160ios kolekcijos baldai pasi\u017eymi subalansuotomis proporcijomis, prislopintomis spalvomis ir minimalistiniu stiliumi, kuris puikiai dera su moderniomis funkcijomis, tokiomis kaip \u012fmontuotas LED ap\u0161vietimas ir \u0161velnaus u\u017edarymo sistema. \u201eHesen\u201c televizoriaus staliukas \u2013 puikus sprendimas norint sukurti patogi\u0105 televizijos zon\u0105, kurioje gal\u0117tum\u0117te m\u0117gautis laiku su \u0161eima ir atsipalaiduoti \u017ei\u016br\u0117dami filmus, klausydamiesi muzikos ar \u017eaisdami vaizdo \u017eaidimus. Atvira stovo nugar\u0117l\u0117 leid\u017eia laisvai cirkuliuoti aplink elektroninius prietaisus ir palengvina laid\u0173 valdym\u0105. Vir\u0161utin\u0117je dalyje yra vietos televizoriui arba dekoratyviniams daiktams, pavyzd\u017eiui, vazoniniams augalams. Tai taip pat puikus pasirinkimas, jei planuojate televizori\u0173 tvirtinti prie sienos. \u0160is 137 x 59 cm dyd\u017eio televizoriaus staliukas svetainei turi: \u2013 2 atvirus skyrius elektroninei \u012frangai, \u012fskaitant \u012fvairius televizoriaus priedus, tokius kaip pried\u0117lius, grotuvus ir adapterius; \u2013 Du stal\u010dius, puikiai tinkan\u010dius laikyti ma\u017eus nam\u0173 kino teatro daiktus, taip pat asmeninius daiktus, knygas ir \u017eurnalus. Spintel\u0117s spalv\u0173 gama puikiai dera su vazoniniais augalais ir ry\u0161kiomis mink\u0161t\u0173 bald\u0173 spalvomis. Lyg\u016bs grafito fasadai, meni\u0161ko \u0105\u017euolo stalvir\u0161is ir apvalios ranken\u0117l\u0117s sukuria diskreti\u0161k\u0105 ansambl\u012f, leid\u017eiant\u012f eksperimentuoti su \u012fvairi\u0173 tekst\u016br\u0173, form\u0173 ir atspalvi\u0173 aksesuarais. Antrasis spalv\u0173 variantas d\u017eiugina \u0161viesi\u0173 Sibiu maumed\u017eio karkas\u0173 ir Larico pu\u0161ies stalvir\u0161io deriniu. Televizoriaus spintel\u0117s stal\u010diai turi pilno i\u0161traukimo b\u0117gelius, tod\u0117l ji dar funkcionalesn\u0117. Per\u017ei\u016br\u0117kite kitus \u201eHesen\u201c kolekcijos gaminius ir sukurkite darni\u0105 bei eleganti\u0161k\u0105 erdv\u0119 poilsiui savo svetain\u0117je.<\/p>\n<p>Prek\u0117s kodas S515-RTV2S\/6\/14-GF\/DASN Simbolis ZM EAN Plotis 137 cm Gylis 47 cm Auk\u0161tis 59 cm Kolekcija Hesen Spalva grafito\/artisan \u0105\u017euolo atspalvis grafito Skandinavi\u0161ko stiliaus Dureli\u0173 skai\u010dius be dur\u0173 Stal\u010di\u0173 skai\u010dius 2 stal\u010diai Rankena su rankenomis Gamintojas Juoda Raudona Balta Baldo tipas TV spintel\u0117s PVM 23% EAN 5906123812580<\/p>","protected":false},"excerpt":{"rendered":"<p>Hesen TV stand \u2013 creating a family relaxation zone in a modern style. The Hesen collection is not only aesthetically pleasing but also functional. Furniture from this collection is distinguished by balanced proportions, subdued colors, and a minimalist style that perfectly complements modern features such as built-in LED lighting and a soft-close system. The Hesen [&hellip;]<\/p>","protected":false},"featured_media":267931,"comment_status":"open","ping_status":"open","template":"","meta":[],"product_brand":[],"product_cat":[9200,1175],"product_tag":[],"class_list":{"0":"post-267930","1":"product","2":"type-product","3":"status-publish","4":"has-post-thumbnail","6":"product_cat-black-red-white","7":"product_cat-tv-stands","9":"first","10":"instock","11":"purchasable","12":"product-type-simple"},"_links":{"self":[{"href":"https:\/\/baldumarket.lt\/lt\/wp-json\/wp\/v2\/product\/267930","targetHints":{"allow":["GET"]}}],"collection":[{"href":"https:\/\/baldumarket.lt\/lt\/wp-json\/wp\/v2\/product"}],"about":[{"href":"https:\/\/baldumarket.lt\/lt\/wp-json\/wp\/v2\/types\/product"}],"replies":[{"embeddable":true,"href":"https:\/\/baldumarket.lt\/lt\/wp-json\/wp\/v2\/comments?post=267930"}],"wp:featuredmedia":[{"embeddable":true,"href":"https:\/\/baldumarket.lt\/lt\/wp-json\/wp\/v2\/media\/267931"}],"wp:attachment":[{"href":"https:\/\/baldumarket.lt\/lt\/wp-json\/wp\/v2\/media?parent=267930"}],"wp:term":[{"taxonomy":"product_brand","embeddable":true,"href":"https:\/\/baldumarket.lt\/lt\/wp-json\/wp\/v2\/product_brand?post=267930"},{"taxonomy":"product_cat","embeddable":true,"href":"https:\/\/baldumarket.lt\/lt\/wp-json\/wp\/v2\/product_cat?post=267930"},{"taxonomy":"product_tag","embeddable":true,"href":"https:\/\/baldumarket.lt\/lt\/wp-json\/wp\/v2\/product_tag?post=267930"}],"curies":[{"name":"wp","href":"https:\/\/api.w.org\/{rel}","templated":true}]}}