{"id":267922,"date":"2026-01-14T00:46:15","date_gmt":"2026-01-13T21:46:15","guid":{"rendered":"https:\/\/baldumarket.lt\/product\/szafka-rtv-z-dwoma-szufladami-gent-1385-cm-dab-stirling\/"},"modified":"2026-02-11T18:18:02","modified_gmt":"2026-02-11T15:18:02","slug":"szafka-rtv-z-dwoma-szufladami-gent-1385-cm-dab-stirling","status":"publish","type":"product","link":"https:\/\/baldumarket.lt\/lt\/product\/szafka-rtv-z-dwoma-szufladami-gent-1385-cm-dab-stirling\/","title":{"rendered":"TV spintel\u0117 su dviem stal\u010diais GENT 138,5 cm Stirling \u0105\u017euolo spalvos"},"content":{"rendered":"<p>\u201eGent\u201c televizoriaus staliukas \u2013 kompakti\u0161ki namai j\u016bs\u0173 \u012frangai. \u201eGent\u201c kolekcija prad\u017eiugins stilingo ir modernaus interjero m\u0117g\u0117jus, o \u201eGent\u201c televizoriaus staliukas yra puikus sprendimas, jei j\u016bs\u0173 televizorius ir elektronika jums t\u0117ra aksesuaras, o ne pagrindinis svetain\u0117s akcentas. Leiskite man parodyti visus \u0161io kompakti\u0161ko spintel\u0117s privalumus. \u201eGent\u201c televizoriaus staliukas \u2013 tai ma\u017ea, bet labai funkcionali erdv\u0117, kurioje galite eksponuoti savo elektronik\u0105, taip pat laikyti DVD kolekcij\u0105 ir kitus priedus. Jame yra du lengvai i\u0161traukiami stal\u010diai ir atviros lentynos, leid\u017eian\u010dios laikyti ir eksponuoti \u012fvairius daiktus. Stalvir\u0161is yra stabilus ir puikiai tinka televizoriui ar kitiems elektroniniams prietaisams pasid\u0117ti. Be to, stalvir\u0161\u012f dengiantis laminatas sukuria nematom\u0105 dang\u0105, kuri padidina atsparum\u0105 \u012fbr\u0117\u017eimams ir kitiems mechaniniams pa\u017eeidimams, o tai ypa\u010d svarbu kasdieniam naudojimui. Verta pamin\u0117ti, kad spintel\u0117s gale yra dvi ventiliacijos angos, esan\u010dios tame pa\u010diame auk\u0161tyje kaip ir atviros lentynos. Jos leid\u017eia lengvai pasl\u0117pti ir sutvarkyti laidus, suteikiant visai erdvei tvarking\u0105 ir esteti\u0161k\u0105 i\u0161vaizd\u0105. \u201eGent\u201c televizoriaus staliukas yra \u0161iltos Stirlingo \u0105\u017euolo spalvos su matomu medienos ra\u0161tu ir lytimi, tikros medienos tekst\u016bra. \u0160is atspalvis yra eleganti\u0161kas ir universalus, tod\u0117l puikiai dera prie \u012fvairi\u0173 dekoro stili\u0173 ir spalv\u0173. Modern\u0173 spintel\u0117s charakter\u012f pabr\u0117\u017eia energij\u0105 taupantis LED ap\u0161vietimas, \u012frengtas atvirose lentynose. \u0160is ap\u0161vietimas ne tik suteikia interjerui jauki\u0105 atmosfer\u0105, bet ir puikiai i\u0161ry\u0161kina lentynose esan\u010dius daiktus. Novatori\u0161k\u0105 stovo dizain\u0105 dar labiau sustiprina plieno spalvos rankenos ir plat\u016bs lipdiniai, eleganti\u0161kai \u012fr\u0117minantys spintel\u0117s korpus\u0105 ir suteikiantys jam modernumo. Galiausiai, \u0161is stovas pasi\u017eymi i\u0161skirtiniu komfortu. Firmin\u0117s b\u0117gel\u0117s su \u0161velnaus u\u017edarymo sistema u\u017etikrina, kad stal\u010diai atsidaryt\u0173 ir u\u017esidaryt\u0173 skland\u017eiai ir tyliai. \u201eGent\u201c kolekcija si\u016blo plat\u0173 form\u0173 pasirinkim\u0105, kur\u012f galite derinti, kad sukurtum\u0117te darni\u0105 ir harmoning\u0105 kompozicij\u0105 savo namuose ar bute. \u201eGent\u201c televizoriaus staliukas yra puikus sprendimas norint maksimaliai i\u0161naudoti erdv\u0119 ir sukurti funkcional\u0173 bei stiling\u0105 interjer\u0105.<\/p>\n<p>Prek\u0117s kodas S228-RTV2S\/6\/14-DAST Simbolis ZM EAN Plotis 138,5 cm Gylis 54 cm Auk\u0161tis 60 cm Kolekcija Gent Spalva stirling \u0105\u017euolas Atspalvis tamsi mediena Stilius modernus Dureli\u0173 skai\u010dius be dur\u0173 Stal\u010di\u0173 skai\u010dius 2 stal\u010diai Rankena su rankenomis Gamintojas Juoda Raudona Balta Baldo tipas TV spintel\u0117s PVM 23% EAN 5906123923026<\/p>","protected":false},"excerpt":{"rendered":"<p>\u201eGent\u201c televizoriaus staliukas \u2013 kompakti\u0161ki namai j\u016bs\u0173 \u012frangai. \u201eGent\u201c kolekcija prad\u017eiugins stilingo ir modernaus interjero m\u0117g\u0117jus, o \u201eGent\u201c televizoriaus staliukas yra puikus sprendimas, jei j\u016bs\u0173 televizorius ir elektronika jums t\u0117ra aksesuaras, o ne pagrindinis svetain\u0117s elementas. Leiskite man parodyti jums visk\u0105 [\u2026]<\/p>","protected":false},"featured_media":267923,"comment_status":"open","ping_status":"open","template":"","meta":[],"product_brand":[],"product_cat":[9200,1175],"product_tag":[],"class_list":{"0":"post-267922","1":"product","2":"type-product","3":"status-publish","4":"has-post-thumbnail","6":"product_cat-black-red-white","7":"product_cat-tv-stands","9":"first","10":"instock","11":"purchasable","12":"product-type-simple"},"_links":{"self":[{"href":"https:\/\/baldumarket.lt\/lt\/wp-json\/wp\/v2\/product\/267922","targetHints":{"allow":["GET"]}}],"collection":[{"href":"https:\/\/baldumarket.lt\/lt\/wp-json\/wp\/v2\/product"}],"about":[{"href":"https:\/\/baldumarket.lt\/lt\/wp-json\/wp\/v2\/types\/product"}],"replies":[{"embeddable":true,"href":"https:\/\/baldumarket.lt\/lt\/wp-json\/wp\/v2\/comments?post=267922"}],"wp:featuredmedia":[{"embeddable":true,"href":"https:\/\/baldumarket.lt\/lt\/wp-json\/wp\/v2\/media\/267923"}],"wp:attachment":[{"href":"https:\/\/baldumarket.lt\/lt\/wp-json\/wp\/v2\/media?parent=267922"}],"wp:term":[{"taxonomy":"product_brand","embeddable":true,"href":"https:\/\/baldumarket.lt\/lt\/wp-json\/wp\/v2\/product_brand?post=267922"},{"taxonomy":"product_cat","embeddable":true,"href":"https:\/\/baldumarket.lt\/lt\/wp-json\/wp\/v2\/product_cat?post=267922"},{"taxonomy":"product_tag","embeddable":true,"href":"https:\/\/baldumarket.lt\/lt\/wp-json\/wp\/v2\/product_tag?post=267922"}],"curies":[{"name":"wp","href":"https:\/\/api.w.org\/{rel}","templated":true}]}}