{"id":267906,"date":"2026-01-14T00:45:52","date_gmt":"2026-01-13T21:45:52","guid":{"rendered":"https:\/\/baldumarket.lt\/product\/szafka-rtv-z-dwoma-szufladami-forn-156-cm-dab-delano-ciemny-bialy-polysk\/"},"modified":"2026-02-11T18:18:03","modified_gmt":"2026-02-11T15:18:03","slug":"szafka-rtv-z-dwoma-szufladami-forn-156-cm-dab-delano-ciemny-bialy-polysk","status":"publish","type":"product","link":"https:\/\/baldumarket.lt\/lt\/product\/szafka-rtv-z-dwoma-szufladami-forn-156-cm-dab-delano-ciemny-bialy-polysk\/","title":{"rendered":"FORN TV spintel\u0117 su dviem stal\u010diais, 156 cm, Delano tamsus \u0105\u017euolas\/blizgi balta"},"content":{"rendered":"<p>\u201eForn\u201c televizoriaus staliukas \u2013 eleganti\u0161kos pramogos. Jei planuojate savo svetain\u0119 \u012frengti moderniu stiliumi ir ie\u0161kote patvari\u0173 bei universali\u0173 sprendim\u0173, kurie tarnaut\u0173 ilgus metus, \u201eForn\u201c bald\u0173 kolekcija gali b\u016bti puikus pasirinkimas. \u0160i bald\u0173 kolekcija si\u016blo \u012fvairi\u0173 form\u0173, paprast\u0173 dizain\u0173 ir eleganti\u0161k\u0173 apdailos bald\u0173, kurie suteiks mading\u0105 ir esteti\u0161kai patraukl\u0173 interjer\u0105. \u201eForn\u201c televizoriaus staliukas yra pagrindinis svetain\u0117s pramog\u0173 zonos elementas. Su juo galite sukurti funkcional\u0173 ir esteti\u0161kai patraukl\u0173 televizoriaus kampel\u012f, puikiai tinkant\u012f \u017ei\u016br\u0117ti filmus ar \u017eaisti m\u0117gstamus vaizdo \u017eaidimus. Televizoriaus staliukas turi dvi patogias lentynas elektroniniams prietaisams laikyti. Be to, du prakti\u0161ki stal\u010diai suteikia vietos televizoriaus nuotolinio valdymo pultams ar DVD kolekcijai laikyti. Taip pat yra ventiliacijos anga, kuri ne tik padeda palaikyti tinkam\u0105 oro cirkuliacij\u0105, bet ir leid\u017eia valdyti laidus. Stalvir\u0161is idealiai tinka televizoriui, garsiakalbiams ar dekoratyviniams daiktams, pavyzd\u017eiui, vazoms, pad\u0117ti. 156 x 61 cm televizoriaus staliukas taip pat turi pilno i\u0161traukimo stal\u010di\u0173 b\u0117gelius ir \u0161velnaus u\u017edarymo sistem\u0105. Matin\u0117s juodos metalin\u0117s rankenos leid\u017eia lengvai pasiekti stal\u010dius. \u201eForn\u201c kolekcija i\u0161siskiria \u012fvairia spalv\u0173 palete, kuri\u0105 galima \u012fsigyti keturi\u0173 variant\u0173: blizgios baltos, tamsaus \u201eDelano\u201c \u0105\u017euolo su matine juoda, tamsaus \u201eDelano\u201c \u0105\u017euolo su blizgia balta ir blizgios baltos su matine juoda. Tai leid\u017eia jums pasirinkti spalv\u0105, kuri geriausiai dera prie j\u016bs\u0173 interjero. I\u0161bandykite visus \u201eForn\u201c kolekcijos elementus ir susikurkite piln\u0105 svetain\u0117s i\u0161d\u0117stym\u0105, kuris atitiks j\u016bs\u0173 l\u016bkes\u010dius tiek funkcionalumo, tiek estetikos po\u017ei\u016briu. \u201eForn\u201c televizoriaus staliukas \u2013 puikus b\u016bdas sukurti eleganti\u0161k\u0105 ir funkcionali\u0105 erdv\u0119 j\u016bs\u0173 svetain\u0117je.<\/p>\n<p>Prek\u0117s kodas S471-RTV2S-DDC\/BIP Simbolis ZM EAN Plotis 156 cm Gylis 42,5 cm Auk\u0161tis 61 cm Kolekcija Forn Spalva tamsus Delano \u0105\u017euolas\/balta blizgi Atspalvis tamsus medis Stilius modernus Dureli\u0173 skai\u010dius be dur\u0173 Stal\u010di\u0173 skai\u010dius 2 stal\u010diai Rankena su rankenomis Gamintojas Juoda Raudona Balta Baldo tipas TV spintel\u0117s PVM 23% EAN 5906123706131<\/p>","protected":false},"excerpt":{"rendered":"<p>\u201eForn\u201c televizoriaus staliukas \u2013 eleganti\u0161ka pramoga. Jei planuojate savo svetain\u0119 \u012frengti moderniu stiliumi ir ie\u0161kote patvari\u0173 bei universali\u0173 sprendim\u0173, kurie tarnaut\u0173 ilgus metus, \u201eForn\u201c bald\u0173 kolekcija gali b\u016bti puikus pasirinkimas. \u0160i bald\u0173 kolekcija si\u016blo \u012fvairi\u0173 form\u0173, paprast\u0173 dizain\u0173 ir [\u2026]<\/p>","protected":false},"featured_media":267907,"comment_status":"open","ping_status":"open","template":"","meta":[],"product_brand":[],"product_cat":[9200,1175],"product_tag":[],"class_list":{"0":"post-267906","1":"product","2":"type-product","3":"status-publish","4":"has-post-thumbnail","6":"product_cat-black-red-white","7":"product_cat-tv-stands","9":"first","10":"instock","11":"purchasable","12":"product-type-simple"},"_links":{"self":[{"href":"https:\/\/baldumarket.lt\/lt\/wp-json\/wp\/v2\/product\/267906","targetHints":{"allow":["GET"]}}],"collection":[{"href":"https:\/\/baldumarket.lt\/lt\/wp-json\/wp\/v2\/product"}],"about":[{"href":"https:\/\/baldumarket.lt\/lt\/wp-json\/wp\/v2\/types\/product"}],"replies":[{"embeddable":true,"href":"https:\/\/baldumarket.lt\/lt\/wp-json\/wp\/v2\/comments?post=267906"}],"wp:featuredmedia":[{"embeddable":true,"href":"https:\/\/baldumarket.lt\/lt\/wp-json\/wp\/v2\/media\/267907"}],"wp:attachment":[{"href":"https:\/\/baldumarket.lt\/lt\/wp-json\/wp\/v2\/media?parent=267906"}],"wp:term":[{"taxonomy":"product_brand","embeddable":true,"href":"https:\/\/baldumarket.lt\/lt\/wp-json\/wp\/v2\/product_brand?post=267906"},{"taxonomy":"product_cat","embeddable":true,"href":"https:\/\/baldumarket.lt\/lt\/wp-json\/wp\/v2\/product_cat?post=267906"},{"taxonomy":"product_tag","embeddable":true,"href":"https:\/\/baldumarket.lt\/lt\/wp-json\/wp\/v2\/product_tag?post=267906"}],"curies":[{"name":"wp","href":"https:\/\/api.w.org\/{rel}","templated":true}]}}