{"id":267898,"date":"2026-01-14T00:45:45","date_gmt":"2026-01-13T21:45:45","guid":{"rendered":"https:\/\/baldumarket.lt\/product\/szafka-rtv-z-dwoma-szufladami-balin-140-cm-dab-monastery-dab-czarny\/"},"modified":"2026-02-11T18:18:03","modified_gmt":"2026-02-11T15:18:03","slug":"szafka-rtv-z-dwoma-szufladami-balin-140-cm-dab-monastery-dab-czarny","status":"publish","type":"product","link":"https:\/\/baldumarket.lt\/lt\/product\/szafka-rtv-z-dwoma-szufladami-balin-140-cm-dab-monastery-dab-czarny\/","title":{"rendered":"TV spintel\u0117 su dviem stal\u010diais BALIN 140 cm vienuolyno \u0105\u017euolas\/juodas \u0105\u017euolas"},"content":{"rendered":"<p>\u201eBalin\u201c televizoriaus staliukas \u2013 b\u016btinas j\u016bs\u0173 svetain\u0117s aksesuaras. \u201eBalin\u201c kolekcija \u2013 puikus pasirinkimas, kuris d\u0117l savo universalaus dizaino ir unikalios spalv\u0173 gamos skland\u017eiai dera tiek prie modernaus, tiek prie klasikinio interjero. \u201eBalin\u201c televizoriaus staliukas \u2013 tai baldas, kuris tampa nepakei\u010diamu j\u016bs\u0173 svetain\u0117s elementu, si\u016blantis ir erdv\u0119 televizoriui, ir prakti\u0161kus elektronikos bei pried\u0173 laikymo sprendimus. \u201eBalin\u201c televizoriaus staliukas sukurtas atsi\u017evelgiant \u012f funkcionalum\u0105 ir prakti\u0161kum\u0105. Ilgas stalvir\u0161is puikiai tinka televizoriui, o dvi atviros lentynos leid\u017eia laikyti pried\u0117l\u012f, DVD grotuv\u0105 ir kitus elektroninius prietaisus. Apatin\u0117je stovo dalyje slepiasi du kompakti\u0161ki stal\u010diai, puikiai tinkantys priedams, nuotolinio valdymo pultams ar DVD diskams laikyti. Papildomas \u201eBalin\u201c televizoriaus staliuko privalumas \u2013 pasirenkamas LED ap\u0161vietimas, kur\u012f galima \u012fmontuoti po stiklin\u0117mis lentynomis. \u0160is sprendimas sukuria unikali\u0105 atmosfer\u0105 svetain\u0117je, i\u0161ry\u0161kindamas televizori\u0173 ir ant lentyn\u0173 esan\u010dias dekoracijas. Unikali spalv\u0173 gama \u201eBalin\u201c televizoriaus staliukas suteikia interjerui stiliaus ir \u0161ilumos. Baldo korpusas, apdailintas vienuolyno \u0105\u017euolu, derinamas su vientisos vienuolyno \u0105\u017euolo spalvos arba kontrastingo juodo \u0105\u017euolo atspalvio fasadais. \u0160is spalv\u0173 derinys suteikia televizoriaus staliukui unikal\u0173 charakter\u012f ir elegancij\u0105. \u201eBalin\u201c televizoriaus staliukas i\u0161siskiria savo sustorintu korpusu, kuris suteikia ry\u0161k\u0173 \u012fr\u0117minim\u0105 lygiems fasadams. \u0160is tekst\u016bros kontrastas suteikia baldui gylio ir unikali\u0105 i\u0161vaizd\u0105. D\u0117l \u012fvairi\u0173 \u201eBalin\u201c kolekcijos moduli\u0173 turite visi\u0161k\u0105 laisv\u0119 derinti televizoriaus staliuk\u0105 su kitais elementais, tokiais kaip komodos, lentynos, vitrinos ir daugeliu kit\u0173. Galite sukurti darnius ir ergonomi\u0161kus i\u0161d\u0117stymus, atitinkan\u010dius visus j\u016bs\u0173 poreikius. Trumpai tariant, \u201eBalin\u201c televizoriaus staliukas yra ne tik vieta televizoriui, bet ir prakti\u0161kas bei stilingas sprendimas, suteikiantis j\u016bs\u0173 svetainei jaukumo ir elegancijos. D\u0117l savo funkcionalumo, dizaino ir unikalios spalv\u0173 gamos sukursite tobul\u0105 erdv\u0119 \u017ei\u016br\u0117ti televizori\u0173 ir atsipalaiduoti. Rinkit\u0117s \u201eBalin\u201c televizoriaus staliuk\u0105, kad m\u0117gautum\u0117t\u0117s stiliumi ir funkcionalumu viename.<\/p>\n<p>Prek\u0117s kodas S365-RTV2S-DMON\/DCA Simbolis ZM EAN Plotis 140 cm Gylis 45 cm Auk\u0161tis 61 cm Kolekcija Balin Spalva vienuolyno \u0105\u017euolas\/juodas \u0105\u017euolas Atspalvis tamsi mediena Stilius modernus Med\u017eiaga laminatas Dureli\u0173 skai\u010dius be dureli\u0173 Stal\u010di\u0173 skai\u010dius 2 stal\u010diai Rankena su rankenomis Gamintojas Juoda Raudona Balta Baldo tipas TV spintel\u0117s PVM 23% EAN 5906123927703<\/p>","protected":false},"excerpt":{"rendered":"<p>The Balin TV Stand \u2013 A Must-Have for Your Living Room. The Balin collection is an excellent choice that blends seamlessly into both modern and classic interiors, thanks to its versatile design and unique color scheme. The Balin TV Stand is a piece of furniture that becomes an indispensable element of your living room, offering [&hellip;]<\/p>","protected":false},"featured_media":267899,"comment_status":"open","ping_status":"open","template":"","meta":[],"product_brand":[],"product_cat":[9200,1175],"product_tag":[],"class_list":{"0":"post-267898","1":"product","2":"type-product","3":"status-publish","4":"has-post-thumbnail","6":"product_cat-black-red-white","7":"product_cat-tv-stands","9":"first","10":"instock","11":"purchasable","12":"product-type-simple"},"_links":{"self":[{"href":"https:\/\/baldumarket.lt\/lt\/wp-json\/wp\/v2\/product\/267898","targetHints":{"allow":["GET"]}}],"collection":[{"href":"https:\/\/baldumarket.lt\/lt\/wp-json\/wp\/v2\/product"}],"about":[{"href":"https:\/\/baldumarket.lt\/lt\/wp-json\/wp\/v2\/types\/product"}],"replies":[{"embeddable":true,"href":"https:\/\/baldumarket.lt\/lt\/wp-json\/wp\/v2\/comments?post=267898"}],"wp:featuredmedia":[{"embeddable":true,"href":"https:\/\/baldumarket.lt\/lt\/wp-json\/wp\/v2\/media\/267899"}],"wp:attachment":[{"href":"https:\/\/baldumarket.lt\/lt\/wp-json\/wp\/v2\/media?parent=267898"}],"wp:term":[{"taxonomy":"product_brand","embeddable":true,"href":"https:\/\/baldumarket.lt\/lt\/wp-json\/wp\/v2\/product_brand?post=267898"},{"taxonomy":"product_cat","embeddable":true,"href":"https:\/\/baldumarket.lt\/lt\/wp-json\/wp\/v2\/product_cat?post=267898"},{"taxonomy":"product_tag","embeddable":true,"href":"https:\/\/baldumarket.lt\/lt\/wp-json\/wp\/v2\/product_tag?post=267898"}],"curies":[{"name":"wp","href":"https:\/\/api.w.org\/{rel}","templated":true}]}}