{"id":267890,"date":"2026-01-14T00:45:38","date_gmt":"2026-01-13T21:45:38","guid":{"rendered":"https:\/\/baldumarket.lt\/product\/szafka-rtv-z-drzwiami-i-szuflada-vabres-135-cm-dab-artisan-lamele\/"},"modified":"2026-02-11T18:18:03","modified_gmt":"2026-02-11T15:18:03","slug":"szafka-rtv-z-drzwiami-i-szuflada-vabres-135-cm-dab-artisan-lamele","status":"publish","type":"product","link":"https:\/\/baldumarket.lt\/lt\/product\/szafka-rtv-z-drzwiami-i-szuflada-vabres-135-cm-dab-artisan-lamele\/","title":{"rendered":"Vabres TV spintel\u0117 su durel\u0117mis ir stal\u010diumi 135 cm, \u0105\u017euolo imitacija, lamel\u0117s"},"content":{"rendered":"<p>\u201eVabres\u201c televizoriaus staliukas \u2013 stilingos grotel\u0117s po televizoriumi. \u201eVabres\u201c televizoriaus staliukas \u2013 tai puikus funkcionalumo ir modernaus dizaino derinys. Dekoratyvin\u0117s grotel\u0117s ir \u0161iltos spalvos suteikia baldui charakterio ir gylio. Tai puikus pasirinkimas tiems, kurie vertina estetinius sprendimus ir prakti\u0161kas daikt\u0173 laikymo funkcijas. Med\u017eiaga ir spalva. \u201eVabres\u201c i\u0161siskiria dekoratyvin\u0117mis groteli\u0173 lentomis, pagamintomis i\u0161 MDF juosteli\u0173, meni\u0161ko \u0105\u017euolo spalvos, kuri puikiai imituoja medien\u0105 ir suteikia interjerui jauki\u0105 atmosfer\u0105. \u0160ios grotel\u0117s sukuria trimat\u012f efekt\u0105, suteikdamos baldui modern\u0173 ir eleganti\u0161k\u0105 vaizd\u0105. \u0160iltos spalvos ir juod\u0173 akcent\u0173 derinys suteikia staliukui stiling\u0105 ir atitinkant\u012f dabartines interjero dizaino tendencijas. Funkcionalumas. \u201eVabres\u201c televizoriaus staliukas buvo sukurtas optimaliam elektronin\u0117s \u012frangos ir pried\u0173 laikymui. Atvira lentyna suteikia lengv\u0105 prieig\u0105 prie pried\u0117lio, konsol\u0117s ar kit\u0173 \u012frengini\u0173, leid\u017eia patogiai prijungti laidus. Baldas taip pat turi erdvi\u0105 spintel\u0119 su lentyna, puikiai tinkan\u010di\u0105 \u017eaidimams, knygoms ir kitiems didesniems daiktams laikyti. Erdviame stal\u010diuje telpa smulk\u016bs daiktai, kuriuos norite laikyti po ranka, tuo pa\u010diu u\u017etikrinant estetin\u0119 tvark\u0105. Specialyb\u0117s: Dekoratyvin\u0117s MDF juosteli\u0173 lentos i\u0161 dirbtinio \u0105\u017euolo, sukurian\u010dios trimat\u012f efekt\u0105. Apdaila su dirbtinio \u0105\u017euolo dekoru, kuris puikiai imituoja nat\u016brali\u0105 medien\u0105. Subtil\u016bs juodi akcentai suteikia elegancijos ir modernaus stiliaus. Atvira lentyna elektronikai laikyti. Erdvi spintel\u0117 su lentyna ir erdviu stal\u010diumi papildomiems priedams. Erdviame stal\u010diuje telpa smulk\u016bs daiktai, kuriuos norite laikyti po ranka. Kompakti\u0161ki 135,5 x 40 x 46,5 cm matmenys idealiai tinka ma\u017eesn\u0117ms erdv\u0117ms. Santrauka: \u201eVabres\u201c televizoriaus staliukas yra funkcionalus ir stilingas baldas, kuris puikiai papildys modernaus svetain\u0117s dizain\u0105. \u0160iltos dirbtinio \u0105\u017euolo spalvos, lenteli\u0173 ir juod\u0173 detali\u0173 derinys suteikia \u0161iam baldui eleganti\u0161k\u0105 ir jauk\u0173 poj\u016bt\u012f. Tai puikus pasirinkimas ie\u0161kantiems esteti\u0161k\u0173, bet prakti\u0161k\u0173 sprendim\u0173. Jis puikiai dera su kitais \u201eVabres\u201c kolekcijos baldais, leisdamas sukurti harmoning\u0105 erdv\u0119, pritaikyt\u0105 j\u016bs\u0173 poreikiams.<\/p>\n<p>Prek\u0117s kodas S620-RTV1D1S-DASN\/DASN\/CA Plotis 135,5 cm Gylis 40 cm Auk\u0161tis 46,5 cm Kolekcija Vabres Spalva meni\u0161kas \u0105\u017euolas\/juoda Gaubtas \u0161viesi mediena Stilius modernus Med\u017eiaga laminatas Dureli\u0173 skai\u010dius 1 dur\u0173 Stal\u010di\u0173 skai\u010dius 1 stal\u010dius Rankena be ranken\u0117li\u0173 Gamintojas Juoda Raudona Balta Baldo tipas TV spintel\u0117s PVM 23% EAN 5906123050012<\/p>","protected":false},"excerpt":{"rendered":"<p>Vabres TV Stand \u2013 Stylish Slats Under the TV The Vabres TV stand is the perfect combination of functionality and modern design. Thanks to its decorative slats and warm colors, this piece becomes a unique element of the living room, adding character and depth. It&#8217;s an excellent choice for those who value aesthetic solutions and [&hellip;]<\/p>","protected":false},"featured_media":267891,"comment_status":"open","ping_status":"open","template":"","meta":[],"product_brand":[],"product_cat":[9200,1175],"product_tag":[],"class_list":{"0":"post-267890","1":"product","2":"type-product","3":"status-publish","4":"has-post-thumbnail","6":"product_cat-black-red-white","7":"product_cat-tv-stands","9":"first","10":"instock","11":"purchasable","12":"product-type-simple"},"_links":{"self":[{"href":"https:\/\/baldumarket.lt\/lt\/wp-json\/wp\/v2\/product\/267890","targetHints":{"allow":["GET"]}}],"collection":[{"href":"https:\/\/baldumarket.lt\/lt\/wp-json\/wp\/v2\/product"}],"about":[{"href":"https:\/\/baldumarket.lt\/lt\/wp-json\/wp\/v2\/types\/product"}],"replies":[{"embeddable":true,"href":"https:\/\/baldumarket.lt\/lt\/wp-json\/wp\/v2\/comments?post=267890"}],"wp:featuredmedia":[{"embeddable":true,"href":"https:\/\/baldumarket.lt\/lt\/wp-json\/wp\/v2\/media\/267891"}],"wp:attachment":[{"href":"https:\/\/baldumarket.lt\/lt\/wp-json\/wp\/v2\/media?parent=267890"}],"wp:term":[{"taxonomy":"product_brand","embeddable":true,"href":"https:\/\/baldumarket.lt\/lt\/wp-json\/wp\/v2\/product_brand?post=267890"},{"taxonomy":"product_cat","embeddable":true,"href":"https:\/\/baldumarket.lt\/lt\/wp-json\/wp\/v2\/product_cat?post=267890"},{"taxonomy":"product_tag","embeddable":true,"href":"https:\/\/baldumarket.lt\/lt\/wp-json\/wp\/v2\/product_tag?post=267890"}],"curies":[{"name":"wp","href":"https:\/\/api.w.org\/{rel}","templated":true}]}}