{"id":267883,"date":"2026-01-14T00:45:27","date_gmt":"2026-01-13T21:45:27","guid":{"rendered":"https:\/\/baldumarket.lt\/product\/szafka-rtv-z-drzwiami-i-szuflada-lamea-135-cm-dab-artisan\/"},"modified":"2026-02-11T18:18:03","modified_gmt":"2026-02-11T15:18:03","slug":"szafka-rtv-z-drzwiami-i-szuflada-lamea-135-cm-dab-artisan","status":"publish","type":"product","link":"https:\/\/baldumarket.lt\/lt\/product\/szafka-rtv-z-drzwiami-i-szuflada-lamea-135-cm-dab-artisan\/","title":{"rendered":"LAMEA TV spintel\u0117 su durel\u0117mis ir stal\u010diumi, 135 cm, dirbtinio \u0105\u017euolo spalvos"},"content":{"rendered":"<p>\u201eLamea\u201c televizoriaus staliukas \u2013 funkcionalumas svetain\u0117s zonoje. \u201eLamea\u201c kolekcija \u017eavi ne tik gra\u017eia medienos tekst\u016bra, bet ir patvari\u0173 med\u017eiag\u0173 naudojimu, kurios garantuoja ne tik unikali\u0105 i\u0161vaizd\u0105, bet ir ilgaam\u017ei\u0161kum\u0105. Tarp daugyb\u0117s si\u016blom\u0173 gamini\u0173 rasite \u201eLamea\u201c televizoriaus staliuk\u0105 \u2013 puik\u0173 bet kurios svetain\u0117s zonos papildym\u0105. \u0160is prakti\u0161kas \u201eLamea\u201c televizoriaus staliukas patogiai padalina vid\u0173, si\u016blydamas dvi atviras lentynas \u012frangai, plat\u0173 stal\u010di\u0173 ir u\u017erakinam\u0105 spintel\u0119 su lentyna viduje. Tai leid\u017eia susitvarkyti visus \u017eaidimus, \u012fkroviklius, laidus ir kitus priedus, i\u0161laikant tvarking\u0105 ir tvarking\u0105 svetain\u0117s i\u0161vaizd\u0105. Stovo fasadai puo\u0161ti vertikaliais frezavimais, padengtais juodu laku, suteikian\u010diais baldui trimat\u012f charakter\u012f \u2013 vien\u0105 i\u0161 naujausi\u0173 interjero dizaino tendencij\u0173. \u201eLamea\u201c televizoriaus staliuko matmenys \u2013 135 cm plo\u010dio \u2013 yra ne tik prakti\u0161kas sprendimas, bet ir \u012fdomus dekoratyvinis elementas. Baldas i\u0161siskiria \u0161ilta meni\u0161ko \u0105\u017euolo apdaila, atspindin\u010dia nat\u016brali\u0105 medienos tekst\u016br\u0105. Kontrastingi juodi elementai, tokie kaip pakeltos kojel\u0117s ir rankenos, suteikia modernumo. \u0160is dizainas puikiai dera su \u012fvairiais interjerais \u2013 nuo minimalistinio lofto iki jaukaus bohemi\u0161ko stiliaus. Be to, atsparus \u012fbr\u0117\u017eimams laminatas spintel\u0119 daro patvari\u0105 ir lengvai valom\u0105. Taip pat per\u017ei\u016br\u0117kite likusi\u0105 \u201eLamea\u201c kolekcij\u0105, kad rastum\u0117te baldus, kurie puikiai papildys j\u016bs\u0173 interjer\u0105.<\/p>\n<p>Prek\u0117s kodas S632-RTV1D1S-DASN Plotis 135 cm Gylis 41 cm Auk\u0161tis 56 cm Kolekcija Lamea Spalva meni\u0161ko \u0105\u017euolo atspalvis \u0161viesi mediena Stilius modernus Med\u017eiaga laminatas Dureli\u0173 skai\u010dius 1 dur\u0173 Stal\u010di\u0173 skai\u010dius 1 stal\u010dius Rankena su ranken\u0117l\u0117mis Gamintojas Juoda Raudona Balta Baldo tipas TV spintel\u0117s PVM 23% EAN 5906123030809<\/p>","protected":false},"excerpt":{"rendered":"<p>The Lamea TV Stand \u2013 Functionality in the Lounge Area. The Lamea collection impresses not only with its beautiful wood grain but also with the use of durable materials that guarantee not only a unique look but also long-lasting use. Among the many available pieces, you&#8217;ll find the Lamea TV stand, a perfect complement to [&hellip;]<\/p>","protected":false},"featured_media":267884,"comment_status":"open","ping_status":"open","template":"","meta":[],"product_brand":[],"product_cat":[9200,1175],"product_tag":[],"class_list":{"0":"post-267883","1":"product","2":"type-product","3":"status-publish","4":"has-post-thumbnail","6":"product_cat-black-red-white","7":"product_cat-tv-stands","9":"first","10":"instock","11":"purchasable","12":"product-type-simple"},"_links":{"self":[{"href":"https:\/\/baldumarket.lt\/lt\/wp-json\/wp\/v2\/product\/267883","targetHints":{"allow":["GET"]}}],"collection":[{"href":"https:\/\/baldumarket.lt\/lt\/wp-json\/wp\/v2\/product"}],"about":[{"href":"https:\/\/baldumarket.lt\/lt\/wp-json\/wp\/v2\/types\/product"}],"replies":[{"embeddable":true,"href":"https:\/\/baldumarket.lt\/lt\/wp-json\/wp\/v2\/comments?post=267883"}],"wp:featuredmedia":[{"embeddable":true,"href":"https:\/\/baldumarket.lt\/lt\/wp-json\/wp\/v2\/media\/267884"}],"wp:attachment":[{"href":"https:\/\/baldumarket.lt\/lt\/wp-json\/wp\/v2\/media?parent=267883"}],"wp:term":[{"taxonomy":"product_brand","embeddable":true,"href":"https:\/\/baldumarket.lt\/lt\/wp-json\/wp\/v2\/product_brand?post=267883"},{"taxonomy":"product_cat","embeddable":true,"href":"https:\/\/baldumarket.lt\/lt\/wp-json\/wp\/v2\/product_cat?post=267883"},{"taxonomy":"product_tag","embeddable":true,"href":"https:\/\/baldumarket.lt\/lt\/wp-json\/wp\/v2\/product_tag?post=267883"}],"curies":[{"name":"wp","href":"https:\/\/api.w.org\/{rel}","templated":true}]}}