{"id":267879,"date":"2026-01-14T00:45:23","date_gmt":"2026-01-13T21:45:23","guid":{"rendered":"https:\/\/baldumarket.lt\/product\/szafka-rtv-z-drzwiami-i-szuflada-kassel-150-cm-dab-monastery-dab-czarny\/"},"modified":"2026-02-11T18:18:03","modified_gmt":"2026-02-11T15:18:03","slug":"szafka-rtv-z-drzwiami-i-szuflada-kassel-150-cm-dab-monastery-dab-czarny","status":"publish","type":"product","link":"https:\/\/baldumarket.lt\/lt\/product\/szafka-rtv-z-drzwiami-i-szuflada-kassel-150-cm-dab-monastery-dab-czarny\/","title":{"rendered":"TV spintel\u0117 su durel\u0117mis ir stal\u010diumi KASSEL 150 cm vienuolyno \u0105\u017euolas\/juodas \u0105\u017euolas"},"content":{"rendered":"<p>\u201eKassel\u201c televizoriaus staliukas \u2013 \u012fsp\u016bdingas pramog\u0173 kampelis. \u201eKassel\u201c televizoriaus staliukas \u2013 puikus sprendimas, suteikiantis j\u016bs\u0173 svetainei i\u0161ties eleganti\u0161k\u0105 i\u0161vaizd\u0105. \u201eKassel\u201c kolekcijos baldai suteiks j\u016bs\u0173 kambariui klas\u0117s ir originalumo. \u0160ioje serijoje yra funkcionalus televizoriaus staliukas, puikiai tinkantis \u012frangai ir daugeliui kit\u0173 daikt\u0173 laikyti, tuo pa\u010diu u\u017etikrinant aplink\u0105 be trukd\u017ei\u0173 \u017ei\u016br\u0117ti m\u0117gstam\u0105 televizori\u0173.<br \/>\n\u0160is televizoriaus staliukas pad\u0117s sutvarkyti j\u016bs\u0173 pramog\u0173 zon\u0105. Didelis stalvir\u0161is lengvai talpina didel\u012f televizori\u0173, o speciali ni\u0161a leid\u017eia pastatyti pried\u0117l\u012f ar konsol\u0119. Be to, ventiliacijos anga ne tik u\u017etikrina tinkam\u0105 oro sraut\u0105, bet ir efektyviai pa\u0161alina laid\u0173 raizgalyn\u0105.<br \/>\n\u0160is baldas taip pat si\u016blo prakti\u0161k\u0105 daikt\u0173 laikymo viet\u0105. Didelis stal\u010dius idealiai tinka \u012fkrovikliams, baterijoms ir kitiems smulkiems daiktams laikyti, o spintel\u0117 su lentyna \u2013 \u017eaidimams ar \u017eurnalams.<br \/>\n\u201eKassel\u201c televizoriaus staliukas apjungia naujausias dizaino tendencijas. Dvi gra\u017eios spalvos \u2013 \u0161ilta \u0105\u017euolo ir eleganti\u0161ka juoda \u0105\u017euolo \u2013 sukuria harmoning\u0105 duet\u0105. Ry\u0161kus medienos ra\u0161tas suteikia svetainei jaukumo, o kontrastinga juoda \u2013 i\u0161skirtinumo. \u0160is spalv\u0173 derinys puikiai tinka moderniam arba lofto stiliaus interjerui.<\/p>\n<p>Prek\u0117s kodas S491-RTV1D1S-DMON\/DCA Simbolis ZM EAN Plotis 150 cm Gylis 41 cm Auk\u0161tis 49 cm Kolekcija Kassel Spalva vienuolyno \u0105\u017euolas\/juodas \u0105\u017euolas Atspalvis tamsi mediena Stilius modernus Med\u017eiaga laminatas Dureli\u0173 skai\u010dius 1 dur\u0173 Stal\u010di\u0173 skai\u010dius 1 stal\u010dius Rankena su rankenomis Gamintojas Juoda Raudona Balta Baldo tipas TV spintel\u0117s PVM 23% EAN 5906123709620<\/p>","protected":false},"excerpt":{"rendered":"<p>The Kassel TV Stand \u2013 A Striking Entertainment Corner. The Kassel TV stand is the perfect solution for giving your living room a truly elegant look. Furniture from the Kassel collection will add class and originality to your room. This range includes a functional TV stand, perfect for storing equipment and many other items, while [&hellip;]<\/p>","protected":false},"featured_media":267880,"comment_status":"open","ping_status":"open","template":"","meta":[],"product_brand":[],"product_cat":[9200,1175],"product_tag":[],"class_list":{"0":"post-267879","1":"product","2":"type-product","3":"status-publish","4":"has-post-thumbnail","6":"product_cat-black-red-white","7":"product_cat-tv-stands","9":"first","10":"instock","11":"purchasable","12":"product-type-simple"},"_links":{"self":[{"href":"https:\/\/baldumarket.lt\/lt\/wp-json\/wp\/v2\/product\/267879","targetHints":{"allow":["GET"]}}],"collection":[{"href":"https:\/\/baldumarket.lt\/lt\/wp-json\/wp\/v2\/product"}],"about":[{"href":"https:\/\/baldumarket.lt\/lt\/wp-json\/wp\/v2\/types\/product"}],"replies":[{"embeddable":true,"href":"https:\/\/baldumarket.lt\/lt\/wp-json\/wp\/v2\/comments?post=267879"}],"wp:featuredmedia":[{"embeddable":true,"href":"https:\/\/baldumarket.lt\/lt\/wp-json\/wp\/v2\/media\/267880"}],"wp:attachment":[{"href":"https:\/\/baldumarket.lt\/lt\/wp-json\/wp\/v2\/media?parent=267879"}],"wp:term":[{"taxonomy":"product_brand","embeddable":true,"href":"https:\/\/baldumarket.lt\/lt\/wp-json\/wp\/v2\/product_brand?post=267879"},{"taxonomy":"product_cat","embeddable":true,"href":"https:\/\/baldumarket.lt\/lt\/wp-json\/wp\/v2\/product_cat?post=267879"},{"taxonomy":"product_tag","embeddable":true,"href":"https:\/\/baldumarket.lt\/lt\/wp-json\/wp\/v2\/product_tag?post=267879"}],"curies":[{"name":"wp","href":"https:\/\/api.w.org\/{rel}","templated":true}]}}