{"id":267871,"date":"2026-01-14T00:45:17","date_gmt":"2026-01-13T21:45:17","guid":{"rendered":"https:\/\/baldumarket.lt\/product\/szafka-rtv-trzdrzwiowa-larios-143-cm-bialy-bialy-polysk\/"},"modified":"2026-02-11T18:18:03","modified_gmt":"2026-02-11T15:18:03","slug":"szafka-rtv-trzdrzwiowa-larios-143-cm-bialy-bialy-polysk","status":"publish","type":"product","link":"https:\/\/baldumarket.lt\/lt\/product\/szafka-rtv-trzdrzwiowa-larios-143-cm-bialy-bialy-polysk\/","title":{"rendered":"LARIOS trij\u0173 dur\u0173 televizoriaus spintel\u0117, 143 cm, balta\/blizgi balta"},"content":{"rendered":"<p>\u201eLarios\u201c televizoriaus staliukas \u2013 erdvus baldas svetain\u0117s centre. \u201eLarios\u201c televizoriaus staliukas yra puikus pasirinkimas ie\u0161kantiems ne tik patrauklaus baldo, bet ir prakti\u0161ko sprendimo, kuris taps pagrindiniu svetain\u0117s akcentu. D\u0117l modernaus dizaino \u0161is baldas puikiai der\u0117s prie \u012fvairi\u0173 interjero stili\u0173, pabr\u0117\u017edamas savo funkcionalum\u0105. \u201eLarios\u201c televizoriaus staliuko privalumai yra \u012fvair\u016bs ir pritaikyti prie naudotoj\u0173 poreiki\u0173: 1. Erdvus trij\u0173 dur\u0173 blokas: \u201eLarios\u201c televizoriaus staliukas yra ne tik dekoratyvinis elementas, bet ir funkcionalus daikt\u0173 laikymo sprendimas. Trys durys slepia erdvi\u0105 erdv\u0119, idealiai tinkan\u010di\u0105 multimedijos \u012frangai, \u017eaidimams ir kitiems daiktams laikyti. 2. Funkcin\u0117s lentynos: Lentynos stovo viduje leid\u017eia tvarkingai laikyti \u012fvairius daiktus, u\u017etikrinant lengv\u0105 prieig\u0105 prie j\u0173. 3. Fasadai be ranken\u0117li\u0173: Modern\u016bs fasadai be ranken\u0117li\u0173 yra ne tik esteti\u0161ki, bet ir suteikia papildomo komforto kasdieniam naudojimui. Surink\u0119 pirm\u0105 kart\u0105, galite pasirinkti, kurioje spintel\u0117s pus\u0117je bus dvejos durys, o tai leis jums pritaikyti staliuk\u0105 pagal savo individualius pageidavimus ir dizaino poreikius. Spintel\u0117s matmenys \u2013 143 cm x 71 cm x 32 cm, tod\u0117l ji puikiai taps bet kurio svetain\u0117s akcentu, nepriklausomai nuo jos dyd\u017eio. Galima rinktis i\u0161 trij\u0173 spalv\u0173: \u201eArtisan Oak\u201c \/ \u201eMatera\u201c, \u201eArtisan Oak\u201c \/ juodos ir baltos \/ blizgios baltos, tod\u0117l spintel\u0119 galite priderinti prie esamo interjero ir stiliaus. Taip pat raginame i\u0161bandyti kitus \u201eLarios\u201c kolekcijos baldus, kad sukurtum\u0117te darn\u0173 svetain\u0117s dizain\u0105. \u201eLarios\u201c televizoriaus staliukas yra ne tik erdvus baldas, bet ir akcentas, kuriame funkcionalumas derinamas su moderniu dizainu ir kuris taps j\u016bs\u0173 svetain\u0117s \u0161irdies akcentu.<\/p>\n<p>Prek\u0117s kodas S566-RTV3D-BI\/BIP Plotis 143 cm Gylis 32 cm Auk\u0161tis 71 cm Kolekcija Larios Spalva balta\/blizgi balta Atspalvis baltas Stilius modernus Med\u017eiaga laminatas Dureli\u0173 skai\u010dius 3 dur\u0173 Stal\u010di\u0173 skai\u010dius be stal\u010di\u0173 Rankena be ranken\u0117li\u0173 Gamintojas Juoda Raudona Balta Baldo tipas TV spintel\u0117s PVM 23% EAN 5906123001069<\/p>","protected":false},"excerpt":{"rendered":"<p>\u201eLarios\u201c televizoriaus staliukas \u2013 erdvus baldas svetain\u0117s centre. \u201eLarios\u201c televizoriaus staliukas yra puikus pasirinkimas tiems, kurie ie\u0161ko ne tik patrauklaus baldo, bet ir prakti\u0161ko sprendimo, kuris taps j\u0173 svetain\u0117s pagrindiniu akcentu. D\u0117l modernaus dizaino \u0161is [\u2026]<\/p>","protected":false},"featured_media":267872,"comment_status":"open","ping_status":"open","template":"","meta":[],"product_brand":[],"product_cat":[9200,1175],"product_tag":[],"class_list":{"0":"post-267871","1":"product","2":"type-product","3":"status-publish","4":"has-post-thumbnail","6":"product_cat-black-red-white","7":"product_cat-tv-stands","9":"first","10":"instock","11":"purchasable","12":"product-type-simple"},"_links":{"self":[{"href":"https:\/\/baldumarket.lt\/lt\/wp-json\/wp\/v2\/product\/267871","targetHints":{"allow":["GET"]}}],"collection":[{"href":"https:\/\/baldumarket.lt\/lt\/wp-json\/wp\/v2\/product"}],"about":[{"href":"https:\/\/baldumarket.lt\/lt\/wp-json\/wp\/v2\/types\/product"}],"replies":[{"embeddable":true,"href":"https:\/\/baldumarket.lt\/lt\/wp-json\/wp\/v2\/comments?post=267871"}],"wp:featuredmedia":[{"embeddable":true,"href":"https:\/\/baldumarket.lt\/lt\/wp-json\/wp\/v2\/media\/267872"}],"wp:attachment":[{"href":"https:\/\/baldumarket.lt\/lt\/wp-json\/wp\/v2\/media?parent=267871"}],"wp:term":[{"taxonomy":"product_brand","embeddable":true,"href":"https:\/\/baldumarket.lt\/lt\/wp-json\/wp\/v2\/product_brand?post=267871"},{"taxonomy":"product_cat","embeddable":true,"href":"https:\/\/baldumarket.lt\/lt\/wp-json\/wp\/v2\/product_cat?post=267871"},{"taxonomy":"product_tag","embeddable":true,"href":"https:\/\/baldumarket.lt\/lt\/wp-json\/wp\/v2\/product_tag?post=267871"}],"curies":[{"name":"wp","href":"https:\/\/api.w.org\/{rel}","templated":true}]}}