{"id":267865,"date":"2026-01-14T00:45:11","date_gmt":"2026-01-13T21:45:11","guid":{"rendered":"https:\/\/baldumarket.lt\/product\/szafka-rtv-otwarta-nepo-plus-1385-cm-bialy\/"},"modified":"2026-02-11T18:18:03","modified_gmt":"2026-02-11T15:18:03","slug":"szafka-rtv-otwarta-nepo-plus-1385-cm-bialy","status":"publish","type":"product","link":"https:\/\/baldumarket.lt\/lt\/product\/szafka-rtv-otwarta-nepo-plus-1385-cm-bialy\/","title":{"rendered":"NEPO PLUS atvira TV spintel\u0117, 138,5 cm, balta"},"content":{"rendered":"<p>\u201eNepo Plus\u201c televizoriaus staliukas \u2013 modernus interjero dekoravimo sprendimas. Jei svajojate sukurti stiling\u0105 ir funkcionali\u0105 erdv\u0119 savo svetain\u0117je ar miegamajame, turime jums i\u0161skirtinai patraukl\u0173 variant\u0105. \u201eNepo Plus\u201c televizoriaus staliukas sujungia auk\u0161tos kokyb\u0117s meistri\u0161kum\u0105 su unikaliu dizainu, puikiai papildydamas tiek modern\u0173, tiek klasikin\u012f interjer\u0105. Tai puikus b\u016bdas sukurti stabil\u0173 televizoriaus laikikl\u012f ir prakti\u0161k\u0105 viet\u0105 \u012ftaisams, stalo \u017eaidimams ir kitiems priedams laikyti. Vienas i\u0161 pagrindini\u0173 \u201eNepo Plus\u201c televizoriaus staliuko privalum\u0173 \u2013 tvirta konstrukcija. \u0160is baldas pagamintas i\u0161 patvarios laminuotos plok\u0161t\u0117s, kuri\u0105 galima \u012fsigyti trij\u0173 skirting\u0173 spalv\u0173. Tai rei\u0161kia, kad galite j\u012f ne tik pritaikyti pagal savo individualius estetinius pageidavimus, bet ir b\u016bti tikri, kad jis bus atsparus pa\u017eeidimams ir ilgai i\u0161laikys savo pirmin\u0119 i\u0161vaizd\u0105. Be to, staliuko valymas yra ne\u012ftik\u0117tinai paprastas. Mink\u0161ta \u0161luoste ir trumpu darbu pakanka, kad jis atkurt\u0173 blizges\u012f ir gaivum\u0105. Tai u\u017etikrins, kad j\u016bs\u0173 svetain\u0117 ar miegamasis visada atrodyt\u0173 tvarkingai ir eleganti\u0161kai. Ta\u010diau \u201eNepo Plus\u201c televizoriaus staliukas vertas d\u0117mesio ne tik d\u0117l patvarumo ir paprastos prie\u017ei\u016bros. Tikras jo turtas yra unikalus dizainas. \u0160is stovas i\u0161siskiria originalia forma, traukia d\u0117mes\u012f ir suteikia interjerui unikalumo. Nesvarbu, ar jums labiau patinka minimalistinis, modernus stilius, ar klasikin\u0117 elegancija, \u0161is stovas puikiai papildys j\u016bs\u0173 erdv\u0119. \u201eNepo Plus\u201c televizoriaus stovas ne tik \u017eavi savo i\u0161vaizda, bet ir yra prakti\u0161kas. Viduje rasite daugyb\u0119 lentyn\u0173 \u012fvairiems daiktams laikyti. Ant j\u0173 galite sud\u0117ti m\u0117gstamas knygas, stalo \u017eaidimus, dekoracijas ar kitus nieku\u010dius. Tai puikus sprendimas tiems, kurie vertina tvark\u0105 ir organizuotum\u0105 savo gyvenamojoje erdv\u0117je. Papildomas stovo privalumas yra jo geb\u0117jimas suteikti stabili\u0105 atram\u0105 televizoriui. Tai ne tik suteikia jums centrin\u012f pramog\u0173 centr\u0105 j\u016bs\u0173 svetain\u0117je, bet ir u\u017etikrina, kad j\u016bs\u0173 televizorius b\u016bt\u0173 saugus ir stabilus. Trumpai tariant, \u201eNepo Plus\u201c televizoriaus stovas yra baldas, puikiai derinantis funkcionalum\u0105, estetik\u0105 ir kokybi\u0161k\u0105 meistri\u0161kum\u0105. Jei norite, kad j\u016bs\u0173 svetain\u0117 ar miegamasis b\u016bt\u0173 ne tik gra\u017eus, bet ir prakti\u0161kas, \u0161is stovas pateisins j\u016bs\u0173 l\u016bkes\u010dius. Pasirinkite skoning\u0105 ir original\u0173 interjero dizain\u0105 ir m\u0117gaukit\u0117s poilsiu su m\u0117gstamu serialu, apsupti bald\u0173, kurie traukia ak\u012f ir suteikia j\u016bs\u0173 namams charakterio. \u201eNepo Plus\u201c televizoriaus staliukas \u2013 pasirinkimas, kuris tikrai nenuvils.<\/p>\n<p>Prek\u0117s kodas S435-RTV-BI Simbolis ZM EAN Plotis 138,5 cm Gylis 46,5 cm Auk\u0161tis 42,5 cm Kolekcija \u201eNepo Plus\u201c Spalva balta Atspalvis baltas Stilius modernus Dureli\u0173 skai\u010dius be dur\u0173 Stal\u010di\u0173 skai\u010dius be stal\u010di\u0173 Gamintojas Juoda Raudona Balta Baldo tipas TV spintel\u0117s PVM 23% EAN 5906123950190<\/p>","protected":false},"excerpt":{"rendered":"<p>The Nepo Plus TV Stand \u2013 A Modern Interior Furnishing Idea. If you dream of creating a stylish and functional space in your living room or bedroom, we have an exceptionally attractive option for you. The Nepo Plus TV Stand combines high-quality craftsmanship with a unique design, perfectly complementing both modern and classic interiors. It&#8217;s [&hellip;]<\/p>","protected":false},"featured_media":267866,"comment_status":"open","ping_status":"open","template":"","meta":[],"product_brand":[],"product_cat":[9200,1175],"product_tag":[],"class_list":{"0":"post-267865","1":"product","2":"type-product","3":"status-publish","4":"has-post-thumbnail","6":"product_cat-black-red-white","7":"product_cat-tv-stands","9":"first","10":"instock","11":"purchasable","12":"product-type-simple"},"_links":{"self":[{"href":"https:\/\/baldumarket.lt\/lt\/wp-json\/wp\/v2\/product\/267865","targetHints":{"allow":["GET"]}}],"collection":[{"href":"https:\/\/baldumarket.lt\/lt\/wp-json\/wp\/v2\/product"}],"about":[{"href":"https:\/\/baldumarket.lt\/lt\/wp-json\/wp\/v2\/types\/product"}],"replies":[{"embeddable":true,"href":"https:\/\/baldumarket.lt\/lt\/wp-json\/wp\/v2\/comments?post=267865"}],"wp:featuredmedia":[{"embeddable":true,"href":"https:\/\/baldumarket.lt\/lt\/wp-json\/wp\/v2\/media\/267866"}],"wp:attachment":[{"href":"https:\/\/baldumarket.lt\/lt\/wp-json\/wp\/v2\/media?parent=267865"}],"wp:term":[{"taxonomy":"product_brand","embeddable":true,"href":"https:\/\/baldumarket.lt\/lt\/wp-json\/wp\/v2\/product_brand?post=267865"},{"taxonomy":"product_cat","embeddable":true,"href":"https:\/\/baldumarket.lt\/lt\/wp-json\/wp\/v2\/product_cat?post=267865"},{"taxonomy":"product_tag","embeddable":true,"href":"https:\/\/baldumarket.lt\/lt\/wp-json\/wp\/v2\/product_tag?post=267865"}],"curies":[{"name":"wp","href":"https:\/\/api.w.org\/{rel}","templated":true}]}}