{"id":267857,"date":"2026-01-14T00:45:03","date_gmt":"2026-01-13T21:45:03","guid":{"rendered":"https:\/\/baldumarket.lt\/product\/szafka-rtv-dwudrzwiowa-z-szuflada-loksa-160-cm-andersen-pine-white\/"},"modified":"2026-02-11T18:18:03","modified_gmt":"2026-02-11T15:18:03","slug":"szafka-rtv-dwudrzwiowa-z-szuflada-loksa-160-cm-andersen-pine-white","status":"publish","type":"product","link":"https:\/\/baldumarket.lt\/lt\/product\/szafka-rtv-dwudrzwiowa-z-szuflada-loksa-160-cm-andersen-pine-white\/","title":{"rendered":"Dvidur\u0117 TV spintel\u0117 su stal\u010diumi LOKSA, 160 cm, anderseno pu\u0161is, balta"},"content":{"rendered":"<p>\u201eLoksa\u201c televizoriaus staliukas \u2013 pramog\u0173 centras j\u016bs\u0173 svetainei. Jei svajojate apie skandinavi\u0161k\u0105 stili\u0173 savo interjere, \u201eLoksa\u201c kolekcija yra puikus pasirinkimas. Jos charakteringos savyb\u0117s, tokios kaip paprastos formos, dekoruoti r\u0117miniai fasadai, stilingos ranken\u0117l\u0117s ir prislopintos spalvos, puikiai dera su skandinavi\u0161ko dizaino estetika. \u0160i kolekcija si\u016blo plat\u0173 bald\u0173 asortiment\u0105, leid\u017eiant\u012f j\u016bs\u0173 svetain\u0119 ir prie\u0161kambar\u012f \u012frengti pagal \u0161\u012f stili\u0173. \u201eLoksa\u201c televizoriaus staliukas yra j\u016bs\u0173 svetain\u0117s pramog\u0173 zonos akcentas. Tai vieta, kur galite pasid\u0117ti televizori\u0173, kuriuo gal\u0117site m\u0117gautis su \u0161eima ir draugais. Tai taip pat vieta konsolei, \u017eaidim\u0173 pultams ir film\u0173 kolekcijai laikyti. Dvi spintel\u0117s, kompakti\u0161kas stal\u010dius ir atvira lentyna suteikia daug galimybi\u0173 organizuoti savo erdv\u0119. Be to, speciali ventiliacijos anga leid\u017eia patogiai pasl\u0117pti laidus nuo elektronin\u0117s \u012frangos. Televizoriaus staliuko spalv\u0173 gama dera su likusia \u201eLoksa\u201c kolekcijos \u012franga, sukurdama harmoning\u0105 visum\u0105 j\u016bs\u0173 interjere. \u201eGrandson\u201c \u0105\u017euolo stalvir\u0161is gra\u017eiai kontrastuoja su baltos \u201eAndersen\u201c pu\u0161ies korpusu ir fasadais. R\u0117miniai fasadai ir stilingos ranken\u0117l\u0117s suteikia elegancijos ir charakterio. \u0160is skandinavi\u0161ko stiliaus televizoriaus staliukas puikiai tiks ne tik svetainei, bet ir miegamajam ar bet kuriam kitam kambariui, kuriame reikia funkcionalios ir esteti\u0161kos vietos daiktams susid\u0117ti. Tai baldas, kur\u012f galima lengvai papildyti kitais \u201eLoksa\u201c kolekcijos baldais arba derinti su kitais baldais, sukuriant darn\u0173 interjero dizain\u0105.<\/p>\n<p>Prek\u0117s kodas S455-RTV2D1S-APW Simbolis ZM EAN Plotis 160 cm Gylis 44 cm Auk\u0161tis 50,5 cm Kolekcija Loksa Spalva andersen pu\u0161is balta Gaubtas \u0161viesi mediena Stilius Skandinavi\u0161kas Med\u017eiaga laminatas Dureli\u0173 skai\u010dius 2 dur\u0173 Stal\u010di\u0173 skai\u010dius 1 stal\u010dius Rankena su rankenomis Gamintojas Juoda Raudona Balta Baldo tipas TV spintel\u0117s PVM 23% EAN 5906123607520<\/p>","protected":false},"excerpt":{"rendered":"<p>\u201eLoksa\u201c televizoriaus staliukas \u2013 pramog\u0173 centras j\u016bs\u0173 svetainei. Jei svajojate apie skandinavi\u0161k\u0105 stili\u0173 savo interjere, \u201eLoksa\u201c kolekcija yra puikus pasirinkimas. Jos charakteringos savyb\u0117s, tokios kaip paprastos formos, dekoruoti r\u0117miniai fasadai, stilingos ranken\u0117l\u0117s ir prislopintos spalvos, puikiai dera prie skandinavi\u0161ko dizaino estetikos. \u0160i kolekcija si\u016blo plat\u0173 [\u2026]<\/p>","protected":false},"featured_media":267858,"comment_status":"open","ping_status":"open","template":"","meta":[],"product_brand":[],"product_cat":[9200,1175],"product_tag":[],"class_list":{"0":"post-267857","1":"product","2":"type-product","3":"status-publish","4":"has-post-thumbnail","6":"product_cat-black-red-white","7":"product_cat-tv-stands","9":"first","10":"instock","11":"purchasable","12":"product-type-simple"},"_links":{"self":[{"href":"https:\/\/baldumarket.lt\/lt\/wp-json\/wp\/v2\/product\/267857","targetHints":{"allow":["GET"]}}],"collection":[{"href":"https:\/\/baldumarket.lt\/lt\/wp-json\/wp\/v2\/product"}],"about":[{"href":"https:\/\/baldumarket.lt\/lt\/wp-json\/wp\/v2\/types\/product"}],"replies":[{"embeddable":true,"href":"https:\/\/baldumarket.lt\/lt\/wp-json\/wp\/v2\/comments?post=267857"}],"wp:featuredmedia":[{"embeddable":true,"href":"https:\/\/baldumarket.lt\/lt\/wp-json\/wp\/v2\/media\/267858"}],"wp:attachment":[{"href":"https:\/\/baldumarket.lt\/lt\/wp-json\/wp\/v2\/media?parent=267857"}],"wp:term":[{"taxonomy":"product_brand","embeddable":true,"href":"https:\/\/baldumarket.lt\/lt\/wp-json\/wp\/v2\/product_brand?post=267857"},{"taxonomy":"product_cat","embeddable":true,"href":"https:\/\/baldumarket.lt\/lt\/wp-json\/wp\/v2\/product_cat?post=267857"},{"taxonomy":"product_tag","embeddable":true,"href":"https:\/\/baldumarket.lt\/lt\/wp-json\/wp\/v2\/product_tag?post=267857"}],"curies":[{"name":"wp","href":"https:\/\/api.w.org\/{rel}","templated":true}]}}