{"id":267825,"date":"2026-01-14T00:44:35","date_gmt":"2026-01-13T21:44:35","guid":{"rendered":"https:\/\/baldumarket.lt\/product\/szafka-rtv-dwudrzwiowa-z-dwoma-szufladami-yamael-184-cm-grafit-dab-artisan\/"},"modified":"2026-02-11T18:18:03","modified_gmt":"2026-02-11T15:18:03","slug":"szafka-rtv-dwudrzwiowa-z-dwoma-szufladami-yamael-184-cm-grafit-dab-artisan","status":"publish","type":"product","link":"https:\/\/baldumarket.lt\/lt\/product\/szafka-rtv-dwudrzwiowa-z-dwoma-szufladami-yamael-184-cm-grafit-dab-artisan\/","title":{"rendered":"YAMAEL dvidur\u0117 televizoriaus spintel\u0117 su dviem stal\u010diais, 184 cm, grafito spalvos\/artisan \u0105\u017euolo spalvos"},"content":{"rendered":"<p>\u201eYamael\u201c televizoriaus staliukas \u2013 unikalus j\u016bs\u0173 svetain\u0117s akcentas. Jei svajojate apie modernumu, elegancija ir prakti\u0161kumu spinduliuojan\u010di\u0105 svetain\u0119, \u201eYamael\u201c televizoriaus staliukas yra puikus pagrindas tokiai erdvei sukurti. Jis si\u016blo ne tik patraukliai suprojektuot\u0105 erdv\u0119, bet ir daug vietos b\u016btiniausiems daiktams laikyti ir sutvarkyti. \u012esp\u016bding\u0173 184 x 54 x 42 cm matmen\u0173 \u201eYamael\u201c televizoriaus staliukas taps j\u016bs\u0173 svetain\u0117s traukos centru. Stabilus, erdvus stalvir\u0161is puikiai talpina televizori\u0173, garsiakalbius, \u017eaidim\u0173 konsol\u0119 ar dekoder\u012f. Du erdv\u016bs stal\u010diai leid\u017eia pasl\u0117pti nuotolinio valdymo pultelius ir kitus smulkius daiktus, susijusius su televizoriaus \u012frangos valdymu. Durel\u0117s, pasl\u0117ptos lentynos, yra puiki vieta laikyti kompaktini\u0173 disk\u0173, muzikos, film\u0173 ar \u017eaidim\u0173 kolekcij\u0105. \u201eYamael\u201c televizoriaus staliukas sujungia nat\u016brali\u0105 meni\u0161ko \u0105\u017euolo spalv\u0105 su matin\u0117s baltos spalvos gaivumu. Vir\u0161utinis ir apatinis pavir\u0161ius suteikia interjerui \u0161ilumos ir \u017eavesio, o matin\u0117s baltos \u0161onin\u0117s ir priekin\u0117s dalys suteikia lengvumo ir modernumo poj\u016bt\u012f. \u0160is harmoningas derinys sukuria vientis\u0105 ir intriguojant\u012f vizualin\u012f efekt\u0105. \u201eYamael\u201c televizoriaus staliukas taip pat pasi\u017eymi novatori\u0161ku dizaino po\u017ei\u016briu. Tradicini\u0173 ranken\u0117li\u0173 nebuvimas pakeistas nuo\u017eulniais stal\u010di\u0173 kra\u0161tais ir u\u017edarymo mechanizmu varstom\u0173 fasad\u0173 srityje, pabr\u0117\u017eiant minimalistin\u012f baldo charakter\u012f. Tiek stal\u010di\u0173 b\u0117geliai, tiek vyriai turi \u0161velnaus u\u017edarymo mechanizm\u0105, u\u017etikrinant\u012f tyl\u0173 veikim\u0105. \u201eYamael\u201c televizoriaus staliukas yra puikus pasirinkimas, jei norite sukurti patogi\u0105, funkcionali\u0105 ir moderni\u0105 svetain\u0119, kuri atitikt\u0173 kiekvieno nam\u0173 \u016bkio nario l\u016bkes\u010dius.<\/p>\n<p>Prek\u0117s kodas S570-RTV2D2S-GF\/DASN Simbolis ZM EAN Plotis 184 cm Gylis 42 cm Auk\u0161tis 54 cm Kolekcija \u201eYamael\u201c Spalva grafito\/artisan \u0105\u017euolo Atspalvis grafito Stilius modernus Med\u017eiaga laminatas Dureli\u0173 skai\u010dius 2 dur\u0173 Stal\u010di\u0173 skai\u010dius 2 stal\u010diai Rankena be ranken\u0117li\u0173 Gamintojas Juoda Raudona Balta Baldo tipas TV spintel\u0117s PVM 23% EAN 5906123813662<\/p>","protected":false},"excerpt":{"rendered":"<p>The Yamael TV Stand \u2013 A Unique Accent for Your Living Room. If you dream of a living room that exudes modernity, elegance, and practicality, the Yamael TV Stand is the perfect foundation for creating such a space. It offers not only an attractively designed space but also plenty of space for storing and organizing [&hellip;]<\/p>","protected":false},"featured_media":267826,"comment_status":"open","ping_status":"open","template":"","meta":[],"product_brand":[],"product_cat":[9200,1175],"product_tag":[],"class_list":{"0":"post-267825","1":"product","2":"type-product","3":"status-publish","4":"has-post-thumbnail","6":"product_cat-black-red-white","7":"product_cat-tv-stands","9":"first","10":"instock","11":"purchasable","12":"product-type-simple"},"_links":{"self":[{"href":"https:\/\/baldumarket.lt\/lt\/wp-json\/wp\/v2\/product\/267825","targetHints":{"allow":["GET"]}}],"collection":[{"href":"https:\/\/baldumarket.lt\/lt\/wp-json\/wp\/v2\/product"}],"about":[{"href":"https:\/\/baldumarket.lt\/lt\/wp-json\/wp\/v2\/types\/product"}],"replies":[{"embeddable":true,"href":"https:\/\/baldumarket.lt\/lt\/wp-json\/wp\/v2\/comments?post=267825"}],"wp:featuredmedia":[{"embeddable":true,"href":"https:\/\/baldumarket.lt\/lt\/wp-json\/wp\/v2\/media\/267826"}],"wp:attachment":[{"href":"https:\/\/baldumarket.lt\/lt\/wp-json\/wp\/v2\/media?parent=267825"}],"wp:term":[{"taxonomy":"product_brand","embeddable":true,"href":"https:\/\/baldumarket.lt\/lt\/wp-json\/wp\/v2\/product_brand?post=267825"},{"taxonomy":"product_cat","embeddable":true,"href":"https:\/\/baldumarket.lt\/lt\/wp-json\/wp\/v2\/product_cat?post=267825"},{"taxonomy":"product_tag","embeddable":true,"href":"https:\/\/baldumarket.lt\/lt\/wp-json\/wp\/v2\/product_tag?post=267825"}],"curies":[{"name":"wp","href":"https:\/\/api.w.org\/{rel}","templated":true}]}}