{"id":267817,"date":"2026-01-14T00:44:29","date_gmt":"2026-01-13T21:44:29","guid":{"rendered":"https:\/\/baldumarket.lt\/product\/szafka-rtv-dwudrzwiowa-z-dwoma-szufladami-ronda-178-cm-dab-flagstaff-jasny-bialy\/"},"modified":"2026-02-11T18:18:04","modified_gmt":"2026-02-11T15:18:04","slug":"szafka-rtv-dwudrzwiowa-z-dwoma-szufladami-ronda-178-cm-dab-flagstaff-jasny-bialy","status":"publish","type":"product","link":"https:\/\/baldumarket.lt\/lt\/product\/szafka-rtv-dwudrzwiowa-z-dwoma-szufladami-ronda-178-cm-dab-flagstaff-jasny-bialy\/","title":{"rendered":"Dvidur\u0117 TV spintel\u0117 su dviem stal\u010diais RONDA, 178 cm, \u0161viesaus \u0105\u017euolo v\u0117liav\u0117l\u0117s stiebo spalva\/balta"},"content":{"rendered":"<p>\u201eRonda\u201c televizoriaus staliukas \u2013 stilingas televizoriaus kampelis. \u201eRonda\u201c televizoriaus staliukas yra ne tik funkcionali vieta garso ir vaizdo \u012frangai laikyti, bet ir stilingas elementas, praturtinsiantis j\u016bs\u0173 televizoriaus kampelio i\u0161d\u0117stym\u0105. \u0160tai \u0161io baldo ypatyb\u0117s: 1. Korpusas: 16 mm med\u017eio dro\u017eli\u0173 plok\u0161t\u0117 \/ matin\u0117 balta \/ \u0161viesus \u201eFlagstaff\u201c \u0105\u017euolas. Vidus \u2013 baltos matin\u0117s ir \u0161viesaus \u0105\u017euolo derinys suteikia spintelei lengvumo ir modernumo. 2. Priekin\u0117 dalis: 16 mm med\u017eio dro\u017eli\u0173 plok\u0161t\u0117 \/ matin\u0117 balta \u2013 matin\u0117s baltos spalvos priekis suteikia elegancijos ir dera prie \u012fvairi\u0173 interjero dizaino stili\u0173. 3. Vir\u0161utin\u0117 dalis: 28 mm med\u017eio dro\u017eli\u0173 plok\u0161t\u0117 \u2013 vientisas stalvir\u0161is ne tik suteikia prakti\u0161kos erdv\u0117s, bet ir u\u017ebaigiam\u0105j\u012f akcent\u0105, suteikiant\u012f spintelei charakterio. 4. Kampin\u0117s juostel\u0117s \u0105\u017euolo masyvo korpuse \u2013 vientisos medienos detal\u0117s pabr\u0117\u017eia auk\u0161t\u0105 gamybos kokyb\u0119 ir suteikia baldui nat\u016bralaus \u017eavesio. 5. 2 atver\u010diami fasadai \u2013 prakti\u0161kas sprendimas, leid\u017eiantis lengvai pasiekti laikomus prietaisus ir priedus. 6. 2 stal\u010diai (\u0161velniai u\u017esidarantys) \u2013 kasdienis bald\u0173 naudojimas yra sklandus ir tylus, o tai visada vertinama. 7. 2 lentynos \u2013 funkcionalios vietos laidams, elektronikai ir dekoracijoms susid\u0117ti. 8. Medin\u0117s rankenos \u2013 medin\u0117s rankenos suteikia spintelei nat\u016bralumo ir puikiai dera su kitais baldais. \u201eRonda\u201c televizoriaus staliukas yra ne tik prakti\u0161ka vieta televizoriui ir kitiems prietaisams, bet ir dizaino elementas, pagerinantis interjero estetik\u0105. Sukurkite stiling\u0105 televizoriaus kampel\u012f su eleganti\u0161komis \u201eRonda\u201c televizoriaus staliuko detal\u0117mis ir funkcionalumu.<\/p>\n<p>Prek\u0117s kodas S612-RTV2D2S\/B-DFJ\/BI Simbolis ZM EAN Plotis 178 cm Gylis 39 cm Auk\u0161tis 91 cm Kolekcija Ronda Spalva v\u0117liav\u0117l\u0117s stiebo \u0105\u017euolas \u0161viesus\/balta Gaubtas baltas Stilius modernus Med\u017eiaga laminatas Dureli\u0173 skai\u010dius 2 dur\u0173 Stal\u010di\u0173 skai\u010dius 2 stal\u010diai Rankena su rankenomis Gamintojas Juoda Raudona Balta Baldo tipas TV spintel\u0117s PVM 23% EAN 5906123814577<\/p>","protected":false},"excerpt":{"rendered":"<p>Ronda TV Stand &#8211; A Stylish TV Nook. The Ronda TV stand is not only a functional place to store audio-visual equipment, but also a stylish element that will enrich the arrangement of your TV nook. Here are the special features of this piece: 1. Body: 16 mm Chipboard \/ Matte White \/ Light Flagstaff [&hellip;]<\/p>","protected":false},"featured_media":267818,"comment_status":"open","ping_status":"open","template":"","meta":[],"product_brand":[],"product_cat":[9200,1175],"product_tag":[],"class_list":{"0":"post-267817","1":"product","2":"type-product","3":"status-publish","4":"has-post-thumbnail","6":"product_cat-black-red-white","7":"product_cat-tv-stands","9":"first","10":"instock","11":"purchasable","12":"product-type-simple"},"_links":{"self":[{"href":"https:\/\/baldumarket.lt\/lt\/wp-json\/wp\/v2\/product\/267817","targetHints":{"allow":["GET"]}}],"collection":[{"href":"https:\/\/baldumarket.lt\/lt\/wp-json\/wp\/v2\/product"}],"about":[{"href":"https:\/\/baldumarket.lt\/lt\/wp-json\/wp\/v2\/types\/product"}],"replies":[{"embeddable":true,"href":"https:\/\/baldumarket.lt\/lt\/wp-json\/wp\/v2\/comments?post=267817"}],"wp:featuredmedia":[{"embeddable":true,"href":"https:\/\/baldumarket.lt\/lt\/wp-json\/wp\/v2\/media\/267818"}],"wp:attachment":[{"href":"https:\/\/baldumarket.lt\/lt\/wp-json\/wp\/v2\/media?parent=267817"}],"wp:term":[{"taxonomy":"product_brand","embeddable":true,"href":"https:\/\/baldumarket.lt\/lt\/wp-json\/wp\/v2\/product_brand?post=267817"},{"taxonomy":"product_cat","embeddable":true,"href":"https:\/\/baldumarket.lt\/lt\/wp-json\/wp\/v2\/product_cat?post=267817"},{"taxonomy":"product_tag","embeddable":true,"href":"https:\/\/baldumarket.lt\/lt\/wp-json\/wp\/v2\/product_tag?post=267817"}],"curies":[{"name":"wp","href":"https:\/\/api.w.org\/{rel}","templated":true}]}}