{"id":267809,"date":"2026-01-14T00:44:21","date_gmt":"2026-01-13T21:44:21","guid":{"rendered":"https:\/\/baldumarket.lt\/product\/szafka-rtv-dwudrzwiowa-z-dwoma-szufladami-romance-152-cm-modrzew-sibiu-jasny-dab-sanremo-jasny\/"},"modified":"2026-02-11T18:18:04","modified_gmt":"2026-02-11T15:18:04","slug":"szafka-rtv-dwudrzwiowa-z-dwoma-szufladami-romance-152-cm-modrzew-sibiu-jasny-dab-sanremo-jasny","status":"publish","type":"product","link":"https:\/\/baldumarket.lt\/lt\/product\/szafka-rtv-dwudrzwiowa-z-dwoma-szufladami-romance-152-cm-modrzew-sibiu-jasny-dab-sanremo-jasny\/","title":{"rendered":"Dviej\u0173 dur\u0173 TV spintel\u0117 su dviem stal\u010diais ROMANCE 152 cm \u0161viesus Sibiu maumedis\/\u0161viesus San Remo \u0105\u017euolas"},"content":{"rendered":"<p>\u201eRomance\u201c televizoriaus staliukas \u2013 j\u016bs\u0173 multimedijos svetain\u0117s centrinis elementas. J\u016bs\u0173 svetain\u0117 yra vieta, kur elegancija dera su modernumu, o funkcionalumas yra svarbiausia. Skandinavi\u0161ko dizaino \u012fkv\u0117pta \u201eRomance\u201c kolekcija \u012f j\u016bs\u0173 svetain\u0119 atne\u0161 ne tik stiliaus, bet ir esminius sprendimus \u0161iuolaikinei multimedijos svetainei. \u201eRomance\u201c televizoriaus staliukas si\u016blo ne tik viet\u0105 televizoriui, bet ir funkcional\u0173 daikt\u0173 laikymo element\u0105. Jei ne\u012fsivaizduojate svetain\u0117s be televizoriaus, \u201eRomance\u201c televizoriaus staliukas pateisins j\u016bs\u0173 l\u016bkes\u010dius. Dvi prakti\u0161kos spintel\u0117s ir du kompakti\u0161ki stal\u010diai leid\u017eia laikyti ne tik multimedijos \u012frang\u0105, bet ir DVD bei kitus priedus. \u0160is baldas ne tik sutalpins, bet ir sutvarkys erdv\u0119 aplink j\u016bs\u0173 televizori\u0173. Jus su\u017eav\u0117s harmoningas ry\u0161ki\u0173 fasad\u0173 i\u0161 \u0161viesaus Sibiu maumed\u017eio ir vir\u0161utini\u0173 bei apatini\u0173 korpuso kra\u0161t\u0173 i\u0161 San Remo \u0105\u017euolo derinys. Fasad\u0173 r\u0117mai suteikia charakterio, primenan\u010dio \u0160iaur\u0117s Europos bald\u0173 tvirtum\u0105. Firminiai aksesuarai ir paprastos sidabrin\u0117s ranken\u0117l\u0117s paver\u010dia \u201eRomance\u201c televizoriaus staliuko naudojim\u0105 ne tik funkcionaliu, bet ir maloniu. Sukurkite ergonomi\u0161k\u0105 svetain\u0119 su \u012fvairiais \u201eRomance\u201c kolekcijos elementais, tokiais kaip komodos, knyg\u0173 lentynos, vitrinos, lentynos ir veidrod\u017eiai. Tegul \u201eRomance\u201c televizoriaus staliukas tampa j\u016bs\u0173 multimedijos svetain\u0117s pagrindiniu elementu, suteikian\u010diu stiliaus, tvarkos ir modernumo.<\/p>\n<p>Prek\u0117s kodas S331-RTV2D2S-MSJ\/DSAJ Simbolis ZM EAN Plotis 152 cm Gylis 44 cm Auk\u0161tis 51 cm Kolekcija Romance Spalva \u0161viesi Sibiu maumedis\/\u0161viesi San Remo \u0105\u017euolas Gaubtas \u0161viesi mediena Stilius modernus Med\u017eiaga laminatas Dureli\u0173 skai\u010dius 2 dur\u0173 Stal\u010di\u0173 skai\u010dius 2 stal\u010diai Rankena su rankenomis Gamintojas Juoda Raudona Balta Baldo tipas TV spintel\u0117s PVM 23% EAN 5906123925990<\/p>","protected":false},"excerpt":{"rendered":"<p>The Romance TV Stand \u2013 the centerpiece of your multimedia living room. Your living room is a place where elegance meets modernity, and functionality is key. The Romance collection, inspired by Scandinavian design, will bring not only style to your living room but also the essential solutions for a contemporary multimedia living room. The Romance [&hellip;]<\/p>","protected":false},"featured_media":267810,"comment_status":"open","ping_status":"open","template":"","meta":[],"product_brand":[],"product_cat":[9200,1175],"product_tag":[],"class_list":{"0":"post-267809","1":"product","2":"type-product","3":"status-publish","4":"has-post-thumbnail","6":"product_cat-black-red-white","7":"product_cat-tv-stands","9":"first","10":"instock","11":"purchasable","12":"product-type-simple"},"_links":{"self":[{"href":"https:\/\/baldumarket.lt\/lt\/wp-json\/wp\/v2\/product\/267809","targetHints":{"allow":["GET"]}}],"collection":[{"href":"https:\/\/baldumarket.lt\/lt\/wp-json\/wp\/v2\/product"}],"about":[{"href":"https:\/\/baldumarket.lt\/lt\/wp-json\/wp\/v2\/types\/product"}],"replies":[{"embeddable":true,"href":"https:\/\/baldumarket.lt\/lt\/wp-json\/wp\/v2\/comments?post=267809"}],"wp:featuredmedia":[{"embeddable":true,"href":"https:\/\/baldumarket.lt\/lt\/wp-json\/wp\/v2\/media\/267810"}],"wp:attachment":[{"href":"https:\/\/baldumarket.lt\/lt\/wp-json\/wp\/v2\/media?parent=267809"}],"wp:term":[{"taxonomy":"product_brand","embeddable":true,"href":"https:\/\/baldumarket.lt\/lt\/wp-json\/wp\/v2\/product_brand?post=267809"},{"taxonomy":"product_cat","embeddable":true,"href":"https:\/\/baldumarket.lt\/lt\/wp-json\/wp\/v2\/product_cat?post=267809"},{"taxonomy":"product_tag","embeddable":true,"href":"https:\/\/baldumarket.lt\/lt\/wp-json\/wp\/v2\/product_tag?post=267809"}],"curies":[{"name":"wp","href":"https:\/\/api.w.org\/{rel}","templated":true}]}}