{"id":267801,"date":"2026-01-14T00:44:15","date_gmt":"2026-01-13T21:44:15","guid":{"rendered":"https:\/\/baldumarket.lt\/product\/szafka-rtv-dwudrzwiowa-z-dwoma-szufladami-azteca-trio-150-cm-bialy-bialy-polysk\/"},"modified":"2026-02-11T18:18:04","modified_gmt":"2026-02-11T15:18:04","slug":"szafka-rtv-dwudrzwiowa-z-dwoma-szufladami-azteca-trio-150-cm-bialy-bialy-polysk","status":"publish","type":"product","link":"https:\/\/baldumarket.lt\/lt\/product\/szafka-rtv-dwudrzwiowa-z-dwoma-szufladami-azteca-trio-150-cm-bialy-bialy-polysk\/","title":{"rendered":"Dviej\u0173 dur\u0173 TV spintel\u0117 su dviem stal\u010diais AZTECA TRIO 150 cm balta\/balta blizgi spalva"},"content":{"rendered":"<p>\u201eAzteca Trio\u201c televizoriaus staliukas \u2013 moderni pramog\u0173 zona j\u016bs\u0173 svetainei. \u201eAzteca Trio\u201c kolekcija skirta tiems, kurie vertina modern\u0173 dizain\u0105, funkcionalum\u0105 ir galimyb\u0119 suasmeninti savo svetain\u0117s baldus. \u201eAzteca Trio\u201c televizoriaus staliukas yra puikus sprendimas tiems, kurie nori sukurti moderni\u0105 ir eleganti\u0161k\u0105 pramog\u0173 zon\u0105. J\u016bs\u0173 svetain\u0117 yra vieta, kur atsipalaiduojate, susitinkate su draugais ir m\u0117gaujat\u0117s pramogomis. \u0160ios erdv\u0117s centrinis elementas yra televizorius, o \u201eAzteca Trio\u201c televizoriaus staliukas yra puiki vieta jam eksponuoti. \u0160is baldas turi dvi spinteles ir du kompakti\u0161kus stal\u010dius, kuriuose galite laikyti laidus, DVD ir kitus su pramogomis susijusius daiktus. Tai leid\u017eia tvarkingai i\u0161d\u0117styti erdv\u0119 aplink televizori\u0173. Jei nuspr\u0119site televizori\u0173 tvirtinti prie sienos, platus \u201eAzteca Trio\u201c televizoriaus staliuko stalvir\u0161is (150 cm plo\u010dio) yra puiki vieta eksponuoti dekoratyvinius daiktus, tokius kaip g\u0117li\u0173 vaza ar keramin\u0117s fig\u016br\u0117l\u0117s. \u0160is baldas ne tik tarnauja kaip daikt\u0173 laikymo vieta, bet ir yra eleganti\u0161kas pagrindas j\u016bs\u0173 pramog\u0173 zonai. Spintel\u0117s spalv\u0173 gama pasi\u017eymi baltu korpusu ir blizgiais baltais fasadais, suteikian\u010diais jai modernumo. Dekoratyvin\u0117s juostel\u0117s, kurios atlieka ranken\u0117li\u0173 ir dekoracij\u0173 funkcij\u0105, yra trij\u0173 skirting\u0173 spalv\u0173: blizgios baltos, blizgios juodos ir \u201ewenge magic\u201c \u0105\u017euolo. \u0160ios juostel\u0117s leid\u017eia pritaikyti baldus pagal j\u016bs\u0173 skon\u012f ir svetain\u0117s stili\u0173. Komfortas taip pat yra prioritetas. \u0160velnaus u\u017edarymo priedai leid\u017eia tyliai ir tyliai atidaryti bei u\u017edaryti stal\u010dius ir spinteli\u0173 dureles, o tai ypa\u010d svarbu svetain\u0117s baldams. \u201eAzteca Trio\u201c televizoriaus staliukas puikiai papildys j\u016bs\u0173 svetain\u0117s interjer\u0105. J\u012f galite derinti su kitais kolekcijos elementais, kad sukurtum\u0117te darni\u0105 ir funkcionali\u0105 erdv\u0119. \u0160is baldas derina modern\u0173 dizain\u0105, funkcionalum\u0105 ir pritaikymo galimybes, leisdamas m\u0117gautis pramog\u0173 zona, atitinkan\u010dia j\u016bs\u0173 l\u016bkes\u010dius. Be to, \u012f kiekvieno \u201eAzteca Trio\u201c kolekcijos baldo kain\u0105 \u012fskai\u010diuotos dvi dekoratyvin\u0117s juostel\u0117s: viena dvipus\u0117 (blizgi balta \/ blizgi juoda) ir viena viengul\u0117 (\u201ewenge magic\u201c). Tai puikus priedas, leid\u017eiantis dar labiau suasmeninti bald\u0105 ir pritaikyti j\u012f pagal savo skon\u012f.<\/p>\n<p>Prek\u0117s kodas S504-RTV2D2S\/4\/15-BI\/BIP Simbolis ZM EAN Plotis 150 cm Gylis 47 cm Auk\u0161tis 43 cm Kolekcija Azteca Trio Spalva balta\/blizgi balta Gaubtas baltas Stilius modernus Dureli\u0173 skai\u010dius 2 dur\u0173 Stal\u010di\u0173 skai\u010dius 2 stal\u010diai Rankena be ranken\u0117li\u0173 Gamintojas Juoda Raudona Balta Baldo tipas TV spintel\u0117s PVM 23% EAN 5906123714686<\/p>","protected":false},"excerpt":{"rendered":"<p>The Azteca Trio TV Stand \u2013 a modern entertainment zone for your living room. The Azteca Trio collection is for those who value modern design, functionality, and the ability to personalize their living room furniture. The Azteca Trio TV Stand is the perfect solution for those looking to create a modern and elegant entertainment zone. [&hellip;]<\/p>","protected":false},"featured_media":267802,"comment_status":"open","ping_status":"open","template":"","meta":[],"product_brand":[],"product_cat":[9200,1175],"product_tag":[],"class_list":{"0":"post-267801","1":"product","2":"type-product","3":"status-publish","4":"has-post-thumbnail","6":"product_cat-black-red-white","7":"product_cat-tv-stands","9":"first","10":"instock","11":"purchasable","12":"product-type-simple"},"_links":{"self":[{"href":"https:\/\/baldumarket.lt\/lt\/wp-json\/wp\/v2\/product\/267801","targetHints":{"allow":["GET"]}}],"collection":[{"href":"https:\/\/baldumarket.lt\/lt\/wp-json\/wp\/v2\/product"}],"about":[{"href":"https:\/\/baldumarket.lt\/lt\/wp-json\/wp\/v2\/types\/product"}],"replies":[{"embeddable":true,"href":"https:\/\/baldumarket.lt\/lt\/wp-json\/wp\/v2\/comments?post=267801"}],"wp:featuredmedia":[{"embeddable":true,"href":"https:\/\/baldumarket.lt\/lt\/wp-json\/wp\/v2\/media\/267802"}],"wp:attachment":[{"href":"https:\/\/baldumarket.lt\/lt\/wp-json\/wp\/v2\/media?parent=267801"}],"wp:term":[{"taxonomy":"product_brand","embeddable":true,"href":"https:\/\/baldumarket.lt\/lt\/wp-json\/wp\/v2\/product_brand?post=267801"},{"taxonomy":"product_cat","embeddable":true,"href":"https:\/\/baldumarket.lt\/lt\/wp-json\/wp\/v2\/product_cat?post=267801"},{"taxonomy":"product_tag","embeddable":true,"href":"https:\/\/baldumarket.lt\/lt\/wp-json\/wp\/v2\/product_tag?post=267801"}],"curies":[{"name":"wp","href":"https:\/\/api.w.org\/{rel}","templated":true}]}}