{"id":267797,"date":"2026-01-14T00:44:12","date_gmt":"2026-01-13T21:44:12","guid":{"rendered":"https:\/\/baldumarket.lt\/product\/szafka-rtv-dwudrzwiowa-torin-180-cm-dab-ribbeck-braz\/"},"modified":"2026-02-11T18:18:04","modified_gmt":"2026-02-11T15:18:04","slug":"szafka-rtv-dwudrzwiowa-torin-180-cm-dab-ribbeck-braz","status":"publish","type":"product","link":"https:\/\/baldumarket.lt\/lt\/product\/szafka-rtv-dwudrzwiowa-torin-180-cm-dab-ribbeck-braz\/","title":{"rendered":"TORIN dvidur\u0117 TV spintel\u0117, 180 cm, \u0105\u017euolo rudos spalvos, briaunotas ra\u0161tas"},"content":{"rendered":"<p>\u201eTorin\u201c televizoriaus staliukas \u2013 elegancija pramog\u0173 centre. Jei ie\u0161kote ka\u017eko klasikinio, tvirto ir i\u0161rai\u0161kingo, solidaus stiliaus \u201eTorin\u201c kolekcija tikrai papildys j\u016bs\u0173 interjer\u0105. Ne\u012fsivaizduojate svetain\u0117s be specialios pramog\u0173 ir multimedijos zonos? Rinkit\u0117s prakti\u0161k\u0105 \u201eTorin\u201c televizoriaus staliuk\u0105, kuris puikiai patenkins \u0161\u012f poreik\u012f. Film\u0173 maratono m\u0117g\u0117jams, serial\u0173 m\u0117g\u0117jams ir tiems, kurie m\u0117gsta vakarus prie televizoriaus, solidus televizoriaus staliukas yra b\u016btinas svetain\u0117je. Platus stalvir\u0161is ne tik talpina televizori\u0173, bet ir suteikia puiki\u0105 erdv\u0119 \u0161ventin\u0117ms dekoracijoms ar kitoms dekoracijoms eksponuoti, ypa\u010d kai televizorius pakabinamas vir\u0161 stovo. \u0160is 180 x 60 cm televizoriaus staliukas si\u016blo: \u2013 2 erdvias spinteles, idealiai tinkan\u010dias laidams, \u012fkrovikliams ar konsoli\u0173 \u017eaidimams, \u2013 2 atviras ertmes, puikiai tinkan\u010dias elektroninei \u012frangai ir garsiakalbiams laikyti. V\u0117si \u201eRibbek Brown\u201c \u0105\u017euolo spalva puikiai perteikia nat\u016bral\u0173 medienos ra\u0161to gro\u017e\u012f. Solidaus stiliaus savyb\u0117ms b\u016bdingi pastorinti \u0161onai ir metalin\u0117s rankenos, taip pat nereik\u0117t\u0173 pamir\u0161ti ir ry\u0161kios, grioveli\u0173 ra\u0161to juostel\u0117s, kurios spalva \u2013 \u201eWenge Magic Oak\u201c. Tinkam\u0105 ap\u0161vietim\u0105 u\u017etikrina energij\u0105 taupantis LED ap\u0161vietimas. Televizoriaus staliuk\u0105 galite derinti su kolekcijoje esan\u010dia lentyna, taip sukurdami darn\u0173 ir funkcional\u0173 pramog\u0173 centr\u0105. Patog\u0173 naudojim\u0105 u\u017etikrina firminiai aksesuarai su \u0161velnaus u\u017edarymo mechanizmais ir metalin\u0117mis rankenomis. Derinkite \u201eTorin\u201c televizoriaus staliuk\u0105 su kitais \u201esolid\u201c kolekcijos elementais, kad sukurtum\u0117te ergonomi\u0161k\u0105 ir stiling\u0105 svetain\u0117s dizain\u0105. \u0160i\u0105 erdv\u0119 galite naudoti poilsiui, pramogoms ir susib\u016brimams su artimaisiais.<\/p>\n<p>Prek\u0117s kodas S481-RTV2D-DRB Simbolis ZM EAN Plotis 180 cm Gylis 45 cm Auk\u0161tis 60 cm Kolekcija Torin Spalva riev\u0117ta \u0105\u017euolo ruda Atspalvis tamsi mediena Stilius modernus Med\u017eiaga laminatas Dureli\u0173 skai\u010dius 2 dur\u0173 Stal\u010di\u0173 skai\u010dius be stal\u010di\u0173 Rankena su ranken\u0117l\u0117mis Ap\u0161vietimas su ap\u0161vietimu Gamintojas Juoda Raudona Balta Baldo tipas TV spintel\u0117s PVM 23% EAN 5906123708142<\/p>","protected":false},"excerpt":{"rendered":"<p>The Torin TV Stand \u2013 Elegance in the Entertainment Center. If you&#8217;re looking for something classic, strong, and expressive, the Torin collection in a solid style will surely complement your decor. Can&#8217;t imagine a living room without a dedicated entertainment and multimedia area? Choose the practical Torin TV stand, which perfectly meets this need. For [&hellip;]<\/p>","protected":false},"featured_media":267798,"comment_status":"open","ping_status":"open","template":"","meta":[],"product_brand":[],"product_cat":[9200,1175],"product_tag":[],"class_list":{"0":"post-267797","1":"product","2":"type-product","3":"status-publish","4":"has-post-thumbnail","6":"product_cat-black-red-white","7":"product_cat-tv-stands","9":"first","10":"instock","11":"purchasable","12":"product-type-simple"},"_links":{"self":[{"href":"https:\/\/baldumarket.lt\/lt\/wp-json\/wp\/v2\/product\/267797","targetHints":{"allow":["GET"]}}],"collection":[{"href":"https:\/\/baldumarket.lt\/lt\/wp-json\/wp\/v2\/product"}],"about":[{"href":"https:\/\/baldumarket.lt\/lt\/wp-json\/wp\/v2\/types\/product"}],"replies":[{"embeddable":true,"href":"https:\/\/baldumarket.lt\/lt\/wp-json\/wp\/v2\/comments?post=267797"}],"wp:featuredmedia":[{"embeddable":true,"href":"https:\/\/baldumarket.lt\/lt\/wp-json\/wp\/v2\/media\/267798"}],"wp:attachment":[{"href":"https:\/\/baldumarket.lt\/lt\/wp-json\/wp\/v2\/media?parent=267797"}],"wp:term":[{"taxonomy":"product_brand","embeddable":true,"href":"https:\/\/baldumarket.lt\/lt\/wp-json\/wp\/v2\/product_brand?post=267797"},{"taxonomy":"product_cat","embeddable":true,"href":"https:\/\/baldumarket.lt\/lt\/wp-json\/wp\/v2\/product_cat?post=267797"},{"taxonomy":"product_tag","embeddable":true,"href":"https:\/\/baldumarket.lt\/lt\/wp-json\/wp\/v2\/product_tag?post=267797"}],"curies":[{"name":"wp","href":"https:\/\/api.w.org\/{rel}","templated":true}]}}