{"id":267785,"date":"2026-01-14T00:44:00","date_gmt":"2026-01-13T21:44:00","guid":{"rendered":"https:\/\/baldumarket.lt\/product\/szafka-rtv-dwudrzwiowa-nepo-plus-1385-cm-bialy-dab-sonoma\/"},"modified":"2026-02-11T18:18:04","modified_gmt":"2026-02-11T15:18:04","slug":"szafka-rtv-dwudrzwiowa-nepo-plus-1385-cm-bialy-dab-sonoma","status":"publish","type":"product","link":"https:\/\/baldumarket.lt\/lt\/product\/szafka-rtv-dwudrzwiowa-nepo-plus-1385-cm-bialy-dab-sonoma\/","title":{"rendered":"NEPO PLUS dviej\u0173 dur\u0173 TV spintel\u0117, 138,5 cm, balta\/sonoma \u0105\u017euolas"},"content":{"rendered":"<p>\u201eNepo Plus\u201c televizoriaus staliukas \u2013 multimedijos kampelis j\u016bs\u0173 kambariui. \u201eNepo Plus\u201c kolekcija \u2013 puikus sprendimas norint sukurti funkcional\u0173 ir modern\u0173 i\u0161d\u0117stym\u0105 jaunimo kambaryje, svetain\u0117je ar biure. \u201eNepo Plus\u201c televizoriaus staliukas \u2013 tai baldas, leid\u017eiantis sukurti multimedijos kampelio, kuriame gal\u0117site pasid\u0117ti televizori\u0173 ir daugyb\u0119 kit\u0173 daikt\u0173, centr\u0105. Multimedijos kampelis gali b\u016bti ne tik vieta atsipalaiduoti, bet ir erdv\u0117 mokymuisi bei darbui. \u201eNepo Plus\u201c televizoriaus staliukas yra puikus televizoriaus pagrindas. Be to, dvi spintel\u0117s ir viena atvira lentyna suteikia daug vietos \u012fvairiems daiktams laikyti. Patvarus ir lengvai valomas pavir\u0161ius: baldo pavir\u0161ius sutvirtintas laminatu, kuris padidina jo atsparum\u0105 \u012fbr\u0117\u017eimams ir temperat\u016bros poky\u010diams. Tai idealus sprendimas, ypa\u010d baldams, kurie yra intensyviai naudojami. Be to, laminat\u0105 lengva valyti, tod\u0117l lengviau palaikyti baldus puikios b\u016bkl\u0117s. \u201eNepo Plus\u201c televizoriaus staliukas yra \u012fvairi\u0173 spalv\u0173: vientisos baltos, sonoma \u0105\u017euolo, vienuolyno \u0105\u017euolo, venge ir j\u0173 derini\u0173. Galite pasirinkti spalv\u0105, kuri geriausiai atitinka j\u016bs\u0173 pageidavimus ir interjero stili\u0173. Paprastos, horizontalios rankenos u\u017etikrina patog\u0173 naudojim\u0105 ir suteikia modernumo. \u201eNepo Plus\u201c televizoriaus staliukas puikiai papildo likusi\u0105 \u201eNepo Plus\u201c kolekcijos dal\u012f. J\u012f galite derinti su kitais baldais, kad sukurtum\u0117te darn\u0173 dizain\u0105 savo jaunimo kambaryje, svetain\u0117je ar biure. Tai leid\u017eia sukurti funkcionali\u0105 ir harmoning\u0105 erdv\u0119, pritaikyt\u0105 j\u016bs\u0173 poreikiams. Trumpai tariant, \u201eNepo Plus\u201c televizoriaus staliukas yra universalus baldas, kuris gali b\u016bti televizoriaus pagrindas ir tuo pa\u010diu metu suteikti vietos daiktams susid\u0117ti. Patvari konstrukcija, spalv\u0173 \u012fvairov\u0117 ir funkcionalumas daro j\u012f puikiu pasirinkimu kuriant moderni\u0105 multimedijos erdv\u0119 j\u016bs\u0173 namuose. Derindami j\u012f su kitais \u201eNepo Plus\u201c kolekcijos elementais, galite sukurti darn\u0173 ir funkcional\u0173 interjer\u0105, kuris bus palankus tiek pramogoms, tiek darbui.<\/p>\n<p>Prek\u0117s kodas S435-RTV2D-BI\/DSO Simbolis ZM EAN Plotis 138,5 cm Gylis 46,5 cm Auk\u0161tis 42,5 cm Kolekcija \u201eNepo Plus\u201c Spalva balta\/sonoma \u0105\u017euolas Gaubtas \u0161viesios medienos Stilius modernus Dureli\u0173 skai\u010dius 2 dur\u0173 Stal\u010di\u0173 skai\u010dius be stal\u010di\u0173 Rankena su rankenomis Gamintojas Juoda Raudona Balta Baldo tipas TV spintel\u0117s PVM 23% EAN 5906123950077<\/p>","protected":false},"excerpt":{"rendered":"<p>\u201eNepo Plus\u201c televizoriaus staliukas \u2013 multimedijos kampelis j\u016bs\u0173 kambariui. \u201eNepo Plus\u201c kolekcija \u2013 puikus sprendimas norint sukurti funkcional\u0173 ir modern\u0173 i\u0161d\u0117stym\u0105 jaunimo kambaryje, svetain\u0117je ar biure. \u201eNepo Plus\u201c televizoriaus staliukas \u2013 tai baldas, leid\u017eiantis sukurti kambario traukos centr\u0105 [\u2026]<\/p>","protected":false},"featured_media":267786,"comment_status":"open","ping_status":"open","template":"","meta":[],"product_brand":[],"product_cat":[9200,1175],"product_tag":[],"class_list":{"0":"post-267785","1":"product","2":"type-product","3":"status-publish","4":"has-post-thumbnail","6":"product_cat-black-red-white","7":"product_cat-tv-stands","9":"first","10":"instock","11":"purchasable","12":"product-type-simple"},"_links":{"self":[{"href":"https:\/\/baldumarket.lt\/lt\/wp-json\/wp\/v2\/product\/267785","targetHints":{"allow":["GET"]}}],"collection":[{"href":"https:\/\/baldumarket.lt\/lt\/wp-json\/wp\/v2\/product"}],"about":[{"href":"https:\/\/baldumarket.lt\/lt\/wp-json\/wp\/v2\/types\/product"}],"replies":[{"embeddable":true,"href":"https:\/\/baldumarket.lt\/lt\/wp-json\/wp\/v2\/comments?post=267785"}],"wp:featuredmedia":[{"embeddable":true,"href":"https:\/\/baldumarket.lt\/lt\/wp-json\/wp\/v2\/media\/267786"}],"wp:attachment":[{"href":"https:\/\/baldumarket.lt\/lt\/wp-json\/wp\/v2\/media?parent=267785"}],"wp:term":[{"taxonomy":"product_brand","embeddable":true,"href":"https:\/\/baldumarket.lt\/lt\/wp-json\/wp\/v2\/product_brand?post=267785"},{"taxonomy":"product_cat","embeddable":true,"href":"https:\/\/baldumarket.lt\/lt\/wp-json\/wp\/v2\/product_cat?post=267785"},{"taxonomy":"product_tag","embeddable":true,"href":"https:\/\/baldumarket.lt\/lt\/wp-json\/wp\/v2\/product_tag?post=267785"}],"curies":[{"name":"wp","href":"https:\/\/api.w.org\/{rel}","templated":true}]}}