{"id":267770,"date":"2026-01-14T00:43:46","date_gmt":"2026-01-13T21:43:46","guid":{"rendered":"https:\/\/baldumarket.lt\/product\/szafka-nocna-z-trzema-szufladami-saturn-45-cm-dab-artisan\/"},"modified":"2026-02-11T18:18:04","modified_gmt":"2026-02-11T15:18:04","slug":"szafka-nocna-z-trzema-szufladami-saturn-45-cm-dab-artisan","status":"publish","type":"product","link":"https:\/\/baldumarket.lt\/lt\/product\/szafka-nocna-z-trzema-szufladami-saturn-45-cm-dab-artisan\/","title":{"rendered":"Naktinis staliukas su trimis stal\u010diais SATURN 45 cm, \u0105\u017euolo spalvos"},"content":{"rendered":"<p>\u201eSaturn\u201c naktinis staliukas \u2013 trys stal\u010diai \u0161alia j\u016bs\u0173. \u201eSaturn\u201c naktinis staliukas yra ne tik funkcionalus baldas, bet ir eleganti\u0161kas elementas, puikiai derantis prie bet kokio modernaus interjero. Unikalios savyb\u0117s paver\u010dia j\u012f nepakei\u010diamu miegamojo palydovu, pasi\u017eymin\u010diu ne tik prakti\u0161kumu, bet ir estetiniu patrauklumu. Spintel\u0117s korpusas ir priekin\u0117 dalis pagaminti i\u0161 auk\u0161tos kokyb\u0117s 16 mm storio med\u017eio dro\u017eli\u0173 plok\u0161t\u0117s. Tai garantuoja ne tik patvarum\u0105, bet ir lengv\u0105 konstrukcij\u0105. Baldai yra trij\u0173 skirting\u0173 spalv\u0173 variant\u0173, tod\u0117l galite juos pritaikyti pagal savo individualius pageidavimus ir kambario charakter\u012f. Balta, \u201eArtisan Oak\u201c ir tamsus \u201eFlagstaff Oak\u201c \u2013 tai rafinuoti pasirinkimai, kurie suteiks j\u016bs\u0173 miegamajam modern\u0173 ir stiling\u0105 charakter\u012f. Vienas i\u0161 pagrindini\u0173 \u201eSaturn\u201c naktinio staliuko bruo\u017e\u0173 \u2013 trys kruop\u0161\u010diai suprojektuoti stal\u010diai. \u0160ioje erdv\u0117je galite laikyti svarbiausius daiktus, kad jie visada b\u016bt\u0173 po ranka. Kiekvienas stal\u010dius garantuoja lengv\u0105 prieig\u0105 prie laikom\u0173 daikt\u0173, tod\u0117l miegamojo organizavimas tampa lengvesnis nei bet kada anks\u010diau. \u201eSaturn\u201c naktinio staliuko prakti\u0161kumas ir dizainas taip pat traukia ak\u012f. Minimalistin\u0117s linijos ir tiksli apdaila daro \u0161\u012f bald\u0105 puikiu \u012fvairi\u0173 interjero stili\u0173 papildymu. Nesvarbu, ar jums labiau patinka modernios tendencijos, ar klasikinis dekoras, \u201eSaturn\u201c naktinis staliukas bus puikus bet kurio miegamojo papildymas. Be to, tvirta konstrukcija ir kruop\u0161tus meistri\u0161kumas garantuoja ilgalaik\u012f pasitenkinim\u0105. \u201eSaturn\u201c naktinis staliukas yra ne tik dekoratyvinis elementas, bet ir investicija \u012f j\u016bs\u0173 poilsio vietos komfort\u0105 ir funkcionalum\u0105. Verta pamin\u0117ti, kad pasi\u016blyme yra \u012fvairi\u0173 spalv\u0173 variant\u0173, leid\u017eian\u010di\u0173 priderinti bald\u0105 prie esamo miegamojo interjero. Balta spalva puikiai tinka \u0161viesioms, modernioms erdv\u0117ms, o \u201eArtisan Oak\u201c ir \u201eDark Flagstaff Oak\u201c suteiks interjerui \u0161ilumos ir jaukumo. Trumpai tariant, \u201eSaturn\u201c naktinis staliukas si\u016blo ne tik tris stal\u010dius arti j\u016bs\u0173, bet ir esteti\u0161kai patraukl\u0173 bei funkcional\u0173 sprendim\u0105 j\u016bs\u0173 miegamajam. Pasirinkdami \u0161\u012f bald\u0105, investuojate \u012f komfort\u0105 ir stili\u0173, kurdami erdv\u0119, kuri atspindi j\u016bs\u0173 asmenin\u012f skon\u012f ir poreikius.<\/p>\n<p>Prek\u0117s kodas L141-SFK3S-DASN Simbolis ZM EAN Plotis 45 cm Gylis 42 cm Auk\u0161tis 52 cm Kolekcija Saturn Spalva meni\u0161kas \u0105\u017euolas Atspalvis \u0161viesi mediena Stilius modernus Med\u017eiaga laminatas Dureli\u0173 skai\u010dius be dureli\u0173 Stal\u010di\u0173 skai\u010dius 3 stal\u010diai Rankena be ranken\u0117li\u0173 Gamintojas Juoda Raudona Balta Baldo tipas Bat\u0173 spintel\u0117s PVM 23% EAN 5906123604031<\/p>","protected":false},"excerpt":{"rendered":"<p>\u201eSaturn\u201c naktinis staliukas \u2013 trys stal\u010diai \u0161alia j\u016bs\u0173. \u201eSaturn\u201c naktinis staliukas yra ne tik funkcionalus baldas, bet ir eleganti\u0161kas elementas, puikiai derantis prie bet kokio modernaus interjero. D\u0117l unikali\u0173 savybi\u0173 jis yra nepakei\u010diamas miegamojo palydovas, pasi\u017eymintis ne tik prakti\u0161kumu, bet ir estetiniu patrauklumu. Spintel\u0117s korpusas ir priekin\u0117 dalis pagaminti i\u0161 [\u2026]<\/p>","protected":false},"featured_media":267771,"comment_status":"open","ping_status":"open","template":"","meta":[],"product_brand":[],"product_cat":[9200,1176],"product_tag":[],"class_list":{"0":"post-267770","1":"product","2":"type-product","3":"status-publish","4":"has-post-thumbnail","6":"product_cat-black-red-white","7":"product_cat-bedside-tables","9":"first","10":"instock","11":"purchasable","12":"product-type-simple"},"_links":{"self":[{"href":"https:\/\/baldumarket.lt\/lt\/wp-json\/wp\/v2\/product\/267770","targetHints":{"allow":["GET"]}}],"collection":[{"href":"https:\/\/baldumarket.lt\/lt\/wp-json\/wp\/v2\/product"}],"about":[{"href":"https:\/\/baldumarket.lt\/lt\/wp-json\/wp\/v2\/types\/product"}],"replies":[{"embeddable":true,"href":"https:\/\/baldumarket.lt\/lt\/wp-json\/wp\/v2\/comments?post=267770"}],"wp:featuredmedia":[{"embeddable":true,"href":"https:\/\/baldumarket.lt\/lt\/wp-json\/wp\/v2\/media\/267771"}],"wp:attachment":[{"href":"https:\/\/baldumarket.lt\/lt\/wp-json\/wp\/v2\/media?parent=267770"}],"wp:term":[{"taxonomy":"product_brand","embeddable":true,"href":"https:\/\/baldumarket.lt\/lt\/wp-json\/wp\/v2\/product_brand?post=267770"},{"taxonomy":"product_cat","embeddable":true,"href":"https:\/\/baldumarket.lt\/lt\/wp-json\/wp\/v2\/product_cat?post=267770"},{"taxonomy":"product_tag","embeddable":true,"href":"https:\/\/baldumarket.lt\/lt\/wp-json\/wp\/v2\/product_tag?post=267770"}],"curies":[{"name":"wp","href":"https:\/\/api.w.org\/{rel}","templated":true}]}}