{"id":267758,"date":"2026-01-14T00:43:35","date_gmt":"2026-01-13T21:43:35","guid":{"rendered":"https:\/\/baldumarket.lt\/product\/szafka-nocna-z-szuflada-zele-50-cm-dab-wotan\/"},"modified":"2026-02-11T18:18:04","modified_gmt":"2026-02-11T15:18:04","slug":"szafka-nocna-z-szuflada-zele-50-cm-dab-wotan","status":"publish","type":"product","link":"https:\/\/baldumarket.lt\/lt\/product\/szafka-nocna-z-szuflada-zele-50-cm-dab-wotan\/","title":{"rendered":"ZELE naktinis staliukas su stal\u010diumi, 50 cm, \u0105\u017euolo spalvos, wotano spalvos"},"content":{"rendered":"<p>\u201eZele\u201c naktinis staliukas \u2013 tobulas ryto palydovas. Jei ie\u0161kote bald\u0173, kurie ne tik supaprastint\u0173 j\u016bs\u0173 rytinius ritualus, bet ir suteikt\u0173 modernumo j\u016bs\u0173 miegamajam, \u201eZele\u201c naktinis staliukas yra puikus pasirinkimas. Minimalistinis dizainas ir puikus spalv\u0173 pasirinkimas tikrai patrauks j\u016bs\u0173 ak\u012f. Rytai yra laikas, kai kiekviena sekund\u0117 yra svarbi, tod\u0117l \u201eZele\u201c naktinis staliukas yra ne\u012fkainojamas palydovas. Jo stalvir\u0161is yra puiki vieta \u017eadintuvui ar telefonui pasid\u0117ti, tod\u0117l gal\u0117site lengvai j\u012f pasiekti ir patikrinti svarbiausius prane\u0161imus. Prakti\u0161kas stal\u010dius yra patikima vieta knygoms, u\u017era\u0161\u0173 knygut\u0117ms ar \u017eurnalams, kuriuos norite tur\u0117ti po ranka, laikyti. Tuo tarpu atvira lentyna leid\u017eia eksponuoti m\u0117gstamus dekoratyvinius daiktus ar laikyti kitus smulkius daiktus. Spalv\u0173 palet\u0117 yra dar vienas \u201eZele\u201c naktinio staliuko privalumas. Galite pasirinkti ry\u0161k\u0173 balt\u0173 blizgi\u0173 fasad\u0173 ir \u201eWotan Oak\u201c korpuso derin\u012f, kuris suteikia baldui modern\u0173 charakter\u012f ir elegancij\u0105. Jei pageidaujate sant\u016bresni\u0173 spalv\u0173, galite rinktis baldus, visi\u0161kai apdailintus \u201eWotan Oak\u201c \u0105\u017euolu. J\u016bs sprend\u017eiate, kaip norite, kad atrodyt\u0173 j\u016bs\u0173 miegamasis. Subtilus, priekiniame kra\u0161te integruotas ranken\u0117lis yra dar vienas elementas, pabr\u0117\u017eiantis minimalistin\u0119, moderni\u0105 baldo form\u0105. Tai leid\u017eia \u201eZele\u201c naktiniam staliukui i\u0161laikyti stilistin\u012f nuoseklum\u0105 su likusia kolekcijos dalimi. Ta\u010diau tai dar ne visi \u201eZele\u201c naktinio staliuko privalumai. Galite i\u0161naudoti jo privalumus derindami j\u012f su kitais \u201eZele\u201c kolekcijos baldais. Tai leis jums susikurti savo svajoni\u0173 miegam\u0105j\u012f, kuriame minimalistinis dizainas ir funkcionalumas dera tarpusavyje. Trumpai tariant, \u201eZele\u201c naktinis staliukas yra ne tik baldas, lydintis jus kiekvien\u0105 ryt\u0105. Tai taip pat dizaino elementas, suteikiantis j\u016bs\u0173 miegamajam modernumo ir elegancijos. D\u0117l savo funkcionalumo, puikios spalv\u0173 palet\u0117s ir galimyb\u0117s j\u012f derinti su kitais \u201eZele\u201c kolekcijos baldais, \u0161is naktinis staliukas tampa ne\u012fkainojama j\u016bs\u0173 kasdienio gyvenimo ir asmeninio stiliaus dalimi. Nedvejokite, suteikite savo miegamajam nauj\u0105 dimensij\u0105 su \u201eZele\u201c naktiniu staliuku.<\/p>\n<p>Prek\u0117s kodas S383-KOM1S-DWO Simbolis ZM EAN Plotis 50 cm Gylis 41 cm Auk\u0161tis 38,5 cm Kolekcija Zele Spalva wotan \u0105\u017euolas Gaubtas \u0161viesi mediena Stilius modernus Med\u017eiaga laminatas Dureli\u0173 skai\u010dius be dureli\u0173 Stal\u010di\u0173 skai\u010dius 1 stal\u010dius Rankena su rankenomis Gamintojas Juoda Raudona Balta Baldo tipas Komodos PVM 23% EAN 5906123928427<\/p>","protected":false},"excerpt":{"rendered":"<p>\u201eZele\u201c naktinis staliukas \u2013 tobulas j\u016bs\u0173 rytinis palydovas. Jei ie\u0161kote bald\u0173, kurie ne tik supaprastint\u0173 j\u016bs\u0173 rytinius ritualus, bet ir suteikt\u0173 j\u016bs\u0173 miegamajam modernumo, \u201eZele\u201c naktinis staliukas yra puikus pasirinkimas. Minimalistinis dizainas ir puikus spalv\u0173 pasirinkimas tikrai patrauks j\u016bs\u0173 ak\u012f. Rytai yra laikas, kai kiekviena sekund\u0117 [\u2026]<\/p>","protected":false},"featured_media":267759,"comment_status":"open","ping_status":"open","template":"","meta":[],"product_brand":[],"product_cat":[9200,1176],"product_tag":[],"class_list":{"0":"post-267758","1":"product","2":"type-product","3":"status-publish","4":"has-post-thumbnail","6":"product_cat-black-red-white","7":"product_cat-bedside-tables","9":"first","10":"instock","11":"purchasable","12":"product-type-simple"},"_links":{"self":[{"href":"https:\/\/baldumarket.lt\/lt\/wp-json\/wp\/v2\/product\/267758","targetHints":{"allow":["GET"]}}],"collection":[{"href":"https:\/\/baldumarket.lt\/lt\/wp-json\/wp\/v2\/product"}],"about":[{"href":"https:\/\/baldumarket.lt\/lt\/wp-json\/wp\/v2\/types\/product"}],"replies":[{"embeddable":true,"href":"https:\/\/baldumarket.lt\/lt\/wp-json\/wp\/v2\/comments?post=267758"}],"wp:featuredmedia":[{"embeddable":true,"href":"https:\/\/baldumarket.lt\/lt\/wp-json\/wp\/v2\/media\/267759"}],"wp:attachment":[{"href":"https:\/\/baldumarket.lt\/lt\/wp-json\/wp\/v2\/media?parent=267758"}],"wp:term":[{"taxonomy":"product_brand","embeddable":true,"href":"https:\/\/baldumarket.lt\/lt\/wp-json\/wp\/v2\/product_brand?post=267758"},{"taxonomy":"product_cat","embeddable":true,"href":"https:\/\/baldumarket.lt\/lt\/wp-json\/wp\/v2\/product_cat?post=267758"},{"taxonomy":"product_tag","embeddable":true,"href":"https:\/\/baldumarket.lt\/lt\/wp-json\/wp\/v2\/product_tag?post=267758"}],"curies":[{"name":"wp","href":"https:\/\/api.w.org\/{rel}","templated":true}]}}