{"id":267750,"date":"2026-01-14T00:43:28","date_gmt":"2026-01-13T21:43:28","guid":{"rendered":"https:\/\/baldumarket.lt\/product\/szafka-nocna-z-szuflada-vabres-55-cm-prawostronna-dab-artisan-lamele\/"},"modified":"2026-02-11T18:18:04","modified_gmt":"2026-02-11T15:18:04","slug":"szafka-nocna-z-szuflada-vabres-55-cm-prawostronna-dab-artisan-lamele","status":"publish","type":"product","link":"https:\/\/baldumarket.lt\/lt\/product\/szafka-nocna-z-szuflada-vabres-55-cm-prawostronna-dab-artisan-lamele\/","title":{"rendered":"Vabres naktinis staliukas su stal\u010diumi, 55 cm, de\u0161in\u0117 pus\u0117, \u0105\u017euolo imitacija, lamel\u0117s"},"content":{"rendered":"<p>\u201eVabres\u201c naktinis staliukas \u2013 modernus naktinis staliukas su grotel\u0117mis. De\u0161inysis \u201eVabres\u201c naktinis staliukas yra unikalus, modernios kubin\u0117s formos baldas, kuriame dera madingas dizainas ir funkcionalumas. \u0160iltos spalvos ir dekoratyvin\u0117s grotel\u0117s puikiai dera prie modernaus interjero, tod\u0117l jis stilingai dera prie bet kurio miegamojo. Med\u017eiaga ir spalvos<\/p>\n<p>\u201eVabres\u201c naktinis staliukas pagamintas i\u0161 auk\u0161tos kokyb\u0117s laminuotos plok\u0161t\u0117s, u\u017etikrinan\u010dios patvarum\u0105 ir atsparum\u0105 \u012fbr\u0117\u017eimams. Jo meni\u0161kas \u0105\u017euolo apdaila i\u0161tikimai imituoja medien\u0105, suteikdama interjerui \u0161ilumos ir nat\u016bralumo. Dekoratyvin\u0117s MDF lentjuost\u0117s papildo \u0161\u012f dizain\u0105, suteikdamos jam elegancijos. Be subtilaus juodo akcento, bendras dizainas i\u0161laikomas harmoningos medienos spalvos, suteikian\u010dios miegamajam rami\u0105 ir jauki\u0105 atmosfer\u0105. Funkcionalumas<\/p>\n<p>\u201eVabres\u201c naktinis staliukas buvo sukurtas atsi\u017evelgiant \u012f praktin\u012f naudojim\u0105. Jame yra erdvus stal\u010dius, kuriame telpa b\u016btini daiktai, pavyzd\u017eiui, servet\u0117l\u0117s, vaistai ir kosmetika, kuriuos patogu tur\u0117ti po ranka. Atvira lentyna taip pat suteikia patogi\u0105 viet\u0105 knygai ar telefonui. Ant sta\u010diakampio stalvir\u0161io galima pastatyti naktin\u0119 lemp\u0105 ir ma\u017eus vazoninius augalus, suteikian\u010dius miegamajam gaivumo. Ypatyb\u0117s: modernus dizainas su paprasta, kubistine forma. Dekoratyvin\u0117s MDF lentjuost\u0117s suteikia charakterio. Auk\u0161tos kokyb\u0117s laminuota plok\u0161t\u0117 su med\u017eio imitacijos apdaila. Erdvus stal\u010dius reikalingiems daiktams. Atvira lentyna knygai ar telefonui. Funkcionalus stalvir\u0161is naktinei lempai ir ma\u017eiems vazoniniams augalams. Galima \u012fsigyti de\u0161inin\u0117s ir kair\u0117s pus\u0117s versij\u0173, tod\u0117l galite pritaikyti miegamojo i\u0161d\u0117stym\u0105 pagal savo skon\u012f. Santrauka<\/p>\n<p>\u201eVabres\u201c naktinis staliukas yra stilingas ir funkcionalus priedas, kuris papildys j\u016bs\u0173 miegamojo interjer\u0105. D\u0117l dekoratyvini\u0173 lenteli\u0173 ir \u0161iltos apdailos \u0161is baldas \u012fne\u0161a \u012f j\u016bs\u0173 interjer\u0105 modernumo ir nesenstan\u010dio gamtos gro\u017eio. Puikiai tinkanti tiek ma\u017eoms, tiek didesn\u0117ms erdv\u0117ms, \u201eVabres\u201c spintel\u0117 atitiks kiekvieno, vertinan\u010dio eleganti\u0161k\u0105 dizain\u0105 ir prakti\u0161kus sprendimus, l\u016bkes\u010dius.<\/p>\n<p>Prek\u0117s kodas S620-KOM1S\/P-DASN\/DASN\/CA Plotis 55 cm Gylis 40 cm Auk\u0161tis 40 cm Kolekcija Vabres Spalva meni\u0161kas \u0105\u017euolas\/juoda Gaubtas \u0161viesi mediena Stilius modernus Med\u017eiaga laminatas Dureli\u0173 skai\u010dius be dureli\u0173 Stal\u010di\u0173 skai\u010dius 1 stal\u010dius Rankena be ranken\u0117li\u0173 Gamintojas Juoda Raudona Balta Bald\u0173 tipas Komodos PVM mokestis 23%<\/p>","protected":false},"excerpt":{"rendered":"<p>Vabres Nightstand \u2013 Modern Nightstand with SlatsThe right-hand Vabres nightstand is a unique piece of furniture in a modern cubic form that combines fashionable design with functionality. Its warm colors and decorative slats perfectly complement modern interiors, making it a stylish addition to any bedroom. Material and Colors The Vabres nightstand is made of high-quality [&hellip;]<\/p>","protected":false},"featured_media":267751,"comment_status":"open","ping_status":"open","template":"","meta":[],"product_brand":[],"product_cat":[9200,1176],"product_tag":[],"class_list":{"0":"post-267750","1":"product","2":"type-product","3":"status-publish","4":"has-post-thumbnail","6":"product_cat-black-red-white","7":"product_cat-bedside-tables","9":"first","10":"instock","11":"purchasable","12":"product-type-simple"},"_links":{"self":[{"href":"https:\/\/baldumarket.lt\/lt\/wp-json\/wp\/v2\/product\/267750","targetHints":{"allow":["GET"]}}],"collection":[{"href":"https:\/\/baldumarket.lt\/lt\/wp-json\/wp\/v2\/product"}],"about":[{"href":"https:\/\/baldumarket.lt\/lt\/wp-json\/wp\/v2\/types\/product"}],"replies":[{"embeddable":true,"href":"https:\/\/baldumarket.lt\/lt\/wp-json\/wp\/v2\/comments?post=267750"}],"wp:featuredmedia":[{"embeddable":true,"href":"https:\/\/baldumarket.lt\/lt\/wp-json\/wp\/v2\/media\/267751"}],"wp:attachment":[{"href":"https:\/\/baldumarket.lt\/lt\/wp-json\/wp\/v2\/media?parent=267750"}],"wp:term":[{"taxonomy":"product_brand","embeddable":true,"href":"https:\/\/baldumarket.lt\/lt\/wp-json\/wp\/v2\/product_brand?post=267750"},{"taxonomy":"product_cat","embeddable":true,"href":"https:\/\/baldumarket.lt\/lt\/wp-json\/wp\/v2\/product_cat?post=267750"},{"taxonomy":"product_tag","embeddable":true,"href":"https:\/\/baldumarket.lt\/lt\/wp-json\/wp\/v2\/product_tag?post=267750"}],"curies":[{"name":"wp","href":"https:\/\/api.w.org\/{rel}","templated":true}]}}