{"id":267734,"date":"2026-01-14T00:43:11","date_gmt":"2026-01-13T21:43:11","guid":{"rendered":"https:\/\/baldumarket.lt\/product\/szafka-nocna-z-szuflada-ruso-545-cm-dab-april-czarny-mat\/"},"modified":"2026-02-11T18:18:05","modified_gmt":"2026-02-11T15:18:05","slug":"szafka-nocna-z-szuflada-ruso-545-cm-dab-april-czarny-mat","status":"publish","type":"product","link":"https:\/\/baldumarket.lt\/lt\/product\/szafka-nocna-z-szuflada-ruso-545-cm-dab-april-czarny-mat\/","title":{"rendered":"RUSO naktinis staliukas su stal\u010diumi, 54,5 cm, \u201eApril\u201c \u0105\u017euolas\/matin\u0117 juoda spalva"},"content":{"rendered":"<p>\u201eRuso\u201c naktinis staliukas \u2013 nepakei\u010diamas miegamojo palydovas. \u012erengiant miegam\u0105j\u012f, labai svarbu pasirinkti tinkamus baldus. Reikia atsi\u017evelgti ne tik \u012f estetik\u0105, bet ir \u012f funkcionalum\u0105. Lova ir drabu\u017ei\u0173 spinta yra b\u016btini, ta\u010diau \u201eRuso\u201c naktinis staliukas suteikia i\u0161skirtin\u0117s vert\u0117s. Tai ne tik vieta \u017eadintuvui, bet ir prakti\u0161kas baldas, padedantis sutvarkyti miegamojo erdv\u0119. \u201eRuso\u201c naktinio staliuko matmenys yra 54 x 45,5 cm, tod\u0117l jis puikiai dera \u0161alia lovos, u\u017etikrindamas komfort\u0105 ir prakti\u0161kum\u0105. Kuo \u0161is naktinis staliukas skiriasi nuo kit\u0173 rinkoje esan\u010di\u0173? Verta atkreipti d\u0117mes\u012f \u012f praktines \u0161io naktinio staliuko savybes. Jis turi vien\u0105 stal\u010di\u0173, puikiai tinkant\u012f vaistams, kosmetikai ir kitiems smulkiems daiktams laikyti. Tai puikus sprendimas norint palaikyti tvark\u0105 miegamajame. Be to, naktinio staliuko vir\u0161uje yra atvira erdv\u0117, kurioje galite laikyti knygas, \u017eurnalus ar dekoracijas. \u0160i\u0105 erdv\u0119 galima pritaikyti pagal j\u016bs\u0173 poreikius. \u201eRuso\u201c naktinis staliukas i\u0161siskiria tvirtu dizainu. Pastorinti \u0161onai ir grindjuost\u0117s suteikia baldui stabilumo ir ilgaam\u017ei\u0161kumo. Be to, priekin\u0117je dalyje esantis \u012fdubimas atlieka rankenos funkcij\u0105, kuri ne tik palengvina stal\u010di\u0173 atidarym\u0105, bet ir suteikia baldui unikali\u0105 i\u0161vaizd\u0105. Komplekte yra matin\u0117s lavos spalvos juostel\u0117, kuri\u0105 galima \u012fmontuoti \u012f priekin\u0117se dalyse esan\u010dius \u012fdubimus. \u0160ios detal\u0117s pagerina baldo estetik\u0105 ir suteikia elegancijos. \u201eRuso\u201c naktinis staliukas traukia d\u0117mes\u012f kontrastingomis spalvomis. Baldo korpusas pagamintas i\u0161 baland\u017eio \u0105\u017euolo, suteikian\u010dio jam nat\u016bralaus \u017eavesio ir jaukumo. Kita vertus, priekin\u0117 dalis yra apdailinta eleganti\u0161ka matine juoda spalva, suteikian\u010dia modernumo ir stiliaus. \u201eRuso\u201c naktinis staliukas yra didesn\u0117s bald\u0173 kolekcijos dalis. Tai leid\u017eia j\u012f lengvai derinti su kitais tos pa\u010dios serijos baldais, sukuriant darn\u0173 ir funkcional\u0173 miegamojo \u012frengim\u0105. Tai puikus sprendimas, jei norite i\u0161laikyti nuosekl\u0173 stili\u0173 visame miegamajame. Trumpai tariant, \u201eRuso\u201c naktinis staliukas yra ne tik prakti\u0161kas baldas, bet ir estetinis papildymas, suteikiantis j\u016bs\u0173 miegamajam unikal\u0173 charakter\u012f. D\u0117l savo funkcionalumo ir tvirtos konstrukcijos jis lyd\u0117s jus daugel\u012f met\u0173, tod\u0117l vakarai ir rytai bus patogesni ir stilingesni. Kartu su kitais \u201eRuso\u201c kolekcijos elementais galite sukurti darn\u0173 miegamojo i\u0161d\u0117stym\u0105, kuris atitiks visus j\u016bs\u0173 poreikius tiek daikt\u0173 laikymo, tiek estetikos po\u017ei\u016briu. \u201eRuso\u201c naktinis staliukas yra tvirtas pagrindas \u017eadintuvui ir daugeliui kit\u0173 smulki\u0173 daikt\u0173, kuriuos nor\u0117site tur\u0117ti su savimi miegamajame.<\/p>\n<p>Prek\u0117s kodas S407-KOM1S-DARL\/CAM Simbolis ZM EAN Plotis 54,5 cm Gylis 45,5 cm Auk\u0161tis 43,5 cm Kolekcija Ruso Spalva baland\u017eio spalvos \u0105\u017euolas\/matin\u0117 juoda Atspalvis tamsi mediena Stilius modernus Med\u017eiaga laminatas Dureli\u0173 skai\u010dius be dureli\u0173 Stal\u010di\u0173 skai\u010dius 1 stal\u010dius Rankena be ranken\u0117li\u0173 Gamintojas Juoda Raudona Balta Baldo tipas Komodos PVM mokestis 23% EAN 5906123944359<\/p>","protected":false},"excerpt":{"rendered":"<p>\u201eRuso\u201c naktinis staliukas \u2013 nepakei\u010diamas miegamojo palydovas. \u012erengiant miegam\u0105j\u012f, labai svarbu pasirinkti tinkamus baldus. Reikia atsi\u017evelgti ne tik \u012f estetik\u0105, bet ir \u012f funkcionalum\u0105. Lova ir drabu\u017ei\u0173 spinta yra b\u016btini, ta\u010diau \u201eRuso\u201c naktinis staliukas suteikia i\u0161skirtin\u0117s vert\u0117s. Tai ne tik vieta \u017eadintuvui, bet ir prakti\u0161kas baldas [\u2026]<\/p>","protected":false},"featured_media":267735,"comment_status":"open","ping_status":"open","template":"","meta":[],"product_brand":[],"product_cat":[9200,1176],"product_tag":[],"class_list":{"0":"post-267734","1":"product","2":"type-product","3":"status-publish","4":"has-post-thumbnail","6":"product_cat-black-red-white","7":"product_cat-bedside-tables","9":"first","10":"instock","11":"purchasable","12":"product-type-simple"},"_links":{"self":[{"href":"https:\/\/baldumarket.lt\/lt\/wp-json\/wp\/v2\/product\/267734","targetHints":{"allow":["GET"]}}],"collection":[{"href":"https:\/\/baldumarket.lt\/lt\/wp-json\/wp\/v2\/product"}],"about":[{"href":"https:\/\/baldumarket.lt\/lt\/wp-json\/wp\/v2\/types\/product"}],"replies":[{"embeddable":true,"href":"https:\/\/baldumarket.lt\/lt\/wp-json\/wp\/v2\/comments?post=267734"}],"wp:featuredmedia":[{"embeddable":true,"href":"https:\/\/baldumarket.lt\/lt\/wp-json\/wp\/v2\/media\/267735"}],"wp:attachment":[{"href":"https:\/\/baldumarket.lt\/lt\/wp-json\/wp\/v2\/media?parent=267734"}],"wp:term":[{"taxonomy":"product_brand","embeddable":true,"href":"https:\/\/baldumarket.lt\/lt\/wp-json\/wp\/v2\/product_brand?post=267734"},{"taxonomy":"product_cat","embeddable":true,"href":"https:\/\/baldumarket.lt\/lt\/wp-json\/wp\/v2\/product_cat?post=267734"},{"taxonomy":"product_tag","embeddable":true,"href":"https:\/\/baldumarket.lt\/lt\/wp-json\/wp\/v2\/product_tag?post=267734"}],"curies":[{"name":"wp","href":"https:\/\/api.w.org\/{rel}","templated":true}]}}