{"id":267726,"date":"2026-01-14T00:42:58","date_gmt":"2026-01-13T21:42:58","guid":{"rendered":"https:\/\/baldumarket.lt\/product\/szafka-nocna-z-szuflada-patras-58-cm-dab-april\/"},"modified":"2026-02-11T18:18:05","modified_gmt":"2026-02-11T15:18:05","slug":"szafka-nocna-z-szuflada-patras-58-cm-dab-april","status":"publish","type":"product","link":"https:\/\/baldumarket.lt\/lt\/product\/szafka-nocna-z-szuflada-patras-58-cm-dab-april\/","title":{"rendered":"PATRAS naktinis staliukas su stal\u010diumi 58 cm, baland\u017eio spalvos \u0105\u017euolas"},"content":{"rendered":"<p>\u201ePatras\u201c naktinis staliukas. \u201ePatras\u201c naktinis staliukas yra prakti\u0161kas eleganti\u0161kos kolekcijos, skirtos klasikiniam interjerui, papildymas, pasi\u017eymintis eleganti\u0161komis ranken\u0117l\u0117mis, \u012fsp\u016bdingais apvadais ir stilingu dizainu, b\u016bdingu visai \u201ePatras\u201c kolekcijai. Kad rytai b\u016bt\u0173 lengvesni, galite \u012fsigyti patog\u0173 \u201ePatras\u201c naktin\u012f staliuk\u0105. Ant vir\u0161aus puikiai tinka \u017eadintuvas, atviroje lentynoje telpa m\u0117gstamiausias \u017eurnalas ir knyga, o kompakti\u0161kas stal\u010dius suteikia papildomos vietos daiktams susid\u0117ti. Naktinis staliukas skland\u017eiai dera prie bet kurio miegamojo d\u0117l \u0161iltos baland\u017eio \u0105\u017euolo spalvos, kuri atspindi nat\u016brali\u0105 medienos tekst\u016br\u0105 ir puo\u0161ia interjer\u0105, tuo pa\u010diu tarnaudama kaip pagrindas \u012fvairiems stilingiems i\u0161d\u0117stymams. Stilizuotos sendinto sidabro spalvos ranken\u0117l\u0117s suteikia naktiniam staliukui \u017eavesio ir u\u017etikrina lengv\u0105 prieig\u0105 prie jo turinio. \u201ePatras\u201c kolekcija leid\u017eia sukurti jauk\u0173 ir \u0161ilt\u0105 miegam\u0105j\u012f, skatinant\u012f poils\u012f, o \u012fvair\u016bs moduliai leid\u017eia i\u0161pl\u0117sti \u0161ios erdv\u0117s funkcionalum\u0105. \u0160ie eleganti\u0161ki elementai suteiks j\u016bs\u0173 interjerui modern\u0173 ir stiling\u0105 charakter\u012f, sukurdami harmoning\u0105 erdv\u0119 poilsiui.<\/p>\n<p>Prek\u0117s kodas S405-KOM1S-DARL Simbolis ZM EAN Plotis 58 cm Gylis 44,5 cm Auk\u0161tis 48 cm Kolekcija Patras Spalva baland\u017eio spalvos \u0105\u017euolas Atspalvis tamsi mediena Stilius modernus Med\u017eiaga laminatas Dureli\u0173 skai\u010dius be dur\u0173 Stal\u010di\u0173 skai\u010dius 1 stal\u010dius Rankena su rankenomis Gamintojas Juoda Raudona Balta Baldo tipas Komodos PVM 23% EAN 5906123930444<\/p>","protected":false},"excerpt":{"rendered":"<p>\u201ePatras\u201c naktinis staliukas. \u201ePatras\u201c naktinis staliukas yra prakti\u0161kas eleganti\u0161kos kolekcijos, skirtos klasikiniam interjerui, papildymas, pasi\u017eymintis eleganti\u0161komis ranken\u0117l\u0117mis, ry\u0161kiomis apdailos detal\u0117mis ir stilingu dizainu, b\u016bdingu visai \u201ePatras\u201c kolekcijai. Kad rytai b\u016bt\u0173 lengvesni, galite \u012fsigyti patog\u0173 \u201ePatras\u201c naktin\u012f staliuk\u0105. Vir\u0161uje puikiai tinka \u017eadintuvas, atvira lentyna [\u2026]<\/p>","protected":false},"featured_media":267727,"comment_status":"open","ping_status":"open","template":"","meta":[],"product_brand":[],"product_cat":[9200,1176],"product_tag":[],"class_list":{"0":"post-267726","1":"product","2":"type-product","3":"status-publish","4":"has-post-thumbnail","6":"product_cat-black-red-white","7":"product_cat-bedside-tables","9":"first","10":"instock","11":"purchasable","12":"product-type-simple"},"_links":{"self":[{"href":"https:\/\/baldumarket.lt\/lt\/wp-json\/wp\/v2\/product\/267726","targetHints":{"allow":["GET"]}}],"collection":[{"href":"https:\/\/baldumarket.lt\/lt\/wp-json\/wp\/v2\/product"}],"about":[{"href":"https:\/\/baldumarket.lt\/lt\/wp-json\/wp\/v2\/types\/product"}],"replies":[{"embeddable":true,"href":"https:\/\/baldumarket.lt\/lt\/wp-json\/wp\/v2\/comments?post=267726"}],"wp:featuredmedia":[{"embeddable":true,"href":"https:\/\/baldumarket.lt\/lt\/wp-json\/wp\/v2\/media\/267727"}],"wp:attachment":[{"href":"https:\/\/baldumarket.lt\/lt\/wp-json\/wp\/v2\/media?parent=267726"}],"wp:term":[{"taxonomy":"product_brand","embeddable":true,"href":"https:\/\/baldumarket.lt\/lt\/wp-json\/wp\/v2\/product_brand?post=267726"},{"taxonomy":"product_cat","embeddable":true,"href":"https:\/\/baldumarket.lt\/lt\/wp-json\/wp\/v2\/product_cat?post=267726"},{"taxonomy":"product_tag","embeddable":true,"href":"https:\/\/baldumarket.lt\/lt\/wp-json\/wp\/v2\/product_tag?post=267726"}],"curies":[{"name":"wp","href":"https:\/\/api.w.org\/{rel}","templated":true}]}}