{"id":267718,"date":"2026-01-14T00:42:50","date_gmt":"2026-01-13T21:42:50","guid":{"rendered":"https:\/\/baldumarket.lt\/product\/szafka-nocna-z-szuflada-nuis-50-cm-dab-wotan-bialy-polysk\/"},"modified":"2026-02-11T18:18:05","modified_gmt":"2026-02-11T15:18:05","slug":"szafka-nocna-z-szuflada-nuis-50-cm-dab-wotan-bialy-polysk","status":"publish","type":"product","link":"https:\/\/baldumarket.lt\/lt\/product\/szafka-nocna-z-szuflada-nuis-50-cm-dab-wotan-bialy-polysk\/","title":{"rendered":"NUIS naktinis staliukas su stal\u010diumi, 50 cm, Wotan \u0105\u017euolas\/blizgi balta spalva"},"content":{"rendered":"<p>\u201eNuis\u201c naktinis staliukas \u2013 stilingas funkcionalumas j\u016bs\u0173 miegamajame. \u201eNuis\u201c naktinis staliukas ne tik suteikia stiliaus moderniam miegamajam, bet ir suteikia jaukumo bei funkcionalumo. Unikalus nat\u016bralios medienos ir blizgaus balto lako derinys sukuria ry\u0161k\u0173 dizain\u0105, puikiai tinkant\u012f skandinavi\u0161ko stiliaus interjerui. \u0160is naktinis staliukas yra ne tik estetinis papildymas, bet ir patogi lentyna bei prakti\u0161ka spintel\u0117 asmeniniams daiktams laikyti. \u201eNuis\u201c serijos modelis sukurtas derinant abi funkcijas, si\u016blant atvir\u0105 ni\u0161\u0105 ir u\u017edar\u0105 dal\u012f, puikiai tinkan\u010di\u0105 laikyti daiktus, kuri\u0173 nenorite laikyti pasl\u0117ptus. D\u0117\u017e\u0117s formos \u201eNuis\u201c naktinio staliuko i\u0161 \u201eWotan Oak\u201c konstrukcija suteikia jam paprast\u0105, bet eleganti\u0161k\u0105 i\u0161vaizd\u0105, skland\u017eiai \u012fsiliejan\u010di\u0105 \u012f modern\u0173 interjer\u0105. MDF korpusas ir pagrindas garantuoja patvarum\u0105 ir elegancij\u0105. I\u0161traukiamas stal\u010dius su novatori\u0161ka rankena suteikia originalumo. \u201eNuis\u201c naktinis staliukas puikiai atrodo tiek kaip atskiras baldas, tiek derinamas su kitais kolekcijos baldais. J\u012f galite derinti su lova, komoda ir gilia spinta, sukurdami darn\u0173 ir eleganti\u0161k\u0105 viso miegamojo vaizd\u0105. Stilingas funkcionalumas, prisitaikantis prie j\u016bs\u0173 poreiki\u0173.<\/p>\n<p>Prek\u0117s kodas S396-KOM1S-DWO\/BIP Simbolis ZM EAN Plotis 50 cm Gylis 39,5 cm Auk\u0161tis 38,5 cm Kolekcija \u201eNuis\u201c Spalva wotan \u0105\u017euolas\/blizgi balta Gaubtas \u0161viesi mediena Stilius modernus Med\u017eiaga laminatas Dureli\u0173 skai\u010dius be dureli\u0173 Stal\u010di\u0173 skai\u010dius 1 stal\u010dius Rankena be ranken\u0117li\u0173 Gamintojas Juoda Raudona Balta Baldo tipas Komodos PVM mokestis 23% EAN 5906123929455<\/p>","protected":false},"excerpt":{"rendered":"<p>\u201eNuis\u201c naktinis staliukas \u2013 stilingas funkcionalumas j\u016bs\u0173 miegamajame. \u201eNuis\u201c naktinis staliukas ne tik suteikia stiliaus moderniam miegamajam, bet ir yra jaukus bei funkcionalus. Unikalus nat\u016bralios medienos ir blizgaus balto lako derinys sukuria ry\u0161k\u0173 dizain\u0105, puikiai tinkant\u012f skandinavi\u0161ko stiliaus interjerui. \u0160is naktinis staliukas yra ne tik estetinis papildymas, bet ir [\u2026]<\/p>","protected":false},"featured_media":267719,"comment_status":"open","ping_status":"open","template":"","meta":[],"product_brand":[],"product_cat":[9200,1176],"product_tag":[],"class_list":{"0":"post-267718","1":"product","2":"type-product","3":"status-publish","4":"has-post-thumbnail","6":"product_cat-black-red-white","7":"product_cat-bedside-tables","9":"first","10":"instock","11":"purchasable","12":"product-type-simple"},"_links":{"self":[{"href":"https:\/\/baldumarket.lt\/lt\/wp-json\/wp\/v2\/product\/267718","targetHints":{"allow":["GET"]}}],"collection":[{"href":"https:\/\/baldumarket.lt\/lt\/wp-json\/wp\/v2\/product"}],"about":[{"href":"https:\/\/baldumarket.lt\/lt\/wp-json\/wp\/v2\/types\/product"}],"replies":[{"embeddable":true,"href":"https:\/\/baldumarket.lt\/lt\/wp-json\/wp\/v2\/comments?post=267718"}],"wp:featuredmedia":[{"embeddable":true,"href":"https:\/\/baldumarket.lt\/lt\/wp-json\/wp\/v2\/media\/267719"}],"wp:attachment":[{"href":"https:\/\/baldumarket.lt\/lt\/wp-json\/wp\/v2\/media?parent=267718"}],"wp:term":[{"taxonomy":"product_brand","embeddable":true,"href":"https:\/\/baldumarket.lt\/lt\/wp-json\/wp\/v2\/product_brand?post=267718"},{"taxonomy":"product_cat","embeddable":true,"href":"https:\/\/baldumarket.lt\/lt\/wp-json\/wp\/v2\/product_cat?post=267718"},{"taxonomy":"product_tag","embeddable":true,"href":"https:\/\/baldumarket.lt\/lt\/wp-json\/wp\/v2\/product_tag?post=267718"}],"curies":[{"name":"wp","href":"https:\/\/api.w.org\/{rel}","templated":true}]}}