{"id":267702,"date":"2026-01-14T00:42:37","date_gmt":"2026-01-13T21:42:37","guid":{"rendered":"https:\/\/baldumarket.lt\/product\/szafka-nocna-z-szuflada-nepo-plus-495-cm-bialy\/"},"modified":"2026-02-11T18:18:05","modified_gmt":"2026-02-11T15:18:05","slug":"szafka-nocna-z-szuflada-nepo-plus-495-cm-bialy","status":"publish","type":"product","link":"https:\/\/baldumarket.lt\/lt\/product\/szafka-nocna-z-szuflada-nepo-plus-495-cm-bialy\/","title":{"rendered":"NEPO PLUS naktinis staliukas su stal\u010diumi, 49,5 cm, baltas"},"content":{"rendered":"<p>\u201eNepo Plus\u201c naktinis staliukas \u2013 daugiau nei \u017eadintuvas. Planuojate \u012frengti modern\u0173 jaunimo kambar\u012f ar miegam\u0105j\u012f? Jei taip, verta d\u0117mesio apie \u201eNepo Plus\u201c kolekcij\u0105, i\u0161siskirian\u010di\u0105 ne tik paprastu stiliumi, bet ir auk\u0161tos kokyb\u0117s meistri\u0161kumu. Pa\u017evelkime atid\u017eiau \u012f \u0161\u012f nepaprast\u0105 bald\u0105, kuris gali tapti pagrindiniu j\u016bs\u0173 interjero elementu. Ar galite \u012fsivaizduoti tobul\u0105 ryt\u0105? \u017dinoma, galite! \u201eNepo Plus\u201c naktinis staliukas tikrai jums pad\u0117s tokioje situacijoje. Tai ne tik prakti\u0161ka vieta \u017eadintuvui, bet ir daugyb\u0117 kit\u0173 smulkmen\u0173, kurios paver\u010dia j\u016bs\u0173 rytus maloniais. Tiesiog pad\u0117kite ant jo stiklin\u0119 sul\u010di\u0173 ir m\u0117gstam\u0105 nuotrauk\u0105, kuri\u0105 visada galite tur\u0117ti po ranka. Bet tai dar ne viskas! Patogiame stal\u010diuje galite laikyti vaistus ir gro\u017eio priemones, o atvira lentyna \u2013 puiki vieta j\u016bs\u0173 m\u0117gstamai knygai ar \u017eurnalui. Visa tai rei\u0161kia, kad j\u016bs\u0173 rytas gali prasid\u0117ti i\u0161skirtinai gerai. Vienas i\u0161 pagrindini\u0173 \u201eNepo Plus\u201c naktinio staliuko privalum\u0173 \u2013 laminuotas pavir\u0161ius. \u0160is sprendimas jus prad\u017eiugins dvigubai. Pirma, laminatas u\u017etikrina didesn\u012f atsparum\u0105 \u012fbr\u0117\u017eimams, tod\u0117l baldai ilg\u0105 laik\u0105 atrodys kaip nauji. Antra, didelis privalumas \u2013 lengvas valymas, ypa\u010d miegamuosiuose, kur \u0161vara ir higiena yra svarbiausios vertyb\u0117s. \u201eNepo Plus\u201c kolekcija taip pat si\u016blo \u012fvairi\u0173 spalv\u0173 variant\u0173. Galite rinktis i\u0161 vientis\u0173 atspalvi\u0173 arba stiling\u0173 spalv\u0173 derini\u0173, kurie leis jums sukurti darn\u0173 miegamojo i\u0161d\u0117stym\u0105 pagal j\u016bs\u0173 skon\u012f ir pageidavimus. Tai rei\u0161kia, kad baldas bus ne tik prakti\u0161kas, bet ir esteti\u0161kai patrauklus, puikiai papildantis j\u016bs\u0173 interjero charakter\u012f. Prakti\u0161kumas yra pagrindinis \u201eNepo Plus\u201c naktinio stalelio elementas. Horizontali, tiesi rankena palengvina prieig\u0105 prie stal\u010diaus turinio, o tai ypa\u010d svarbu, kai reikia greitai k\u0105 nors rasti viduje. \u0160is sprendimas leid\u017eia naudoti baldus itin patogiai ir komforti\u0161kai. Taip pat verta pamin\u0117ti, kad \u201eNepo Plus\u201c naktinis staliukas puikiai dera su tos pa\u010dios kolekcijos lova ir spinta. Tai leid\u017eia sukurti darni\u0105 erdv\u0119, kurioje visi elementai puikiai papildo vienas kit\u0105, kartu patenkindami j\u016bs\u0173 poreikius ir l\u016bkes\u010dius. Trumpai tariant, \u201eNepo Plus\u201c naktinis staliukas yra ne tik prakti\u0161kas miegamojo baldas, bet ir unikalus dekoratyvinis elementas, galintis suteikti j\u016bs\u0173 interjerui unikal\u0173 charakter\u012f. \u012evair\u016bs spalv\u0173 variantai, auk\u0161tos kokyb\u0117s gamyba ir funkcionalumas yra pagrindiniai \u0161ios kolekcijos privalumai. Pasirinkdami \u201eNepo Plus\u201c naktin\u012f staliuk\u0105, investuojate \u012f patvarum\u0105 ir patogum\u0105, kur\u012f tikrai vertinsite ilgus metus.<\/p>\n<p>Prek\u0117s kodas S435-KOM1S-BI Simbolis ZM EAN Plotis 49,5 cm Gylis 34 cm Auk\u0161tis 42,5 cm Kolekcija Nepo Plus Spalva balta Atspalvis baltas Stilius modernus Dureli\u0173 skai\u010dius be dur\u0173 Stal\u010di\u0173 skai\u010dius 1 stal\u010dius Rankena su rankenomis Gamintojas Juoda Raudona Balta Baldo tipas Komodos PVM 23% EAN 5906123947978<\/p>","protected":false},"excerpt":{"rendered":"<p>\u201eNepo Plus\u201c naktinis staliukas \u2013 daugiau nei \u017eadintuvas. Planuojate \u012frengti modern\u0173 jaunimo kambar\u012f ar miegam\u0105j\u012f? Jei taip, verta d\u0117mesio apie \u201eNepo Plus\u201c kolekcij\u0105, kuri i\u0161siskiria ne tik paprastu stiliumi, bet ir auk\u0161tos kokyb\u0117s meistri\u0161kumu. Pa\u017evelkime atid\u017eiau \u012f \u0161\u012f nepaprast\u0105 bald\u0105, kuris [\u2026]<\/p>","protected":false},"featured_media":267703,"comment_status":"open","ping_status":"open","template":"","meta":[],"product_brand":[],"product_cat":[9200,1176],"product_tag":[],"class_list":{"0":"post-267702","1":"product","2":"type-product","3":"status-publish","4":"has-post-thumbnail","6":"product_cat-black-red-white","7":"product_cat-bedside-tables","9":"first","10":"instock","11":"purchasable","12":"product-type-simple"},"_links":{"self":[{"href":"https:\/\/baldumarket.lt\/lt\/wp-json\/wp\/v2\/product\/267702","targetHints":{"allow":["GET"]}}],"collection":[{"href":"https:\/\/baldumarket.lt\/lt\/wp-json\/wp\/v2\/product"}],"about":[{"href":"https:\/\/baldumarket.lt\/lt\/wp-json\/wp\/v2\/types\/product"}],"replies":[{"embeddable":true,"href":"https:\/\/baldumarket.lt\/lt\/wp-json\/wp\/v2\/comments?post=267702"}],"wp:featuredmedia":[{"embeddable":true,"href":"https:\/\/baldumarket.lt\/lt\/wp-json\/wp\/v2\/media\/267703"}],"wp:attachment":[{"href":"https:\/\/baldumarket.lt\/lt\/wp-json\/wp\/v2\/media?parent=267702"}],"wp:term":[{"taxonomy":"product_brand","embeddable":true,"href":"https:\/\/baldumarket.lt\/lt\/wp-json\/wp\/v2\/product_brand?post=267702"},{"taxonomy":"product_cat","embeddable":true,"href":"https:\/\/baldumarket.lt\/lt\/wp-json\/wp\/v2\/product_cat?post=267702"},{"taxonomy":"product_tag","embeddable":true,"href":"https:\/\/baldumarket.lt\/lt\/wp-json\/wp\/v2\/product_tag?post=267702"}],"curies":[{"name":"wp","href":"https:\/\/api.w.org\/{rel}","templated":true}]}}