{"id":267694,"date":"2026-01-14T00:42:31","date_gmt":"2026-01-13T21:42:31","guid":{"rendered":"https:\/\/baldumarket.lt\/product\/szafka-nocna-z-szuflada-matos-45-cm-dab-wotan-bialy\/"},"modified":"2026-02-11T18:18:05","modified_gmt":"2026-02-11T15:18:05","slug":"szafka-nocna-z-szuflada-matos-45-cm-dab-wotan-bialy","status":"publish","type":"product","link":"https:\/\/baldumarket.lt\/lt\/product\/szafka-nocna-z-szuflada-matos-45-cm-dab-wotan-bialy\/","title":{"rendered":"MATOS naktinis staliukas su stal\u010diumi, 45 cm, wotan \u0105\u017euolas\/balta"},"content":{"rendered":"<p>\u201eMatos\u201c naktinis staliukas\u201eMatos\u201c naktinis staliukas \u2013 puikus miegamojo papildymas, pasi\u017eymintis funkcionalia daikt\u0173 saugykla ir patraukliu dizainu. Ant naktinio staliuko vir\u0161aus galite pad\u0117ti lemp\u0105, stiklin\u0119 vandens ar \u017eadintuv\u0105, tod\u0117l jis taps prakti\u0161ku lovos palydovu. Patogus stal\u010dius puikiai tinka vaistams ir kosmetikai laikyti, u\u017etikrinant tvark\u0105 miegamajame. Atvir\u0105 lentyn\u0105 galima pritaikyti pagal j\u016bs\u0173 skon\u012f, joje tilps dekoratyvin\u0117s d\u0117\u017eut\u0117s, spalvingi \u017eurnalai ar kiti daiktai, kuriuos norite tur\u0117ti po ranka. Ry\u0161ki\u0105 \u201eMatos\u201c naktinio staliuko i\u0161vaizd\u0105 lemia \u0161ilta \u201eWotan\u201c \u0105\u017euolo korpuso spalva ir matin\u0117 balta fasadas. Fanera perteikia nat\u016bralaus medienos ra\u0161to gro\u017e\u012f, patraukia d\u0117mes\u012f ir suteikia baldui unikalaus charakterio. Paprastos sidabrin\u0117s ranken\u0117l\u0117s suteikia eleganti\u0161k\u0105 apdail\u0105, kontrastuojan\u010di\u0105 su lygiais stal\u010di\u0173 fasadais. Jos taip pat palengvina prieig\u0105 prie turinio, suteikdamos naktiniam staliukui funkcionalumo. Derindami prakti\u0161k\u0105 \u201eMatos\u201c naktin\u012f staliuk\u0105 su kitais kolekcijos elementais, galite sukurti visapusi\u0161k\u0105 ir patog\u0173 miegamojo i\u0161d\u0117stym\u0105, pritaikyt\u0105 j\u016bs\u0173 poreikiams.<\/p>\n<p>Prek\u0117s kodas S414-KOM1S-DWO\/BI Simbolis ZM EAN Plotis 45 cm Gylis 34 cm Auk\u0161tis 39 cm Kolekcija Matos Spalva wotan \u0105\u017euolas\/balta Gaubtas \u0161viesi mediena Stilius modernus Med\u017eiaga laminatas Dureli\u0173 skai\u010dius be dur\u0173 Stal\u010di\u0173 skai\u010dius 1 stal\u010dius Rankena su rankenomis Gamintojas Juoda Raudona Balta Baldo tipas Komodos PVM 23% EAN 5906123945394<\/p>","protected":false},"excerpt":{"rendered":"<p>\u201eMatos\u201c naktinis staliukas\u201eMatos\u201c naktinis staliukas yra puikus miegamojo papildymas, pasi\u017eymintis funkcionalia daikt\u0173 saugykla ir patraukliu dizainu. Ant naktinio staliuko vir\u0161aus galite pad\u0117ti lemp\u0105, stiklin\u0119 vandens ar \u017eadintuv\u0105, tod\u0117l jis taps prakti\u0161ku lovos palydovu. Patogus stal\u010dius puikiai tinka vaistams ir kosmetikai laikyti, u\u017etikrinant tvark\u0105 miegamajame. [\u2026]<\/p>","protected":false},"featured_media":267695,"comment_status":"open","ping_status":"open","template":"","meta":[],"product_brand":[],"product_cat":[9200,1176],"product_tag":[],"class_list":{"0":"post-267694","1":"product","2":"type-product","3":"status-publish","4":"has-post-thumbnail","6":"product_cat-black-red-white","7":"product_cat-bedside-tables","9":"first","10":"instock","11":"purchasable","12":"product-type-simple"},"_links":{"self":[{"href":"https:\/\/baldumarket.lt\/lt\/wp-json\/wp\/v2\/product\/267694","targetHints":{"allow":["GET"]}}],"collection":[{"href":"https:\/\/baldumarket.lt\/lt\/wp-json\/wp\/v2\/product"}],"about":[{"href":"https:\/\/baldumarket.lt\/lt\/wp-json\/wp\/v2\/types\/product"}],"replies":[{"embeddable":true,"href":"https:\/\/baldumarket.lt\/lt\/wp-json\/wp\/v2\/comments?post=267694"}],"wp:featuredmedia":[{"embeddable":true,"href":"https:\/\/baldumarket.lt\/lt\/wp-json\/wp\/v2\/media\/267695"}],"wp:attachment":[{"href":"https:\/\/baldumarket.lt\/lt\/wp-json\/wp\/v2\/media?parent=267694"}],"wp:term":[{"taxonomy":"product_brand","embeddable":true,"href":"https:\/\/baldumarket.lt\/lt\/wp-json\/wp\/v2\/product_brand?post=267694"},{"taxonomy":"product_cat","embeddable":true,"href":"https:\/\/baldumarket.lt\/lt\/wp-json\/wp\/v2\/product_cat?post=267694"},{"taxonomy":"product_tag","embeddable":true,"href":"https:\/\/baldumarket.lt\/lt\/wp-json\/wp\/v2\/product_tag?post=267694"}],"curies":[{"name":"wp","href":"https:\/\/api.w.org\/{rel}","templated":true}]}}