{"id":267690,"date":"2026-01-14T00:42:27","date_gmt":"2026-01-13T21:42:27","guid":{"rendered":"https:\/\/baldumarket.lt\/product\/szafka-nocna-z-szuflada-malcolm-50-cm-dab-monument-dab-monument-z-nadrukiem\/"},"modified":"2026-02-11T18:18:05","modified_gmt":"2026-02-11T15:18:05","slug":"szafka-nocna-z-szuflada-malcolm-50-cm-dab-monument-dab-monument-z-nadrukiem","status":"publish","type":"product","link":"https:\/\/baldumarket.lt\/lt\/product\/szafka-nocna-z-szuflada-malcolm-50-cm-dab-monument-dab-monument-z-nadrukiem\/","title":{"rendered":"MALCOLM naktinis staliukas su stal\u010diumi, 50 cm, paminklinio \u0105\u017euolo imitacija\/paminklinio \u0105\u017euolo imitacija su ra\u0161tu"},"content":{"rendered":"<p>\u201eMalcolm\u201c naktinis staliukas \u2013 visada po ranka. \u201eMalcolm\u201c kolekcija \u2013 tai novatori\u0161kas po\u017ei\u016bris \u012f jaunimo baldus, derinantis modern\u0173 dizain\u0105 su tradicin\u0117mis spalvomis. \u201eMalcolm\u201c naktinis staliukas \u2013 puiki vieta laikyti \u017eadintuv\u0105 ir kitus smulkius daiktus. \u0160is ma\u017eas, kompakti\u0161kas baldas turi atvir\u0105 lentyn\u0105 ir \u0161velniai stumdom\u0105 stal\u010di\u0173, tod\u0117l puikiai tinka laikyti smulkius daiktus, knygas ar MP3 grotuv\u0105. \u201eMalcolm\u201c kolekcijos baldai, prislopintos \u201eCanyon Monument Oak\u201c spalvos, derinami su volframo pilkumo priekiu. \u0160is derinys suteikia baldams eleganti\u0161k\u0105 ir modern\u0173 poj\u016bt\u012f, puikiai tinkant\u012f jaunimo kambariui. Naktinis staliukas taip pat pasi\u017eymi i\u0161skirtiniais raid\u017ei\u0173 ra\u0161tais, kurie suteikia modernumo. Didel\u0117, patogi sendinto nikelio spalvos rankena leid\u017eia lengvai atidaryti ir u\u017edaryti stal\u010di\u0173. Verta pamin\u0117ti, kad atskirus \u201eMalcolm\u201c kolekcijos baldus galima derinti bet kokiu b\u016bdu, tod\u0117l galite puikiai pritaikyti j\u0173 i\u0161d\u0117stym\u0105 prie kambario reikalavim\u0173 ir individuali\u0173 vaiko poreiki\u0173. Galite sukurti darni\u0105 ir funkcionali\u0105 erdv\u0119, kuri skatina tvark\u0105 ir komfort\u0105 kasdieniame gyvenime. \u012estatydami paauglio kambar\u012f \u012f naktin\u012f staliuk\u0105 \u201eMalcolm\u201c, suteiksite savo vaikui prakti\u0161k\u0105 ir stiling\u0105 viet\u0105 m\u0117gstamiausiems daiktams laikyti bei suteiksite interjerui charakterio ir elegancijos.<\/p>\n<p>Prek\u0117s kodas S325-KOM1S-DAMO\/SZW\/DAMON Simbolis ZM EAN Plotis 50 cm Gylis 40 cm Auk\u0161tis 41,5 cm Kolekcija Malcolm Spalva monumentalus \u0105\u017euolas\/pilkas volframas\/monumentalus \u0105\u017euolas su ra\u0161tu Gaubtas tamsi mediena Stilius modernus Med\u017eiaga laminatas Dureli\u0173 skai\u010dius be dureli\u0173 Stal\u010di\u0173 skai\u010dius 1 stal\u010dius Rankena su rankenomis Gamintojas Juoda Raudona Balta Baldo tipas Komodos PVM mokestis 23% EAN 5906123925204<\/p>","protected":false},"excerpt":{"rendered":"<p>\u201eMalcolm\u201c naktinis staliukas \u2013 visada po ranka. \u201eMalcolm\u201c kolekcija \u2013 tai novatori\u0161kas po\u017ei\u016bris \u012f jaunimo baldus, derinantis modern\u0173 dizain\u0105 su tradicin\u0117mis spalvomis. \u201eMalcolm\u201c naktinis staliukas \u2013 puiki vieta laikyti \u017eadintuv\u0105 ir kitus smulkius daiktus. \u0160is ma\u017eas, kompakti\u0161kas spintel\u0117 turi atvir\u0105 lentyn\u0105 ir \u0161velniai stumdom\u0105 stal\u010di\u0173, tod\u0117l puikiai tinka [\u2026]<\/p>","protected":false},"featured_media":267691,"comment_status":"open","ping_status":"open","template":"","meta":[],"product_brand":[],"product_cat":[9200,1176],"product_tag":[],"class_list":{"0":"post-267690","1":"product","2":"type-product","3":"status-publish","4":"has-post-thumbnail","6":"product_cat-black-red-white","7":"product_cat-bedside-tables","9":"first","10":"instock","11":"purchasable","12":"product-type-simple"},"_links":{"self":[{"href":"https:\/\/baldumarket.lt\/lt\/wp-json\/wp\/v2\/product\/267690","targetHints":{"allow":["GET"]}}],"collection":[{"href":"https:\/\/baldumarket.lt\/lt\/wp-json\/wp\/v2\/product"}],"about":[{"href":"https:\/\/baldumarket.lt\/lt\/wp-json\/wp\/v2\/types\/product"}],"replies":[{"embeddable":true,"href":"https:\/\/baldumarket.lt\/lt\/wp-json\/wp\/v2\/comments?post=267690"}],"wp:featuredmedia":[{"embeddable":true,"href":"https:\/\/baldumarket.lt\/lt\/wp-json\/wp\/v2\/media\/267691"}],"wp:attachment":[{"href":"https:\/\/baldumarket.lt\/lt\/wp-json\/wp\/v2\/media?parent=267690"}],"wp:term":[{"taxonomy":"product_brand","embeddable":true,"href":"https:\/\/baldumarket.lt\/lt\/wp-json\/wp\/v2\/product_brand?post=267690"},{"taxonomy":"product_cat","embeddable":true,"href":"https:\/\/baldumarket.lt\/lt\/wp-json\/wp\/v2\/product_cat?post=267690"},{"taxonomy":"product_tag","embeddable":true,"href":"https:\/\/baldumarket.lt\/lt\/wp-json\/wp\/v2\/product_tag?post=267690"}],"curies":[{"name":"wp","href":"https:\/\/api.w.org\/{rel}","templated":true}]}}