{"id":267682,"date":"2026-01-14T00:42:19","date_gmt":"2026-01-13T21:42:19","guid":{"rendered":"https:\/\/baldumarket.lt\/product\/szafka-nocna-z-szuflada-luca-juzi-51-cm-modrzew-sibiu-jasny-dab-sonoma-ciemny\/"},"modified":"2026-02-11T18:18:05","modified_gmt":"2026-02-11T15:18:05","slug":"szafka-nocna-z-szuflada-luca-juzi-51-cm-modrzew-sibiu-jasny-dab-sonoma-ciemny","status":"publish","type":"product","link":"https:\/\/baldumarket.lt\/lt\/produktas\/szafka-nocna-z-szuflada-luca-juzi-51-cm-modrzew-sibiu-jasny-dab-sonoma-ciemny\/","title":{"rendered":"LUCA JUZI naktinis staliukas su stal\u010diumi, 51 cm, \u0161viesus Sibiu maumedis\/tamsus Sonoma \u0105\u017euolas"},"content":{"rendered":"<p>\u201eLuca Juzi\u201c naktinis staliukas \u2013 nepakei\u010diamas j\u016bs\u0173 naktinis palydovas. \u0160is naktinis staliukas, priklausantis \u201eLuca Juzi\u201c kolekcijai, \u012fkv\u0117ptai Provanso stiliaus, yra ne tik prakti\u0161kas elementas, bet ir \u017eavinga bet kurio miegamojo puo\u0161mena. \u0160ilt\u0173 spalv\u0173 ir paprasto dizaino derinys atitinka visus Provanso stiliaus l\u016bkes\u010dius. \u201eLuca Juzi\u201c naktinis staliukas taps nepakei\u010diamu j\u016bs\u0173 miegamojo elementu, si\u016blan\u010diu patogi\u0105 viet\u0105 naktinei lempai ir \u017eadintuvui. Patogus stal\u010dius leid\u017eia laikyti gro\u017eio produktus ir palaikyti tvark\u0105 j\u016bs\u0173 erdv\u0117je. Be to, lentyn\u0117l\u0117 leid\u017eia laikyti m\u0117gstam\u0105 knyg\u0105 ar spalvingus \u017eurnalus, kad gal\u0117tum\u0117te atsipalaiduoti prie\u0161 u\u017emigdami. Naktinio staliuko estetika atspindi unikal\u0173 kolekcijos charakter\u012f. Korpusas ir priekin\u0117 dalis apdailinti \u0161viesia Sibiu maumed\u017eio mediena, o vir\u0161us \u2013 tamsaus Sonoma \u0105\u017euolo mediena, suteikian\u010dia baldui subtilios elegancijos. I\u0161skirtin\u0117s lentjuost\u0117s kra\u0161tuose ir matomas ra\u0161tas suteikia \u0161iam naktiniam staliukui unikalaus \u017eavesio, perkeldamas j\u016bs\u0173 miegam\u0105j\u012f \u012f vaizdingus Provanso kra\u0161tovaizd\u017eius. Tvirtos, sendinto gele\u017eies rankenos ne tik atlieka praktin\u0119 funkcij\u0105, tod\u0117l stal\u010di\u0173 lengva atidaryti, bet ir puikiai papildo kolekcijos charakter\u012f, suteikdamos industrin\u012f akcent\u0105. Kompakti\u0161ka naktinio stalelio forma puikiai tinka net ma\u017eoms erdv\u0117ms ir yra b\u016btinas kasdienio naudojimo elementas. Sukurkite pilnai funkcionali\u0105 erdv\u0119, naudodami \u012fvairius \u201eLuca Juzi\u201c kolekcijos elementus, tokius kaip ra\u0161omasis stalas, spinta, lova, lentynos ir televizoriaus staliukas. Leiskite savo miegamajam pasinerti \u012f \u0161vies\u0173, esteti\u0161kai patraukl\u0173 interjer\u0105, kuriame kiekviena detal\u0117 kruop\u0161\u010diai apgalvota d\u0117l stiliaus ir funkcionalumo. \u201eLuca Juzi\u201c naktinis staliukas \u2013 ne tik utilitarinis daiktas, bet ir elementas, suteikiantis magijos j\u016bs\u0173 nakties akimirkoms.<\/p>\n<p>Prek\u0117s kodas S328-KOM1S-MSJ\/DSOC Simbolis ZM EAN Plotis 51 cm Gylis 43 cm Auk\u0161tis 45,5 cm Kolekcija Luca Juzi Spalva \u0161viesi Sibiu maumedis \/ tamsus sonoma \u0105\u017euolas Gaubtas \u0161viesi mediena Stilius modernus Med\u017eiaga laminatas Dureli\u0173 skai\u010dius 1 dur\u0173 Stal\u010di\u0173 skai\u010dius 1 stal\u010dius Rankena su ranken\u0117l\u0117mis Gamintojas Juoda Raudona Balta Baldo tipas Komodos PVM 23% EAN 5906123925600<\/p>","protected":false},"excerpt":{"rendered":"<p>\u201eLuca Juzi\u201c naktinis staliukas \u2013 nepakei\u010diamas j\u016bs\u0173 lovos palydovas. \u0160is naktinis staliukas, priklausantis \u201eLuca Juzi\u201c kolekcijai, \u012fkv\u0117ptai Provanso stiliaus, yra ne tik prakti\u0161kas elementas, bet ir \u017eavinga bet kurio miegamojo puo\u0161mena. \u0160ilt\u0173 spalv\u0173 ir paprasto dizaino derinys leid\u017eia jam atitikti visus Provanso stiliaus l\u016bkes\u010dius. \u201eLuca [\u2026]\u201c<\/p>","protected":false},"featured_media":267683,"comment_status":"open","ping_status":"open","template":"","meta":[],"product_brand":[],"product_cat":[9200,1176],"product_tag":[],"class_list":{"0":"post-267682","1":"product","2":"type-product","3":"status-publish","4":"has-post-thumbnail","6":"product_cat-black-red-white","7":"product_cat-bedside-tables","9":"first","10":"instock","11":"purchasable","12":"product-type-simple"},"_links":{"self":[{"href":"https:\/\/baldumarket.lt\/lt\/wp-json\/wp\/v2\/product\/267682","targetHints":{"allow":["GET"]}}],"collection":[{"href":"https:\/\/baldumarket.lt\/lt\/wp-json\/wp\/v2\/product"}],"about":[{"href":"https:\/\/baldumarket.lt\/lt\/wp-json\/wp\/v2\/types\/product"}],"replies":[{"embeddable":true,"href":"https:\/\/baldumarket.lt\/lt\/wp-json\/wp\/v2\/comments?post=267682"}],"wp:featuredmedia":[{"embeddable":true,"href":"https:\/\/baldumarket.lt\/lt\/wp-json\/wp\/v2\/media\/267683"}],"wp:attachment":[{"href":"https:\/\/baldumarket.lt\/lt\/wp-json\/wp\/v2\/media?parent=267682"}],"wp:term":[{"taxonomy":"product_brand","embeddable":true,"href":"https:\/\/baldumarket.lt\/lt\/wp-json\/wp\/v2\/product_brand?post=267682"},{"taxonomy":"product_cat","embeddable":true,"href":"https:\/\/baldumarket.lt\/lt\/wp-json\/wp\/v2\/product_cat?post=267682"},{"taxonomy":"product_tag","embeddable":true,"href":"https:\/\/baldumarket.lt\/lt\/wp-json\/wp\/v2\/product_tag?post=267682"}],"curies":[{"name":"wp","href":"https:\/\/api.w.org\/{rel}","templated":true}]}}