{"id":267674,"date":"2026-01-14T00:42:12","date_gmt":"2026-01-13T21:42:12","guid":{"rendered":"https:\/\/baldumarket.lt\/product\/szafka-nocna-z-szuflada-loksa-50-cm-sosna-andersen-biala-dab-grandson\/"},"modified":"2026-02-11T18:18:05","modified_gmt":"2026-02-11T15:18:05","slug":"szafka-nocna-z-szuflada-loksa-50-cm-sosna-andersen-biala-dab-grandson","status":"publish","type":"product","link":"https:\/\/baldumarket.lt\/lt\/product\/szafka-nocna-z-szuflada-loksa-50-cm-sosna-andersen-biala-dab-grandson\/","title":{"rendered":"LOKSA naktinis staliukas su stal\u010diumi, 50 cm, Anderseno pu\u0161is, balta\/An\u016bkas \u0105\u017euolas"},"content":{"rendered":"<p>\u201eLoksa\u201c naktinis staliukas \u2013 prakti\u0161kas skandinavi\u0161ko stiliaus akcentas. \u201eLoksa\u201c naktinis staliukas \u2013 puikus pasirinkimas skandinavi\u0161ko stiliaus miegamajam. Jo \u201eGrandson Oak\u201c stalvir\u0161is dera su \u201eAndersen White Pine\u201c priekiu ir korpusu, sukurdamas darni\u0105 ir esteti\u0161kai patraukli\u0105 visum\u0105. Kontrastinga, paprasta rankena suteikia modernumo ir elegancijos. \u201eLoksa\u201c naktinio staliuko funkcionalumas buvo kruop\u0161\u010diai apgalvotas. Jame yra erdvus stal\u010dius ir didel\u0117 lentyna, taip pat erdvus stalvir\u0161is, puikiai tinkantis naktinei lempai, \u017eadintuvui ar stiklin\u0117ms. \u0160ios prakti\u0161kos savyb\u0117s u\u017etikrina, kad visi b\u016btini daiktai visada b\u016bt\u0173 ranka pasiekiami, tod\u0117l lengviau u\u017emigti nakt\u012f ir atsikelti ryte. \u201eLoksa\u201c naktinis staliukas yra ne tik funkcionalus, bet ir stilingas miegamojo baldas. Jo apgalvotas dizainas ir esteti\u0161ka apdaila suteiks j\u016bs\u0173 interjerui skandinavi\u0161ko \u017eavesio ir jaukumo. Atraskite kitus \u201eLoksa\u201c kolekcijos baldus ir sukurkite harmoning\u0105 savo miegamojo i\u0161d\u0117stym\u0105, kasdien m\u0117gaudamiesi elegancija ir komfortu.<\/p>\n<p>Prek\u0117s kodas S455-KOM1S-APW Plotis 55 cm Gylis 42,5 cm Auk\u0161tis 47,5 cm Kolekcija Loksa Spalva Anderseno pu\u0161is balta\/Grandson \u0105\u017euolas \u0160e\u0161\u0117lis \u0161viesi mediena Stilius Skandinavi\u0161kas Med\u017eiaga laminatas Dureli\u0173 skai\u010dius be dur\u0173 Stal\u010di\u0173 skai\u010dius 1 stal\u010dius Rankena su rankenomis Gamintojas Juoda Raudona Balta Baldo tipas Komodos PVM 23% EAN 5906123030908<\/p>","protected":false},"excerpt":{"rendered":"<p>\u201eLoksa\u201c naktinis staliukas \u2013 prakti\u0161kas skandinavi\u0161ko stiliaus akcentas. \u201eLoksa\u201c naktinis staliukas puikiai tinka skandinavi\u0161ko stiliaus miegamajam. Jo \u201eGrandson Oak\u201c stalvir\u0161is dera su \u201eAndersen White Pine\u201c priekiu ir korpusu, sukurdamas darni\u0105 ir esteti\u0161kai patraukli\u0105 visum\u0105. Kontrastinga, paprasta rankena suteikia modernumo ir elegancijos. Funkcionalumas [\u2026]<\/p>","protected":false},"featured_media":267675,"comment_status":"open","ping_status":"open","template":"","meta":[],"product_brand":[],"product_cat":[9200,1176],"product_tag":[],"class_list":{"0":"post-267674","1":"product","2":"type-product","3":"status-publish","4":"has-post-thumbnail","6":"product_cat-black-red-white","7":"product_cat-bedside-tables","9":"first","10":"instock","11":"purchasable","12":"product-type-simple"},"_links":{"self":[{"href":"https:\/\/baldumarket.lt\/lt\/wp-json\/wp\/v2\/product\/267674","targetHints":{"allow":["GET"]}}],"collection":[{"href":"https:\/\/baldumarket.lt\/lt\/wp-json\/wp\/v2\/product"}],"about":[{"href":"https:\/\/baldumarket.lt\/lt\/wp-json\/wp\/v2\/types\/product"}],"replies":[{"embeddable":true,"href":"https:\/\/baldumarket.lt\/lt\/wp-json\/wp\/v2\/comments?post=267674"}],"wp:featuredmedia":[{"embeddable":true,"href":"https:\/\/baldumarket.lt\/lt\/wp-json\/wp\/v2\/media\/267675"}],"wp:attachment":[{"href":"https:\/\/baldumarket.lt\/lt\/wp-json\/wp\/v2\/media?parent=267674"}],"wp:term":[{"taxonomy":"product_brand","embeddable":true,"href":"https:\/\/baldumarket.lt\/lt\/wp-json\/wp\/v2\/product_brand?post=267674"},{"taxonomy":"product_cat","embeddable":true,"href":"https:\/\/baldumarket.lt\/lt\/wp-json\/wp\/v2\/product_cat?post=267674"},{"taxonomy":"product_tag","embeddable":true,"href":"https:\/\/baldumarket.lt\/lt\/wp-json\/wp\/v2\/product_tag?post=267674"}],"curies":[{"name":"wp","href":"https:\/\/api.w.org\/{rel}","templated":true}]}}