{"id":267666,"date":"2026-01-14T00:42:05","date_gmt":"2026-01-13T21:42:05","guid":{"rendered":"https:\/\/baldumarket.lt\/product\/szafka-nocna-z-szuflada-lara-50-cm-jesion-belarus\/"},"modified":"2026-02-11T18:18:06","modified_gmt":"2026-02-11T15:18:06","slug":"szafka-nocna-z-szuflada-lara-50-cm-jesion-belarus","status":"publish","type":"product","link":"https:\/\/baldumarket.lt\/lt\/product\/szafka-nocna-z-szuflada-lara-50-cm-jesion-belarus\/","title":{"rendered":"LARA naktinis staliukas su stal\u010diumi, 50 cm, baltarusi\u0161kas uosis"},"content":{"rendered":"<p>Naktinis staliukas \u201eLara\u201c \u2013 prakti\u0161kas paauglio kambario papildymas. Kuriant paauglio kambar\u012f, svarbu rasti funkcionalumo ir stiliaus pusiausvyr\u0105. \u201eLara\u201c kolekcijoje si\u016blomi modern\u016bs ir lofto stiliaus baldai, kurie puikiai papildo \u0161i\u0105 koncepcij\u0105. Naktinis staliukas \u201eLara\u201c yra nepakei\u010diamas baldas paauglio kambaryje. J\u012f galite pastatyti \u0161alia lovos, taip u\u017etikrindami, kad prie\u0161 mieg\u0105 ir i\u0161kart po pabudimo visada tur\u0117site visk\u0105, ko reikia. Tai puiki vieta \u017eadintuvui, naktinio stalelio lempai, vaistams ar m\u0117gstamai knygai laikyti. Pasta\u010dius j\u012f \u0161alia stalo, atsiranda papildomos vietos daiktams susid\u0117ti, puikiai tinka ma\u017eam g\u0117li\u0173 vazonui, kuprinei ar rankinei. Naktinis staliukas \u201eLara\u201c \u017eavi savo apdaila. Nat\u016bralus Baltarusijos uosio fanera imituoja medienos gro\u017e\u012f, suteikdamas baldui jaukumo ir nat\u016bralumo. Unikalios aplikacijos ant stalvir\u0161io kra\u0161to ir pagrindo, taip pat prakti\u0161ka juoda rankena suteikia baldui i\u0161skirtin\u012f charakter\u012f ir stili\u0173. \u0160i\u0173 element\u0173 derinys daro naktin\u012f staliuk\u0105 ne tik prakti\u0161k\u0105, bet ir esteti\u0161kai patraukl\u0173. Vienas i\u0161 naktinio staliuko \u201eLara\u201c privalum\u0173 \u2013 tylus funkcionalumas. D\u0117l \u0161velnaus u\u017edarymo b\u0117geli\u0173 durel\u0117s u\u017esidaro beveik tyliai. Tai ypa\u010d svarbu paauglio miegamajame, kur svarbiausia yra ramus miegas ir susikaupimas mokantis. \u0160i naktin\u0117 staliukas paauglio kambariui puikiai dera su kitais \u201eLara\u201c kolekcijos baldais. J\u012f galite derinti su lova, ra\u0161omuoju stalu ir kitais elementais, taip sukurdami darn\u0173 ir ergonomi\u0161k\u0105 paauglio kambario i\u0161d\u0117stym\u0105. Tai pad\u0117s palaikyti tvark\u0105 ir stili\u0173 erdv\u0117je, kartu u\u017etikrinant patogum\u0105 ir b\u016btiniausi\u0173 daikt\u0173 prieinamum\u0105. Trumpai tariant, \u201eLara\u201c naktinis staliukas yra ne tik prakti\u0161kas baldas, bet ir dizaino elementas, suteikiantis interjerui individualumo ir stiliaus. Jis suteikia viet\u0105 laikyti ir eksponuoti asmeninius daiktus, kurie yra svarb\u016bs j\u016bs\u0173 vaikui. Pasirinkdami \u0161i\u0105 naktin\u0119 staliuk\u0105, investuojate ne tik \u012f funkcionalum\u0105, bet ir \u012f estetik\u0105 bei komfort\u0105 paauglio kambaryje. M\u0117gaukit\u0117s \u201eLara\u201c kolekcijos bald\u0173 gro\u017eiu ir funkcionalumu!<\/p>\n<p>Prek\u0117s kodas S463-KOM1S-JBE Simbolis ZM EAN Plotis 50 cm Gylis 40 cm Auk\u0161tis 40,5 cm Kolekcija Lara Spalva Baltarusijos uosis Gaubtas \u0161viesi mediena Stilius loft Med\u017eiaga laminatas Dur\u0173 skai\u010dius be dur\u0173 Stal\u010di\u0173 skai\u010dius 1 stal\u010dius Rankena su rankenomis Gamintojas Juoda Raudona Balta Baldo tipas Komodos PVM 23% EAN 5906123607834<\/p>","protected":false},"excerpt":{"rendered":"<p>Naktinis staliukas \u201eLara\u201c \u2013 prakti\u0161kas paauglio kambario papildymas. Kuriant paauglio kambar\u012f, svarbu rasti funkcionalumo ir stiliaus pusiausvyr\u0105. \u201eLara\u201c kolekcijoje si\u016blomi modern\u016bs ir lofto stiliaus baldai, kurie puikiai papildo \u0161i\u0105 koncepcij\u0105. Naktinis staliukas \u201eLara\u201c yra nepakei\u010diamas baldas paauglio kambaryje. Galite pastatyti [\u2026]<\/p>","protected":false},"featured_media":267667,"comment_status":"open","ping_status":"open","template":"","meta":[],"product_brand":[],"product_cat":[9200,1176],"product_tag":[],"class_list":{"0":"post-267666","1":"product","2":"type-product","3":"status-publish","4":"has-post-thumbnail","6":"product_cat-black-red-white","7":"product_cat-bedside-tables","9":"first","10":"instock","11":"purchasable","12":"product-type-simple"},"_links":{"self":[{"href":"https:\/\/baldumarket.lt\/lt\/wp-json\/wp\/v2\/product\/267666","targetHints":{"allow":["GET"]}}],"collection":[{"href":"https:\/\/baldumarket.lt\/lt\/wp-json\/wp\/v2\/product"}],"about":[{"href":"https:\/\/baldumarket.lt\/lt\/wp-json\/wp\/v2\/types\/product"}],"replies":[{"embeddable":true,"href":"https:\/\/baldumarket.lt\/lt\/wp-json\/wp\/v2\/comments?post=267666"}],"wp:featuredmedia":[{"embeddable":true,"href":"https:\/\/baldumarket.lt\/lt\/wp-json\/wp\/v2\/media\/267667"}],"wp:attachment":[{"href":"https:\/\/baldumarket.lt\/lt\/wp-json\/wp\/v2\/media?parent=267666"}],"wp:term":[{"taxonomy":"product_brand","embeddable":true,"href":"https:\/\/baldumarket.lt\/lt\/wp-json\/wp\/v2\/product_brand?post=267666"},{"taxonomy":"product_cat","embeddable":true,"href":"https:\/\/baldumarket.lt\/lt\/wp-json\/wp\/v2\/product_cat?post=267666"},{"taxonomy":"product_tag","embeddable":true,"href":"https:\/\/baldumarket.lt\/lt\/wp-json\/wp\/v2\/product_tag?post=267666"}],"curies":[{"name":"wp","href":"https:\/\/api.w.org\/{rel}","templated":true}]}}