{"id":267658,"date":"2026-01-14T00:41:54","date_gmt":"2026-01-13T21:41:54","guid":{"rendered":"https:\/\/baldumarket.lt\/product\/szafka-nocna-z-szuflada-kent-56-cm-kasztan\/"},"modified":"2026-02-11T18:18:06","modified_gmt":"2026-02-11T15:18:06","slug":"szafka-nocna-z-szuflada-kent-56-cm-kasztan","status":"publish","type":"product","link":"https:\/\/baldumarket.lt\/lt\/product\/szafka-nocna-z-szuflada-kent-56-cm-kasztan\/","title":{"rendered":"KENT naktinis staliukas su stal\u010diumi, 56 cm, ka\u0161tono spalvos"},"content":{"rendered":"<p>\u201eKent\u201c naktinis staliukas \u2013 j\u016bs\u0173 ryto k\u016br\u0117jas. Pagrindiniai \u201eKent\u201c modulin\u0117s kolekcijos bruo\u017eai \u2013 eleganti\u0161ka i\u0161vaizda ir nesenstantis gro\u017eis. Kad rytai b\u016bt\u0173 jaukesni, b\u016btina lengvai pasiekti \u017eadintuv\u0105 ir stiklin\u0119 vandens. \u201eKent\u201c naktinis staliukas puikiai atlieka \u0161\u012f vaidmen\u012f. Jis suteikia prakti\u0161kos erdv\u0117s su patogiu stal\u010diumi ir atvira lentyna, kurioje galite laikyti nieku\u010dius, kosmetik\u0105 ar m\u0117gstam\u0105 knyg\u0105. Bald\u0173 sistemoje naudojama i\u0161skirtin\u0117 fanera puikiai perteikia nat\u016bral\u0173 neapdorotos medienos charakter\u012f ir strukt\u016br\u0105, o \u012fsp\u016bding\u0105 bald\u0173 i\u0161vaizd\u0105 lemia \u0161iltas ka\u0161toninis atspalvis. Eleganti\u0161kos, dekoratyvios ranken\u0117l\u0117s ir rai\u017eyti antgaliai suteikia \u201eKent\u201c naktiniam staliukui nesenstant\u012f vaizd\u0105. Jis puikiai atrodo derinamas su tos pa\u010dios kolekcijos lova. Papild\u0119 \u0161\u012f duet\u0105 funkcionalia komoda ir prakti\u0161ka spinta, sukursite tobul\u0105 miegamojo interjer\u0105.<\/p>\n<p>Prek\u0117s kodas S10-EKOM1S-KA Simbolis ZM EAN Plotis 56,5 cm Gylis 38,5 cm Auk\u0161tis 52,5 cm Kolekcija Kent Spalva ka\u0161tonin\u0117 Atspalvis tamsi mediena Stilius klasikinis Med\u017eiaga laminatas Dureli\u0173 skai\u010dius be dur\u0173 Stal\u010di\u0173 skai\u010dius 1 stal\u010dius Rankena su rankenomis Gamintojas Juoda Raudona Balta Baldo tipas Komodos PVM 23% EAN 5906123881975<\/p>","protected":false},"excerpt":{"rendered":"<p>\u201eKent\u201c naktinis staliukas \u2013 j\u016bs\u0173 ryto k\u016br\u0117jas. Pagrindiniai \u201eKent\u201c modulin\u0117s kolekcijos bruo\u017eai \u2013 eleganti\u0161ka i\u0161vaizda ir nesenstantis gro\u017eis. Kad rytai b\u016bt\u0173 jaukesni, b\u016btina lengvai pasiekti \u017eadintuv\u0105 ir stiklin\u0119 vandens. \u201eKent\u201c naktinis staliukas puikiai atlieka \u0161\u012f vaidmen\u012f. Jis suteikia prakti\u0161k\u0105 erdv\u0119 su patogiu [\u2026]<\/p>","protected":false},"featured_media":267659,"comment_status":"open","ping_status":"open","template":"","meta":[],"product_brand":[],"product_cat":[9200,1176],"product_tag":[],"class_list":{"0":"post-267658","1":"product","2":"type-product","3":"status-publish","4":"has-post-thumbnail","6":"product_cat-black-red-white","7":"product_cat-bedside-tables","9":"first","10":"instock","11":"purchasable","12":"product-type-simple"},"_links":{"self":[{"href":"https:\/\/baldumarket.lt\/lt\/wp-json\/wp\/v2\/product\/267658","targetHints":{"allow":["GET"]}}],"collection":[{"href":"https:\/\/baldumarket.lt\/lt\/wp-json\/wp\/v2\/product"}],"about":[{"href":"https:\/\/baldumarket.lt\/lt\/wp-json\/wp\/v2\/types\/product"}],"replies":[{"embeddable":true,"href":"https:\/\/baldumarket.lt\/lt\/wp-json\/wp\/v2\/comments?post=267658"}],"wp:featuredmedia":[{"embeddable":true,"href":"https:\/\/baldumarket.lt\/lt\/wp-json\/wp\/v2\/media\/267659"}],"wp:attachment":[{"href":"https:\/\/baldumarket.lt\/lt\/wp-json\/wp\/v2\/media?parent=267658"}],"wp:term":[{"taxonomy":"product_brand","embeddable":true,"href":"https:\/\/baldumarket.lt\/lt\/wp-json\/wp\/v2\/product_brand?post=267658"},{"taxonomy":"product_cat","embeddable":true,"href":"https:\/\/baldumarket.lt\/lt\/wp-json\/wp\/v2\/product_cat?post=267658"},{"taxonomy":"product_tag","embeddable":true,"href":"https:\/\/baldumarket.lt\/lt\/wp-json\/wp\/v2\/product_tag?post=267658"}],"curies":[{"name":"wp","href":"https:\/\/api.w.org\/{rel}","templated":true}]}}